{"id":1803,"date":"2022-04-19T15:26:50","date_gmt":"2022-04-19T12:26:50","guid":{"rendered":"https:\/\/massagespa.gr\/?page_id=1803"},"modified":"2022-04-20T11:32:09","modified_gmt":"2022-04-20T08:32:09","slug":"terms-conditions","status":"publish","type":"page","link":"https:\/\/massagespa.gr\/es\/terms-conditions\/","title":{"rendered":"T\u00c9RMINOS Y CONDICIONES"},"content":{"rendered":"<p> <img loading=\"lazy\" decoding=\"async\" src=\"https:\/\/massagespa.gr\/wp-content\/uploads\/2018\/07\/home-massage-athens-555x416.jpg\" alt=\"\" width=\"390\" height=\"320\" class=\"alignleft size-medium wp-image-476\" \/> <br\/> Toda la informaci\u00f3n, los enlaces y los videos proporcionados en este sitio web son solo para fines informativos. <\/p>\n<p>Ninguna informaci\u00f3n o material proporcionado en este sitio web puede sustituir el asesoramiento m\u00e9dico profesional o la terapia\/tratamiento m\u00e9dico.<\/p>\n<p>Si te enfrentas a cualquier tipo de problema m\u00e9dico o de salud, te recomendamos que consultes a un m\u00e9dico, nutricionista o terapeuta calificado.<\/p>\n<p>Los propietarios de este sitio web no tienen ninguna responsabilidad en la forma en que el material, informaci\u00f3n presentada es interpretada o utilizada por los espectadores.<\/p>\n","protected":false},"excerpt":{"rendered":"<p>Toda la informaci\u00f3n, los enlaces y los videos proporcionados en este sitio web son solo para fines informativos. Ninguna informaci\u00f3n o material proporcionado en este sitio web puede sustituir el asesoramiento m\u00e9dico profesional o la terapia\/tratamiento m\u00e9dico. Si te enfrentas a cualquier tipo de problema m\u00e9dico o de salud, te recomendamos que consultes a un [&hellip;]<\/p>\n","protected":false},"author":2,"featured_media":0,"parent":0,"menu_order":0,"comment_status":"closed","ping_status":"closed","template":"","meta":{"_acf_changed":false,"footnotes":""},"class_list":["post-1803","page","type-page","status-publish","hentry"],"acf":[],"yoast_head":"<!-- This site is optimized with the Yoast SEO plugin v24.7 - https:\/\/yoast.com\/wordpress\/plugins\/seo\/ -->\n<title>T\u00c9RMINOS Y CONDICIONES - Massage Spa<\/title>\n<meta name=\"robots\" content=\"index, follow, max-snippet:-1, max-image-preview:large, max-video-preview:-1\" \/>\n<link rel=\"canonical\" href=\"https:\/\/massagespa.gr\/oroi-proipotheseis\/\" \/>\n<meta property=\"og:locale\" content=\"es_ES\" \/>\n<meta property=\"og:type\" content=\"article\" \/>\n<meta property=\"og:title\" content=\"60\" \/>\n<meta property=\"og:description\" content=\"false\" \/>\n<meta property=\"og:url\" content=\"https:\/\/massagespa.gr\/oroi-proipotheseis\/\" \/>\n<meta property=\"og:site_name\" content=\"Massage Spa\" \/>\n<meta property=\"article:modified_time\" content=\"2022-04-20T08:32:09+00:00\" \/>\n<meta name=\"twitter:card\" content=\"summary_large_image\" \/>\n<meta name=\"twitter:title\" content=\"Terms &amp; Conditions\" \/>\n<meta name=\"twitter:description\" content=\"All of the information, the links and the videos provided within this website are for informational purposes only.\" \/>\n<meta name=\"twitter:image\" content=\"https:\/\/massagespa.gr\/wp-content\/uploads\/2018\/07\/home-massage-athens-555x416.jpg\" \/>\n<script type=\"application\/ld+json\" class=\"yoast-schema-graph\">{\"@context\":\"https:\/\/schema.org\",\"@graph\":[{\"@type\":\"WebPage\",\"@id\":\"https:\/\/massagespa.gr\/oroi-proipotheseis\/\",\"url\":\"https:\/\/massagespa.gr\/oroi-proipotheseis\/\",\"name\":\"T\u00c9RMINOS Y CONDICIONES - Massage Spa\",\"isPartOf\":{\"@id\":\"https:\/\/massagespa.gr\/#website\"},\"primaryImageOfPage\":{\"@id\":\"https:\/\/massagespa.gr\/oroi-proipotheseis\/#primaryimage\"},\"image\":{\"@id\":\"https:\/\/massagespa.gr\/oroi-proipotheseis\/#primaryimage\"},\"thumbnailUrl\":\"https:\/\/massagespa.gr\/wp-content\/uploads\/2018\/07\/home-massage-athens-555x416.jpg\",\"datePublished\":\"2022-04-19T12:26:50+00:00\",\"dateModified\":\"2022-04-20T08:32:09+00:00\",\"breadcrumb\":{\"@id\":\"https:\/\/massagespa.gr\/oroi-proipotheseis\/#breadcrumb\"},\"inLanguage\":\"es\",\"potentialAction\":[{\"@type\":\"ReadAction\",\"target\":[\"https:\/\/massagespa.gr\/oroi-proipotheseis\/\"]}]},{\"@type\":\"ImageObject\",\"inLanguage\":\"es\",\"@id\":\"https:\/\/massagespa.gr\/oroi-proipotheseis\/#primaryimage\",\"url\":\"https:\/\/massagespa.gr\/wp-content\/uploads\/2018\/07\/home-massage-athens-555x416.jpg\",\"contentUrl\":\"https:\/\/massagespa.gr\/wp-content\/uploads\/2018\/07\/home-massage-athens-555x416.jpg\"},{\"@type\":\"BreadcrumbList\",\"@id\":\"https:\/\/massagespa.gr\/oroi-proipotheseis\/#breadcrumb\",\"itemListElement\":[{\"@type\":\"ListItem\",\"position\":1,\"name\":\"Home\",\"item\":\"https:\/\/massagespa.gr\/es\/\"},{\"@type\":\"ListItem\",\"position\":2,\"name\":\"T\u00c9RMINOS Y CONDICIONES\"}]},{\"@type\":\"WebSite\",\"@id\":\"https:\/\/massagespa.gr\/#website\",\"url\":\"https:\/\/massagespa.gr\/\",\"name\":\"Massage Spa\",\"description\":\"\u039c\u03b1\u03c3\u03ac\u03b6 \u03c3\u03c4\u03bf \u03c3\u03c0\u03af\u03c4\u03b9 \u03c3\u03c4\u03b7\u03bd \u0391\u03b8\u03ae\u03bd\u03b1\",\"publisher\":{\"@id\":\"https:\/\/massagespa.gr\/#organization\"},\"potentialAction\":[{\"@type\":\"SearchAction\",\"target\":{\"@type\":\"EntryPoint\",\"urlTemplate\":\"https:\/\/massagespa.gr\/?s={search_term_string}\"},\"query-input\":{\"@type\":\"PropertyValueSpecification\",\"valueRequired\":true,\"valueName\":\"search_term_string\"}}],\"inLanguage\":\"es\"},{\"@type\":\"Organization\",\"@id\":\"https:\/\/massagespa.gr\/#organization\",\"name\":\"Massage Spa\",\"url\":\"https:\/\/massagespa.gr\/\",\"logo\":{\"@type\":\"ImageObject\",\"inLanguage\":\"es\",\"@id\":\"https:\/\/massagespa.gr\/#\/schema\/logo\/image\/\",\"url\":\"https:\/\/massagespa.gr\/wp-content\/uploads\/2023\/03\/massage-spa-official-logo.png\",\"contentUrl\":\"https:\/\/massagespa.gr\/wp-content\/uploads\/2023\/03\/massage-spa-official-logo.png\",\"width\":531,\"height\":129,\"caption\":\"Massage Spa\"},\"image\":{\"@id\":\"https:\/\/massagespa.gr\/#\/schema\/logo\/image\/\"}}]}<\/script>\n<!-- \/ Yoast SEO plugin. -->","yoast_head_json":{"title":"T\u00c9RMINOS Y CONDICIONES - Massage Spa","robots":{"index":"index","follow":"follow","max-snippet":"max-snippet:-1","max-image-preview":"max-image-preview:large","max-video-preview":"max-video-preview:-1"},"canonical":"https:\/\/massagespa.gr\/oroi-proipotheseis\/","og_locale":"es_ES","og_type":"article","og_title":"60","og_description":"false","og_url":"https:\/\/massagespa.gr\/oroi-proipotheseis\/","og_site_name":"Massage Spa","article_modified_time":"2022-04-20T08:32:09+00:00","twitter_card":"summary_large_image","twitter_title":"Terms & Conditions","twitter_description":"All of the information, the links and the videos provided within this website are for informational purposes only.","twitter_image":"https:\/\/massagespa.gr\/wp-content\/uploads\/2018\/07\/home-massage-athens-555x416.jpg","schema":{"@context":"https:\/\/schema.org","@graph":[{"@type":"WebPage","@id":"https:\/\/massagespa.gr\/oroi-proipotheseis\/","url":"https:\/\/massagespa.gr\/oroi-proipotheseis\/","name":"T\u00c9RMINOS Y CONDICIONES - Massage Spa","isPartOf":{"@id":"https:\/\/massagespa.gr\/#website"},"primaryImageOfPage":{"@id":"https:\/\/massagespa.gr\/oroi-proipotheseis\/#primaryimage"},"image":{"@id":"https:\/\/massagespa.gr\/oroi-proipotheseis\/#primaryimage"},"thumbnailUrl":"https:\/\/massagespa.gr\/wp-content\/uploads\/2018\/07\/home-massage-athens-555x416.jpg","datePublished":"2022-04-19T12:26:50+00:00","dateModified":"2022-04-20T08:32:09+00:00","breadcrumb":{"@id":"https:\/\/massagespa.gr\/oroi-proipotheseis\/#breadcrumb"},"inLanguage":"es","potentialAction":[{"@type":"ReadAction","target":["https:\/\/massagespa.gr\/oroi-proipotheseis\/"]}]},{"@type":"ImageObject","inLanguage":"es","@id":"https:\/\/massagespa.gr\/oroi-proipotheseis\/#primaryimage","url":"https:\/\/massagespa.gr\/wp-content\/uploads\/2018\/07\/home-massage-athens-555x416.jpg","contentUrl":"https:\/\/massagespa.gr\/wp-content\/uploads\/2018\/07\/home-massage-athens-555x416.jpg"},{"@type":"BreadcrumbList","@id":"https:\/\/massagespa.gr\/oroi-proipotheseis\/#breadcrumb","itemListElement":[{"@type":"ListItem","position":1,"name":"Home","item":"https:\/\/massagespa.gr\/es\/"},{"@type":"ListItem","position":2,"name":"T\u00c9RMINOS Y CONDICIONES"}]},{"@type":"WebSite","@id":"https:\/\/massagespa.gr\/#website","url":"https:\/\/massagespa.gr\/","name":"Massage Spa","description":"\u039c\u03b1\u03c3\u03ac\u03b6 \u03c3\u03c4\u03bf \u03c3\u03c0\u03af\u03c4\u03b9 \u03c3\u03c4\u03b7\u03bd \u0391\u03b8\u03ae\u03bd\u03b1","publisher":{"@id":"https:\/\/massagespa.gr\/#organization"},"potentialAction":[{"@type":"SearchAction","target":{"@type":"EntryPoint","urlTemplate":"https:\/\/massagespa.gr\/?s={search_term_string}"},"query-input":{"@type":"PropertyValueSpecification","valueRequired":true,"valueName":"search_term_string"}}],"inLanguage":"es"},{"@type":"Organization","@id":"https:\/\/massagespa.gr\/#organization","name":"Massage Spa","url":"https:\/\/massagespa.gr\/","logo":{"@type":"ImageObject","inLanguage":"es","@id":"https:\/\/massagespa.gr\/#\/schema\/logo\/image\/","url":"https:\/\/massagespa.gr\/wp-content\/uploads\/2023\/03\/massage-spa-official-logo.png","contentUrl":"https:\/\/massagespa.gr\/wp-content\/uploads\/2023\/03\/massage-spa-official-logo.png","width":531,"height":129,"caption":"Massage Spa"},"image":{"@id":"https:\/\/massagespa.gr\/#\/schema\/logo\/image\/"}}]}},"_links":{"self":[{"href":"https:\/\/massagespa.gr\/es\/wp-json\/wp\/v2\/pages\/1803","targetHints":{"allow":["GET"]}}],"collection":[{"href":"https:\/\/massagespa.gr\/es\/wp-json\/wp\/v2\/pages"}],"about":[{"href":"https:\/\/massagespa.gr\/es\/wp-json\/wp\/v2\/types\/page"}],"author":[{"embeddable":true,"href":"https:\/\/massagespa.gr\/es\/wp-json\/wp\/v2\/users\/2"}],"replies":[{"embeddable":true,"href":"https:\/\/massagespa.gr\/es\/wp-json\/wp\/v2\/comments?post=1803"}],"version-history":[{"count":3,"href":"https:\/\/massagespa.gr\/es\/wp-json\/wp\/v2\/pages\/1803\/revisions"}],"predecessor-version":[{"id":1873,"href":"https:\/\/massagespa.gr\/es\/wp-json\/wp\/v2\/pages\/1803\/revisions\/1873"}],"wp:attachment":[{"href":"https:\/\/massagespa.gr\/es\/wp-json\/wp\/v2\/media?parent=1803"}],"curies":[{"name":"wp","href":"https:\/\/api.w.org\/{rel}","templated":true}]}}