{"id":1814,"date":"2022-04-19T15:37:08","date_gmt":"2022-04-19T12:37:08","guid":{"rendered":"https:\/\/massagespa.gr\/?page_id=1814"},"modified":"2023-05-15T12:11:51","modified_gmt":"2023-05-15T09:11:51","slug":"online-booking","status":"publish","type":"page","link":"https:\/\/massagespa.gr\/es\/online-booking\/","title":{"rendered":"RESERVA ONLINE"},"content":{"rendered":"<blockquote><p><small>Para reservar un masaje ll\u00e1manos al <strong><a href=\"tel:+302118000310\">+30 211 8000 310<\/a><\/strong> o rellena el siguiente formulario.\nAlternativamente, puedes enviarnos un mensaje de texto en <strong><a href=\"https:\/\/wa.me\/302118000310\" target=\"_blank\" rel=\"noopener noreferrer\">WhatsApp<\/a><\/strong>.<\/small><\/p><\/blockquote>\n<p><div role=\"form\" class=\"wpcf7\" id=\"wpcf7-f1853-o1\" lang=\"en-US\" dir=\"ltr\">\n<div class=\"screen-reader-response\"><p role=\"status\" aria-live=\"polite\" aria-atomic=\"true\"><\/p> <ul><\/ul><\/div>\n<form action=\"\/es\/wp-json\/wp\/v2\/pages\/1814#wpcf7-f1853-o1\" method=\"post\" class=\"wpcf7-form init\" novalidate=\"novalidate\" data-status=\"init\">\n<div style=\"display: none;\">\n<input type=\"hidden\" name=\"_wpcf7\" value=\"1853\" \/>\n<input type=\"hidden\" name=\"_wpcf7_version\" value=\"5.6.4\" \/>\n<input type=\"hidden\" name=\"_wpcf7_locale\" value=\"en_US\" \/>\n<input type=\"hidden\" name=\"_wpcf7_unit_tag\" value=\"wpcf7-f1853-o1\" \/>\n<input type=\"hidden\" name=\"_wpcf7_container_post\" value=\"0\" \/>\n<input type=\"hidden\" name=\"_wpcf7_posted_data_hash\" value=\"\" \/>\n<input type=\"hidden\" name=\"_wpcf7_recaptcha_response\" value=\"\" \/>\n<\/div>\n<div class=\"row\">\n\n\t<div class=\"col-md-6 col-12\">\n\t\t<p style=\"margin-bottom: 15px;\"><b><u>Informaci\u00f3n del cliente<\/u><\/b><\/p>\n\t\t<p><label> Nombre & Apellido (*)<\/label>\n\t\t    <span class=\"wpcf7-form-control-wrap\" data-name=\"your-name\"><input type=\"text\" name=\"your-name\" value=\"\" size=\"40\" class=\"wpcf7-form-control wpcf7-text wpcf7-validates-as-required\" aria-required=\"true\" aria-invalid=\"false\" \/><\/span> <\/p>\n\t\t<p><label> Tel\u00e9fono (*)<\/label>\n\t\t    <span class=\"wpcf7-form-control-wrap\" data-name=\"phonetext-782\"><input type=\"text\" name=\"phonetext-782\" value=\"\" size=\"40\" minlength=\"8\" class=\"wpcf7-form-control wpcf7-text wpcf7-phonetext wpcf7-validates-as-required wpcf7-validates-as-phonetext\" aria-required=\"true\" aria-invalid=\"false\" \/><input type=\"hidden\" name=\"phonetext-782-country-code\" class=\"wpcf7-phonetext-country-code\" \/><\/span> <\/p>\n\t\t<p><label> Tu correo electr\u00f3nico  (*)\n\t\t    <span class=\"wpcf7-form-control-wrap\" data-name=\"your-email\"><input type=\"email\" name=\"your-email\" value=\"\" size=\"40\" class=\"wpcf7-form-control wpcf7-text wpcf7-email wpcf7-validates-as-required wpcf7-validates-as-email\" aria-required=\"true\" aria-invalid=\"false\" \/><\/span> <\/label><\/p>\n\n\t<\/div>\n\n\t<div class=\"col-md-6 col-12\">\n\t\t<p style=\"margin-bottom: 15px;\"><b><u>Fecha y hora de la sesi\u00f3n<\/u><\/b><\/p>\n\t\t<p><label> Fecha (*) <\/label>\n\t\t\t<span class=\"wpcf7-form-control-wrap\" data-name=\"your-arrival\"><input type=\"date\" name=\"your-arrival\" value=\"\" class=\"wpcf7-form-control wpcf7-date wpcf7-validates-as-required wpcf7-validates-as-date\" aria-required=\"true\" aria-invalid=\"false\" \/><\/span> <\/p>\n\t\t<p><label> Hora (*)<\/label>\n\t\t\t<span class=\"wpcf7-form-control-wrap\" data-name=\"menu-219\"><select name=\"menu-219\" class=\"wpcf7-form-control wpcf7-select wpcf7-validates-as-required\" aria-required=\"true\" aria-invalid=\"false\"><option value=\"09:00\">09:00<\/option><option value=\"09:30\">09:30<\/option><option value=\"10:00\">10:00<\/option><option value=\"10:30\">10:30<\/option><option value=\"11:00\">11:00<\/option><option value=\"11:30\">11:30<\/option><option value=\"12:00\">12:00<\/option><option value=\"12:30\">12:30<\/option><option value=\"13:00\">13:00<\/option><option value=\"13:30\">13:30<\/option><option value=\"14:00\">14:00<\/option><option value=\"14:30\">14:30<\/option><option value=\"15:00\">15:00<\/option><option value=\"15:30\">15:30<\/option><option value=\"16:00\">16:00<\/option><option value=\"16:30\">16:30<\/option><option value=\"17:00\">17:00<\/option><option value=\"17:30\">17:30<\/option><option value=\"18:00\">18:00<\/option><option value=\"18:30\">18:30<\/option><option value=\"19:00\">19:00<\/option><option value=\"19:30\">19:30<\/option><option value=\"20:00\">20:00<\/option><option value=\"20:30\">20:30<\/option><option value=\"21:00\">21:00<\/option><option value=\"21:30\">21:30<\/option><option value=\"22:00\">22:00<\/option><\/select><\/span> <\/p>\n\t\t<p>\n\t\t\t<label> Duraci\u00f3n (*)<\/label>\n\t\t\t\t<select name=\"mssgtime\" id=\"mssgtimeSelect\" onchange=\"meetsosFunctionenglish()\">\n\t\t\t\t<option value=\"1 hora\">1 hora<\/option>\n\t\t\t\t<option value=\"1,5 hora\">1,5 hora<\/option>\n\t\t\t\t<option value=\"2 horas\">2 horas<\/option>\n\t\t\t\t<\/select>\n\t\t<\/p>\n\t<\/div>\n\n<\/div>\n\n<div style=\"margin-bottom: 60px;\"><\/div>\t\t\t\t\t\t\t\t\t\t\n\n<div class=\"row\">\n\n\t<div class=\"col-md-6 col-12\">\n\t\t<p style=\"margin-bottom: 10px;\"><b><u>Ubicaci\u00f3n de la sesi\u00f3n<\/u><\/b><\/p>\n\t\t<p><label> \u00c1rea (*)\n\t\t    <span class=\"wpcf7-form-control-wrap\" data-name=\"perioxi\"><input type=\"text\" name=\"perioxi\" value=\"\" size=\"40\" class=\"wpcf7-form-control wpcf7-text wpcf7-validates-as-required\" aria-required=\"true\" aria-invalid=\"false\" \/><\/span> <\/label><\/p>\n\t\t<p><label> Direcci\u00f3n\n\t\t    <span class=\"wpcf7-form-control-wrap\" data-name=\"diefthinsi\"><input type=\"text\" name=\"diefthinsi\" value=\"\" size=\"40\" class=\"wpcf7-form-control wpcf7-text\" aria-invalid=\"false\" \/><\/span> <\/label><\/p>\n\t\t<p><label> Nombre del Hotel\n\t\t    <span class=\"wpcf7-form-control-wrap\" data-name=\"hotel\"><input type=\"text\" name=\"hotel\" value=\"\" size=\"40\" class=\"wpcf7-form-control wpcf7-text\" aria-invalid=\"false\" \/><\/span> <\/label><\/p>\n\t\t<p><label> N\u00famero de habitaci\u00f3n o timbre (*)\n\t\t    <span class=\"wpcf7-form-control-wrap\" data-name=\"koudouni\"><input type=\"text\" name=\"koudouni\" value=\"\" size=\"40\" class=\"wpcf7-form-control wpcf7-text wpcf7-validates-as-required\" aria-required=\"true\" aria-invalid=\"false\" \/><\/span> <\/label><\/p>\n\t\t<p><label> Piso (*)\n\t\t    <span class=\"wpcf7-form-control-wrap\" data-name=\"orofos\"><input type=\"text\" name=\"orofos\" value=\"\" size=\"40\" class=\"wpcf7-form-control wpcf7-text wpcf7-validates-as-required\" aria-required=\"true\" aria-invalid=\"false\" \/><\/span> <\/label><\/p>\n\t\t<p><label> C\u00f3digo de Cup\u00f3n \/ Comentarios Adicionales\n\t\t\t<span class=\"wpcf7-form-control-wrap\" data-name=\"sxolia\"><textarea name=\"sxolia\" cols=\"20\" rows=\"5\" class=\"wpcf7-form-control wpcf7-textarea\" aria-invalid=\"false\"><\/textarea><\/span> <\/label><\/p>\n\t<\/div>\n\n\t<div class=\"col-md-6 col-12\">\n\t\t<p style=\"margin-bottom: 15px;\"><b><u>Tipo de Terapia<\/u><\/b><\/p>\n\t\t<p><label> Tipo de Terapia\n\t\t\t<select name='cursus2' id='cursus2' onchange='document.getElementById(\"cursus2\").value=this.value;'><option><\/option><option value='Drenaje linf\u00e1tico'> Drenaje linf\u00e1tico <\/option><option value='Reiki'> Reiki <\/option><option value='Aromaterapia'> Aromaterapia <\/option><option value='Masaje para embarazadas'> Masaje para embarazadas <\/option><option value='Ashiatsu &#8211; Barefoot'> Ashiatsu &#8211; Barefoot <\/option><option value='Shiatsu'> Shiatsu <\/option><option value='Anticelul\u00edtico'> Anticelul\u00edtico <\/option><option value='Masaje de tejido profundo'> Masaje de tejido profundo <\/option><option value='Ancient Greek Massage'> Ancient Greek Massage <\/option><option value='Deportivo'> Deportivo <\/option><option value='Masaje con ventosas'> Masaje con ventosas <\/option><option value='Tailand\u00e9s'> Tailand\u00e9s <\/option><option value='Chocotherapy'> Chocotherapy <\/option><option value='Reflexolog\u00eda'> Reflexolog\u00eda <\/option><option value='Masaje rejuvenecimiento facial'> Masaje rejuvenecimiento facial <\/option><option value='Ayurv\u00e9dico'> Ayurv\u00e9dico <\/option><option value='Hol\u00edstico'> Hol\u00edstico <\/option><option value='Hot Stones'> Hot Stones <\/option><option value='Sueco'> Sueco <\/option><\/select> <\/label><\/p>\n\t\t<p>\t<label> Tipo de masaje <\/label>\n\t\t\t<select name=\"mssgplc\" id=\"mssgplcSelect\" onchange=\"meetsosFunction()\">\n\t\t\t\t<option value=\"Masaje en casa\/hotel\">Masaje en casa\/hotel<\/option>\n\t\t\t\t<option value=\"Masaje en yate\">Masaje en yate<\/option>\n\t\t\t\t<option value=\"Masaje a 4 manos\">Masaje a 4 manos<\/option>\n\t\t\t\t<option value=\"Masaje en pareja con 1 terapeuta\">Masaje en pareja con 1 terapeuta<\/option>\n\t\t\t\t<option value=\"Masaje en pareja con 2 terapeutas\">Masaje en pareja con 2 terapeutas<\/option>\n\t\t\t<\/select>\n\t\t<\/p>\n\t\t<p id=\"selectherapist\"><label> Selecciona terapeuta. Elije los que te interesa.\n\t\t\t<div class=\"therapist_selection row\"><div class=\"col-xl-3 col-lg-4 col-md-6 col-sm-6 col-6\"><div class=\"selectherap1\">\n<input type=\"checkbox\" id=\"Cualquier mujer\" name=\"cursus[]\" value=\"Cualquier mujer\"\/>\n\t\t\t\t<label for=\"Cualquier mujer\">\n\t\t\t\t  <img decoding=\"async\" src=\"\/images\/any-woman.png\" title=\"Cualquier mujer\">\n\t\t\t\t<p>Cualquier mujer<\/p>\n\t\t\t\t<\/label>\n\t\t\t\t<\/div><\/div>\n\t\t\t\t<div class=\"col-xl-3 col-lg-4 col-md-6 col-sm-6 col-6\"><div class=\"selectherap2\">\n\t\t\t\t<input type=\"checkbox\" id=\"Cualquier hombre\" name=\"cursus[]\" value=\"Cualquier hombre\"\/>\n\t\t\t\t<label for=\"Cualquier hombre\">\n\t\t\t\t  <img decoding=\"async\" src=\"\/images\/any-man.png\" title=\"Cualquier hombre\">\n\t\t\t\t<p>Cualquier hombre<\/p>\n\t\t\t\t<\/label>\n\t\t\t\t<\/div><\/div><div class=\"col-xl-3 col-lg-4 col-md-6 col-sm-6 col-6\">\n\t<div class=\"selectherap3\"><input type=\"checkbox\" id=\"Giouli\" name=\"cursus[]\" value=\"Giouli\"\/>\n\t\t\t\t<label for=\"Giouli\">\n\t\t\t\t  <img decoding=\"async\" src=\"https:\/\/massagespa.gr\/wp-content\/uploads\/2025\/03\/\u03bc\u03b1\u03c3\u03ac\u03b6-\u03c3\u03c4\u03bf-\u03c3\u03c0\u03af\u03c4\u03b9.png\" title=\"Giouli\">\n\t\t\t\t<p>Giouli<\/p>\n\t\t\t\t<\/label>\n\t\t\t\t<\/div><\/div><div class=\"col-xl-3 col-lg-4 col-md-6 col-sm-6 col-6\">\n\t<div class=\"selectherap3\"><input type=\"checkbox\" id=\"Georgia\" name=\"cursus[]\" value=\"Georgia\"\/>\n\t\t\t\t<label for=\"Georgia\">\n\t\t\t\t  <img decoding=\"async\" src=\"https:\/\/massagespa.gr\/wp-content\/uploads\/2025\/03\/masaz-kat-oikon-georgia.png\" title=\"Georgia\">\n\t\t\t\t<p>Georgia<\/p>\n\t\t\t\t<\/label>\n\t\t\t\t<\/div><\/div><div class=\"col-xl-3 col-lg-4 col-md-6 col-sm-6 col-6\">\n\t<div class=\"selectherap3\"><input type=\"checkbox\" id=\"Dimitris\" name=\"cursus[]\" value=\"Dimitris\"\/>\n\t\t\t\t<label for=\"Dimitris\">\n\t\t\t\t  <img decoding=\"async\" src=\"https:\/\/massagespa.gr\/wp-content\/uploads\/2023\/02\/massage_therapist_athens-dimitris.png\" title=\"Dimitris\">\n\t\t\t\t<p>Dimitris<\/p>\n\t\t\t\t<\/label>\n\t\t\t\t<\/div><\/div><div class=\"col-xl-3 col-lg-4 col-md-6 col-sm-6 col-6\">\n\t<div class=\"selectherap3\"><input type=\"checkbox\" id=\"Anastasia\" name=\"cursus[]\" value=\"Anastasia\"\/>\n\t\t\t\t<label for=\"Anastasia\">\n\t\t\t\t  <img decoding=\"async\" src=\"https:\/\/massagespa.gr\/wp-content\/uploads\/2023\/02\/massage-athina-anastasia.png\" title=\"Anastasia\">\n\t\t\t\t<p>Anastasia<\/p>\n\t\t\t\t<\/label>\n\t\t\t\t<\/div><\/div><div class=\"col-xl-3 col-lg-4 col-md-6 col-sm-6 col-6\">\n\t<div class=\"selectherap3\"><input type=\"checkbox\" id=\"Maria\" name=\"cursus[]\" value=\"Maria\"\/>\n\t\t\t\t<label for=\"Maria\">\n\t\t\t\t  <img decoding=\"async\" src=\"https:\/\/massagespa.gr\/wp-content\/uploads\/2023\/02\/personal-trainer-maria.png\" title=\"Maria\">\n\t\t\t\t<p>Maria<\/p>\n\t\t\t\t<\/label>\n\t\t\t\t<\/div><\/div><div class=\"col-xl-3 col-lg-4 col-md-6 col-sm-6 col-6\">\n\t<div class=\"selectherap3\"><input type=\"checkbox\" id=\"Philip\" name=\"cursus[]\" value=\"Philip\"\/>\n\t\t\t\t<label for=\"Philip\">\n\t\t\t\t  <img decoding=\"async\" src=\"https:\/\/massagespa.gr\/wp-content\/uploads\/2021\/06\/massage-sto-spiti-filippos.png\" title=\"Philip\">\n\t\t\t\t<p>Philip<\/p>\n\t\t\t\t<\/label>\n\t\t\t\t<\/div><\/div><div class=\"col-xl-3 col-lg-4 col-md-6 col-sm-6 col-6\">\n\t<div class=\"selectherap3\"><input type=\"checkbox\" id=\"Elena\" name=\"cursus[]\" value=\"Elena\"\/>\n\t\t\t\t<label for=\"Elena\">\n\t\t\t\t  <img decoding=\"async\" src=\"https:\/\/massagespa.gr\/wp-content\/uploads\/2023\/02\/masseuse-elena.png\" title=\"Elena\">\n\t\t\t\t<p>Elena<\/p>\n\t\t\t\t<\/label>\n\t\t\t\t<\/div><\/div><\/div> <\/label><\/p>\n\t<\/div>\n\n<p><input type=\"submit\" value=\"ENVIAR\" class=\"wpcf7-form-control has-spinner wpcf7-submit\" \/><\/p>\n\t\n<\/div>\n\n<p>* Campos obligatorios<\/p>\n\n<p>** Si la sesi\u00f3n de terapia tiene lugar en un hotel, aseg\u00farate de que nos has enviado el mismo apellido que has dejado en la recepci\u00f3n del hotel.<\/p><p style=\"display: none !important;\" class=\"akismet-fields-container\" data-prefix=\"_wpcf7_ak_\"><label>&#916;<textarea name=\"_wpcf7_ak_hp_textarea\" cols=\"45\" rows=\"8\" maxlength=\"100\"><\/textarea><\/label><input type=\"hidden\" id=\"ak_js_1\" name=\"_wpcf7_ak_js\" value=\"74\"\/><script>document.getElementById( \"ak_js_1\" ).setAttribute( \"value\", ( new Date() ).getTime() );<\/script><\/p><div class=\"wpcf7-response-output\" aria-hidden=\"true\"><\/div><\/form><\/div><\/p>\n<div id=\"PayPalMsg\" style=\"display: none;\">\n<blockquote><p>Gracias, su reserva ha sido enviada y nos pondremos en contacto con usted en breve para verificar su cita. A continuaci\u00f3n le ofrecemos la opci\u00f3n de completar su pago a trav\u00e9s de su tarjeta o mediante Paypal. Alternativamente, puede hacerlo en efectivo al final de la sesi\u00f3n de masaje.<\/p><\/blockquote>\n<div id=\"meetsospal\" style=\"text-align: center;\">\n<form action=\"https:\/\/www.paypal.com\/cgi-bin\/webscr\" method=\"post\" target=\"_top\"><input name=\"cmd\" type=\"hidden\" value=\"_s-xclick\" \/>\n<input id=\"ThePayPalId\" name=\"hosted_button_id\" type=\"hidden\" value=\"KNAKH8GJDVMSA\" \/>\n<input style=\"width: 165px; height: 65px;\" alt=\"PayPal - The safer, easier way to pay online!\" name=\"submit\" src=\"https:\/\/massagespa.gr\/wp-content\/uploads\/2021\/05\/pay-now-button.png\" type=\"image\" \/>\n<img loading=\"lazy\" decoding=\"async\" src=\"https:\/\/www.paypalobjects.com\/el_GR\/i\/scr\/pixel.gif\" alt=\"\" width=\"1\" height=\"1\" border=\"0\" \/><\/form>\n<\/div>\n<\/div>\n<style> #comments { display: none; } <\/style>\n","protected":false},"excerpt":{"rendered":"<p>Para reservar un masaje ll\u00e1manos al +30 211 8000 310 o rellena el siguiente formulario. Alternativamente, puedes enviarnos un mensaje de texto en WhatsApp. Gracias, su reserva ha sido enviada y nos pondremos en contacto con usted en breve para verificar su cita. A continuaci\u00f3n le ofrecemos la opci\u00f3n de completar su pago a trav\u00e9s [&hellip;]<\/p>\n","protected":false},"author":2,"featured_media":0,"parent":0,"menu_order":0,"comment_status":"closed","ping_status":"closed","template":"","meta":{"_acf_changed":false,"footnotes":""},"class_list":["post-1814","page","type-page","status-publish","hentry"],"acf":[],"yoast_head":"<!-- This site is optimized with the Yoast SEO plugin v24.7 - https:\/\/yoast.com\/wordpress\/plugins\/seo\/ -->\n<title>RESERVA ONLINE - Massage Spa<\/title>\n<meta name=\"robots\" content=\"index, follow, max-snippet:-1, max-image-preview:large, max-video-preview:-1\" \/>\n<link rel=\"canonical\" href=\"https:\/\/massagespa.gr\/online-booking\/\" \/>\n<meta property=\"og:locale\" content=\"es_ES\" \/>\n<meta property=\"og:type\" content=\"article\" \/>\n<meta property=\"og:title\" content=\"Reserva masaje online\" \/>\n<meta property=\"og:description\" content=\"To book an appointment give us a call at +30 2118000310 or fill in the form below.\" \/>\n<meta property=\"og:url\" content=\"https:\/\/massagespa.gr\/online-booking\/\" \/>\n<meta property=\"og:site_name\" content=\"Massage Spa\" \/>\n<meta property=\"article:modified_time\" content=\"2023-05-15T09:11:51+00:00\" \/>\n<meta property=\"og:image\" content=\"https:\/\/massagespa.gr\/wp-content\/uploads\/2018\/06\/\u03bc\u03b1\u03c3\u03ac\u03b6_\u03c3\u03b5_\u03c3\u03ba\u03ac\u03c6\u03bf\u03c2.jpg\" \/>\n\t<meta property=\"og:image:width\" content=\"900\" \/>\n\t<meta property=\"og:image:height\" content=\"600\" \/>\n\t<meta property=\"og:image:type\" content=\"image\/jpeg\" \/>\n<meta name=\"twitter:card\" content=\"summary_large_image\" \/>\n<meta name=\"twitter:title\" content=\"Reserva masaje online\" \/>\n<meta name=\"twitter:description\" content=\"To book an appointment give us a call at +30 2118000310 or fill in the form below.\" \/>\n<meta name=\"twitter:image\" content=\"https:\/\/massagespa.gr\/wp-content\/uploads\/2018\/06\/\u03bc\u03b1\u03c3\u03ac\u03b6_\u03c3\u03b5_\u03c3\u03ba\u03ac\u03c6\u03bf\u03c2.jpg\" \/>\n<script type=\"application\/ld+json\" class=\"yoast-schema-graph\">{\"@context\":\"https:\/\/schema.org\",\"@graph\":[{\"@type\":\"WebPage\",\"@id\":\"https:\/\/massagespa.gr\/online-booking\/\",\"url\":\"https:\/\/massagespa.gr\/online-booking\/\",\"name\":\"RESERVA ONLINE - Massage Spa\",\"isPartOf\":{\"@id\":\"https:\/\/massagespa.gr\/#website\"},\"primaryImageOfPage\":{\"@id\":\"https:\/\/massagespa.gr\/online-booking\/#primaryimage\"},\"image\":{\"@id\":\"https:\/\/massagespa.gr\/online-booking\/#primaryimage\"},\"thumbnailUrl\":\"https:\/\/www.paypalobjects.com\/el_GR\/i\/scr\/pixel.gif\",\"datePublished\":\"2022-04-19T12:37:08+00:00\",\"dateModified\":\"2023-05-15T09:11:51+00:00\",\"breadcrumb\":{\"@id\":\"https:\/\/massagespa.gr\/online-booking\/#breadcrumb\"},\"inLanguage\":\"es\",\"potentialAction\":[{\"@type\":\"ReadAction\",\"target\":[\"https:\/\/massagespa.gr\/online-booking\/\"]}]},{\"@type\":\"ImageObject\",\"inLanguage\":\"es\",\"@id\":\"https:\/\/massagespa.gr\/online-booking\/#primaryimage\",\"url\":\"https:\/\/www.paypalobjects.com\/el_GR\/i\/scr\/pixel.gif\",\"contentUrl\":\"https:\/\/www.paypalobjects.com\/el_GR\/i\/scr\/pixel.gif\"},{\"@type\":\"BreadcrumbList\",\"@id\":\"https:\/\/massagespa.gr\/online-booking\/#breadcrumb\",\"itemListElement\":[{\"@type\":\"ListItem\",\"position\":1,\"name\":\"Home\",\"item\":\"https:\/\/massagespa.gr\/es\/\"},{\"@type\":\"ListItem\",\"position\":2,\"name\":\"RESERVA ONLINE\"}]},{\"@type\":\"WebSite\",\"@id\":\"https:\/\/massagespa.gr\/#website\",\"url\":\"https:\/\/massagespa.gr\/\",\"name\":\"Massage Spa\",\"description\":\"\u039c\u03b1\u03c3\u03ac\u03b6 \u03c3\u03c4\u03bf \u03c3\u03c0\u03af\u03c4\u03b9 \u03c3\u03c4\u03b7\u03bd \u0391\u03b8\u03ae\u03bd\u03b1\",\"publisher\":{\"@id\":\"https:\/\/massagespa.gr\/#organization\"},\"potentialAction\":[{\"@type\":\"SearchAction\",\"target\":{\"@type\":\"EntryPoint\",\"urlTemplate\":\"https:\/\/massagespa.gr\/?s={search_term_string}\"},\"query-input\":{\"@type\":\"PropertyValueSpecification\",\"valueRequired\":true,\"valueName\":\"search_term_string\"}}],\"inLanguage\":\"es\"},{\"@type\":\"Organization\",\"@id\":\"https:\/\/massagespa.gr\/#organization\",\"name\":\"Massage Spa\",\"url\":\"https:\/\/massagespa.gr\/\",\"logo\":{\"@type\":\"ImageObject\",\"inLanguage\":\"es\",\"@id\":\"https:\/\/massagespa.gr\/#\/schema\/logo\/image\/\",\"url\":\"https:\/\/massagespa.gr\/wp-content\/uploads\/2023\/03\/massage-spa-official-logo.png\",\"contentUrl\":\"https:\/\/massagespa.gr\/wp-content\/uploads\/2023\/03\/massage-spa-official-logo.png\",\"width\":531,\"height\":129,\"caption\":\"Massage Spa\"},\"image\":{\"@id\":\"https:\/\/massagespa.gr\/#\/schema\/logo\/image\/\"}}]}<\/script>\n<!-- \/ Yoast SEO plugin. -->","yoast_head_json":{"title":"RESERVA ONLINE - Massage Spa","robots":{"index":"index","follow":"follow","max-snippet":"max-snippet:-1","max-image-preview":"max-image-preview:large","max-video-preview":"max-video-preview:-1"},"canonical":"https:\/\/massagespa.gr\/online-booking\/","og_locale":"es_ES","og_type":"article","og_title":"Reserva masaje online","og_description":"To book an appointment give us a call at +30 2118000310 or fill in the form below.","og_url":"https:\/\/massagespa.gr\/online-booking\/","og_site_name":"Massage Spa","article_modified_time":"2023-05-15T09:11:51+00:00","og_image":[{"width":900,"height":600,"url":"https:\/\/massagespa.gr\/wp-content\/uploads\/2018\/06\/\u03bc\u03b1\u03c3\u03ac\u03b6_\u03c3\u03b5_\u03c3\u03ba\u03ac\u03c6\u03bf\u03c2.jpg","type":"image\/jpeg"}],"twitter_card":"summary_large_image","twitter_title":"Reserva masaje online","twitter_description":"To book an appointment give us a call at +30 2118000310 or fill in the form below.","twitter_image":"https:\/\/massagespa.gr\/wp-content\/uploads\/2018\/06\/\u03bc\u03b1\u03c3\u03ac\u03b6_\u03c3\u03b5_\u03c3\u03ba\u03ac\u03c6\u03bf\u03c2.jpg","schema":{"@context":"https:\/\/schema.org","@graph":[{"@type":"WebPage","@id":"https:\/\/massagespa.gr\/online-booking\/","url":"https:\/\/massagespa.gr\/online-booking\/","name":"RESERVA ONLINE - Massage Spa","isPartOf":{"@id":"https:\/\/massagespa.gr\/#website"},"primaryImageOfPage":{"@id":"https:\/\/massagespa.gr\/online-booking\/#primaryimage"},"image":{"@id":"https:\/\/massagespa.gr\/online-booking\/#primaryimage"},"thumbnailUrl":"https:\/\/www.paypalobjects.com\/el_GR\/i\/scr\/pixel.gif","datePublished":"2022-04-19T12:37:08+00:00","dateModified":"2023-05-15T09:11:51+00:00","breadcrumb":{"@id":"https:\/\/massagespa.gr\/online-booking\/#breadcrumb"},"inLanguage":"es","potentialAction":[{"@type":"ReadAction","target":["https:\/\/massagespa.gr\/online-booking\/"]}]},{"@type":"ImageObject","inLanguage":"es","@id":"https:\/\/massagespa.gr\/online-booking\/#primaryimage","url":"https:\/\/www.paypalobjects.com\/el_GR\/i\/scr\/pixel.gif","contentUrl":"https:\/\/www.paypalobjects.com\/el_GR\/i\/scr\/pixel.gif"},{"@type":"BreadcrumbList","@id":"https:\/\/massagespa.gr\/online-booking\/#breadcrumb","itemListElement":[{"@type":"ListItem","position":1,"name":"Home","item":"https:\/\/massagespa.gr\/es\/"},{"@type":"ListItem","position":2,"name":"RESERVA ONLINE"}]},{"@type":"WebSite","@id":"https:\/\/massagespa.gr\/#website","url":"https:\/\/massagespa.gr\/","name":"Massage Spa","description":"\u039c\u03b1\u03c3\u03ac\u03b6 \u03c3\u03c4\u03bf \u03c3\u03c0\u03af\u03c4\u03b9 \u03c3\u03c4\u03b7\u03bd \u0391\u03b8\u03ae\u03bd\u03b1","publisher":{"@id":"https:\/\/massagespa.gr\/#organization"},"potentialAction":[{"@type":"SearchAction","target":{"@type":"EntryPoint","urlTemplate":"https:\/\/massagespa.gr\/?s={search_term_string}"},"query-input":{"@type":"PropertyValueSpecification","valueRequired":true,"valueName":"search_term_string"}}],"inLanguage":"es"},{"@type":"Organization","@id":"https:\/\/massagespa.gr\/#organization","name":"Massage Spa","url":"https:\/\/massagespa.gr\/","logo":{"@type":"ImageObject","inLanguage":"es","@id":"https:\/\/massagespa.gr\/#\/schema\/logo\/image\/","url":"https:\/\/massagespa.gr\/wp-content\/uploads\/2023\/03\/massage-spa-official-logo.png","contentUrl":"https:\/\/massagespa.gr\/wp-content\/uploads\/2023\/03\/massage-spa-official-logo.png","width":531,"height":129,"caption":"Massage Spa"},"image":{"@id":"https:\/\/massagespa.gr\/#\/schema\/logo\/image\/"}}]}},"_links":{"self":[{"href":"https:\/\/massagespa.gr\/es\/wp-json\/wp\/v2\/pages\/1814","targetHints":{"allow":["GET"]}}],"collection":[{"href":"https:\/\/massagespa.gr\/es\/wp-json\/wp\/v2\/pages"}],"about":[{"href":"https:\/\/massagespa.gr\/es\/wp-json\/wp\/v2\/types\/page"}],"author":[{"embeddable":true,"href":"https:\/\/massagespa.gr\/es\/wp-json\/wp\/v2\/users\/2"}],"replies":[{"embeddable":true,"href":"https:\/\/massagespa.gr\/es\/wp-json\/wp\/v2\/comments?post=1814"}],"version-history":[{"count":8,"href":"https:\/\/massagespa.gr\/es\/wp-json\/wp\/v2\/pages\/1814\/revisions"}],"predecessor-version":[{"id":11493,"href":"https:\/\/massagespa.gr\/es\/wp-json\/wp\/v2\/pages\/1814\/revisions\/11493"}],"wp:attachment":[{"href":"https:\/\/massagespa.gr\/es\/wp-json\/wp\/v2\/media?parent=1814"}],"curies":[{"name":"wp","href":"https:\/\/api.w.org\/{rel}","templated":true}]}}