{"id":1816,"date":"2022-04-19T15:37:40","date_gmt":"2022-04-19T12:37:40","guid":{"rendered":"https:\/\/massagespa.gr\/?page_id=1816"},"modified":"2023-03-19T02:05:29","modified_gmt":"2023-03-18T23:05:29","slug":"gift","status":"publish","type":"page","link":"https:\/\/massagespa.gr\/es\/gift\/","title":{"rendered":"TARJETAS REGALO"},"content":{"rendered":"<p><div class=\"cisc-row\"><div  class=\" cisc-col-md-6 cisc-col-xs-12\"><\/p>\n<p>Haz una maravillosa sorpresa a tus seres queridos. Rellena el formulario y d\u00e9janos el resto a nosotros.<\/p>\n<p><em>Al completar el formulario, se te dar\u00e1 la opci\u00f3n de pagar por adelantado, si as\u00ed lo deseas.<\/em><\/p>\n<p><\/div><div  class=\" cisc-col-md-6 cisc-col-xs-12\"><img decoding=\"async\" src=\"https:\/\/massagespa.gr\/wp-content\/uploads\/2023\/01\/gift-card.jpg\" alt=\"\" width=\"300\" class=\"alignnone size-medium wp-image-451\" \/><\/div><\/div><\/p>\n<p style=\"padding-top: 40px;\">\n<p><div role=\"form\" class=\"wpcf7\" id=\"wpcf7-f1855-o1\" lang=\"en-US\" dir=\"ltr\">\n<div class=\"screen-reader-response\"><p role=\"status\" aria-live=\"polite\" aria-atomic=\"true\"><\/p> <ul><\/ul><\/div>\n<form action=\"\/es\/wp-json\/wp\/v2\/pages\/1816#wpcf7-f1855-o1\" method=\"post\" class=\"wpcf7-form init\" novalidate=\"novalidate\" data-status=\"init\">\n<div style=\"display: none;\">\n<input type=\"hidden\" name=\"_wpcf7\" value=\"1855\" \/>\n<input type=\"hidden\" name=\"_wpcf7_version\" value=\"5.6.4\" \/>\n<input type=\"hidden\" name=\"_wpcf7_locale\" value=\"en_US\" \/>\n<input type=\"hidden\" name=\"_wpcf7_unit_tag\" value=\"wpcf7-f1855-o1\" \/>\n<input type=\"hidden\" name=\"_wpcf7_container_post\" value=\"0\" \/>\n<input type=\"hidden\" name=\"_wpcf7_posted_data_hash\" value=\"\" \/>\n<input type=\"hidden\" name=\"_wpcf7_recaptcha_response\" value=\"\" \/>\n<\/div>\n<div class=\"row\">\n\n\t<div class=\"col-md-6 col-12\">\n\t\t<p><b><u>Tu informaci\u00f3n<\/u><\/b><\/p>\n\t\t<p><label>Nombre & Apellido (*)<br \/>\n\t\t\t<span class=\"wpcf7-form-control-wrap\" data-name=\"your-name\"><input type=\"text\" name=\"your-name\" value=\"\" size=\"40\" class=\"wpcf7-form-control wpcf7-text wpcf7-validates-as-required\" aria-required=\"true\" aria-invalid=\"false\" \/><\/span><\/label><\/p>\n\t\t<p><label>Tel\u00e9fono (*)<br \/>\n\t\t\t<span class=\"wpcf7-form-control-wrap\" data-name=\"your-tel\"><input type=\"text\" name=\"your-tel\" value=\"\" size=\"40\" minlength=\"8\" class=\"wpcf7-form-control wpcf7-text wpcf7-phonetext wpcf7-validates-as-required wpcf7-validates-as-phonetext\" aria-required=\"true\" aria-invalid=\"false\" \/><input type=\"hidden\" name=\"your-tel-country-code\" class=\"wpcf7-phonetext-country-code\" \/><\/span><\/label><\/p>\n\t\t<p><label>Tu correo electr\u00f3nico (*)<br \/>\n\t\t\t<span class=\"wpcf7-form-control-wrap\" data-name=\"your-email\"><input type=\"email\" name=\"your-email\" value=\"\" size=\"40\" class=\"wpcf7-form-control wpcf7-text wpcf7-email wpcf7-validates-as-required wpcf7-validates-as-email\" aria-required=\"true\" aria-invalid=\"false\" \/><\/span><\/label><\/p>\n\t<\/div>\n\t\n\t<div class=\"col-md-6 col-12\">\n\t\t<p style=\"height: 24px;\"> <\/p>\n\t\t<p>\u00bfC\u00f3mo podemos contactar contigo?<\/p>\n\t\t<p> <\/p>\n\t\t<p><label><span class=\"wpcf7-form-control-wrap\" data-name=\"checkbox-tel\"><span class=\"wpcf7-form-control wpcf7-checkbox\"><span class=\"wpcf7-list-item first last\"><input type=\"checkbox\" name=\"checkbox-tel[]\" value=\"V\u00eda telef\u00f3nica\" \/><span class=\"wpcf7-list-item-label\">V\u00eda telef\u00f3nica<\/span><\/span><\/span><\/span><\/label><\/p>\n\t\t<p><label><span class=\"wpcf7-form-control-wrap\" data-name=\"checkbox-sms\"><span class=\"wpcf7-form-control wpcf7-checkbox\"><span class=\"wpcf7-list-item first last\"><input type=\"checkbox\" name=\"checkbox-sms[]\" value=\"V\u00eda SMS\" \/><span class=\"wpcf7-list-item-label\">V\u00eda SMS<\/span><\/span><\/span><\/span><\/label><\/p>\n\t\t<p><label><span class=\"wpcf7-form-control-wrap\" data-name=\"checkbox-mail\"><span class=\"wpcf7-form-control wpcf7-checkbox\"><span class=\"wpcf7-list-item first last\"><input type=\"checkbox\" name=\"checkbox-mail[]\" value=\"V\u00eda correo electr\u00f3nico\" \/><span class=\"wpcf7-list-item-label\">V\u00eda correo electr\u00f3nico<\/span><\/span><\/span><\/span><\/label><\/p>\n\t<\/div>\n\n<\/div>\t\t\t\t\n\n<div style=\"margin-bottom: 60px;\"><\/div>\n\n<div class=\"row\">\n\n\t<div class=\"col-md-6 col-12\">\n\t\t<p><b><u>Informaci\u00f3n del destinatario del regalo<\/u><\/b><\/p>\n\t\t<p><label>Nombre & Apellido (*)<\/label> <span class=\"wpcf7-form-control-wrap\" data-name=\"onoma-apodekti\"><input type=\"text\" name=\"onoma-apodekti\" value=\"\" size=\"40\" class=\"wpcf7-form-control wpcf7-text wpcf7-validates-as-required\" aria-required=\"true\" aria-invalid=\"false\" \/><\/span><\/p>\n\t\t<p><label>Tel\u00e9fono (*)<\/label> <span class=\"wpcf7-form-control-wrap\" data-name=\"tilefono-apodekti\"><input type=\"text\" name=\"tilefono-apodekti\" value=\"\" size=\"40\" minlength=\"8\" class=\"wpcf7-form-control wpcf7-text wpcf7-phonetext wpcf7-validates-as-required wpcf7-validates-as-phonetext\" aria-required=\"true\" aria-invalid=\"false\" \/><input type=\"hidden\" name=\"tilefono-apodekti-country-code\" class=\"wpcf7-phonetext-country-code\" \/><\/span><\/p>\n\t\t<p><label>Correo electr\u00f3nico<\/label> <span class=\"wpcf7-form-control-wrap\" data-name=\"email-apodekti\"><input type=\"text\" name=\"email-apodekti\" value=\"\" size=\"40\" class=\"wpcf7-form-control wpcf7-text\" aria-invalid=\"false\" \/><\/span><\/p>\n\t\t<p><label>\u00bfSabes su direcci\u00f3n?<\/label> <span class=\"wpcf7-form-control-wrap\" data-name=\"diefthinsi\"><input type=\"text\" name=\"diefthinsi\" value=\"\" size=\"40\" class=\"wpcf7-form-control wpcf7-text\" aria-invalid=\"false\" \/><\/span><\/p>\n\t<\/div>\n\t\n\t<div class=\"col-md-6 col-12\">\n\t\t<p style=\"height: 24px;\"> <\/p>\n\t\t<p>\n\t\t\t<label>Duraci\u00f3n<\/label>\n\t\t\t<select name=\"mssgtime\" id=\"mssgtimeSelect\" onchange=\"meetsosFunction()\">\n\t\t\t\t<option value=\"1 hora\">1 hora<\/option>\n\t\t\t\t<option value=\"1,5 hora\">1,5 hora<\/option>\n\t\t\t\t<option value=\"2 horas\">2 horas<\/option>\n\t\t\t<\/select>\n\t\t<\/p>\n\t\t<p><label>\u00bfSabes la fecha exacta?<\/label> <span class=\"wpcf7-form-control-wrap\" data-name=\"hmeromhnia\"><input type=\"date\" name=\"hmeromhnia\" value=\"\" class=\"wpcf7-form-control wpcf7-date wpcf7-validates-as-date\" aria-invalid=\"false\" \/><\/span><\/p>\n\t\t<p><label>\u00bfSabes la hora exacta?<\/label> <span class=\"wpcf7-form-control-wrap\" data-name=\"menu-738\"><select name=\"menu-738\" class=\"wpcf7-form-control wpcf7-select\" aria-invalid=\"false\"><option value=\"\"><\/option><option value=\"09:00\">09:00<\/option><option value=\"09:30\">09:30<\/option><option value=\"10:00\">10:00<\/option><option value=\"10:30\">10:30<\/option><option value=\"11:00\">11:00<\/option><option value=\"11:30\">11:30<\/option><option value=\"12:00\">12:00<\/option><option value=\"12:30\">12:30<\/option><option value=\"13:00\">13:00<\/option><option value=\"13:30\">13:30<\/option><option value=\"14:00\">14:00<\/option><option value=\"14:30\">14:30<\/option><option value=\"15:00\">15:00<\/option><option value=\"15:30\">15:30<\/option><option value=\"16:00\">16:00<\/option><option value=\"16:30\">16:30<\/option><option value=\"17:00\">17:00<\/option><option value=\"17:30\">17:30<\/option><option value=\"18:00\">18:00<\/option><option value=\"18:30\">18:30<\/option><option value=\"19:00\">19:00<\/option><option value=\"19:30\">19:30<\/option><option value=\"20:00\">20:00<\/option><option value=\"20:30\">20:30<\/option><option value=\"21:00\">21:00<\/option><option value=\"21:30\">21:30<\/option><option value=\"22:00\">22:00<\/option><\/select><\/span><\/p>\n\t\t<p>\n\t\t\t<label>Tipo de masaje<\/label> \n\t\t\t<select name=\"mssgplc\" id=\"mssgplcSelect\" onchange=\"meetsosFunction()\">\n\t\t\t\t<option value=\"Masaje en casa\/hotel\">Masaje en casa\/hotel<\/option>\n\t\t\t\t<option value=\"Masaje en yate\">Masaje en yate<\/option>\n\t\t\t\t<option value=\"Masaje en pareja con 1 terapeuta\">Masaje en pareja con 1 terapeuta<\/option>\n\t\t\t\t<option value=\"Masaje en pareja con 2 terapeutas\">Masaje en pareja con 2 terapeutas<\/option>\n\t\t\t<\/select>\n\t\t<\/p>\n\t<\/div>\n\n<\/div>\n\n<div class=\"col-md-12 col-12\" id=\"dorocomments\">\n\t<p><label>Comentarios adicionales<\/label> <span class=\"wpcf7-form-control-wrap\" data-name=\"your-message\"><textarea name=\"your-message\" cols=\"40\" rows=\"10\" class=\"wpcf7-form-control wpcf7-textarea\" aria-invalid=\"false\"><\/textarea><\/span><\/p>\n\t<p><input type=\"submit\" value=\"ENVIAR\" class=\"wpcf7-form-control has-spinner wpcf7-submit\" \/><\/p>\n<\/div>\t\n\n\n<script>\nfunction meetsosFunction() {\nvar matrix = [\n  [\"VX48W2U5233YG\",\"DEJM3Z6DL58S8\", \"Z86W8UU4WKDTE\", \"NAVQ3KNPCA58Y\"],\n  [\"C8LJTYPNB4HKL\",\"L2962XQ97GS4U\", \"Q7KSJRVKCVEUJ\", \"7CRVUSWBQQZB8\"],\n  [\"AUX8S6YVX39PY\",\"HJCDMFV9HXLMJ\", \"BMPP66HSEH82Q\", \"9GBFHKX5ERZKJ\"]\n]\nvar x1 = document.getElementById(\"mssgtimeSelect\").value;\nvar y1 = document.getElementById(\"mssgplcSelect\").value;\nif (x1===\"1 hora\"){\nx=0;\n} else if (x1 === \"1,5 hora\") {\n        x=1;\n    } else if (x1 === \"2 horas\") {\n        x=2;\n    }\nif (y1===\"Masaje en casa\/hotel\"){\ny=0;\n} else if (y1 === \"Masaje en yate\") {\n        y=1;\n    } else if (y1 === \"Masaje en pareja con 1 terapeuta\") {\n        y=2;\n    } else if (y1 === \"Masaje en pareja con 2 terapeutas\") {\n        y=3;\n    }\ndocument.getElementById(\"ThePayPalId\").value = matrix[x][y];\n}\n<\/script><p style=\"display: none !important;\" class=\"akismet-fields-container\" data-prefix=\"_wpcf7_ak_\"><label>&#916;<textarea name=\"_wpcf7_ak_hp_textarea\" cols=\"45\" rows=\"8\" maxlength=\"100\"><\/textarea><\/label><input type=\"hidden\" id=\"ak_js_1\" name=\"_wpcf7_ak_js\" value=\"86\"\/><script>document.getElementById( \"ak_js_1\" ).setAttribute( \"value\", ( new Date() ).getTime() );<\/script><\/p><div class=\"wpcf7-response-output\" aria-hidden=\"true\"><\/div><\/form><\/div><\/p>\n<div id=\"PayPalMsg\" style=\"display: none;\">\n<blockquote><p>Gracias, estamos procesando su solicitud de regalo y nos pondremos en contacto con usted muy pronto para organizar este hermoso gesto de acuerdo con su deseo. A continuaci\u00f3n le ofrecemos la opci\u00f3n de completar su pago a trav\u00e9s de su tarjeta o mediante Paypal. Alternativamente, puede hacerlo en efectivo al final de la sesi\u00f3n de masaje.<\/p><\/blockquote>\n<div id=\"meetsospal\" style=\"text-align: center;\">\n<form action=\"https:\/\/www.paypal.com\/cgi-bin\/webscr\" method=\"post\" target=\"_top\">\n\t<input type=\"hidden\" name=\"cmd\" value=\"_s-xclick\">\n\t<input id=\"ThePayPalId\" type=\"hidden\" name=\"hosted_button_id\" value=\"VX48W2U5233YG\">\n\t<input type=\"image\" src=\"https:\/\/massagespa.gr\/wp-content\/uploads\/2021\/05\/pay-now-button.png\" border=\"0\" name=\"submit\" alt=\"PayPal - The safer, easier way to pay online!\" style=\"width: 165px; height: 65px;\">\n\t<img loading=\"lazy\" decoding=\"async\" alt=\"\" border=\"0\" src=\"https:\/\/www.paypalobjects.com\/el_GR\/i\/scr\/pixel.gif\" width=\"1\" height=\"1\">\n\t<\/form>\n<\/div>\n<\/div>\n","protected":false},"excerpt":{"rendered":"<p>Gracias, estamos procesando su solicitud de regalo y nos pondremos en contacto con usted muy pronto para organizar este hermoso gesto de acuerdo con su deseo. A continuaci\u00f3n le ofrecemos la opci\u00f3n de completar su pago a trav\u00e9s de su tarjeta o mediante Paypal. Alternativamente, puede hacerlo en efectivo al final de la sesi\u00f3n de [&hellip;]<\/p>\n","protected":false},"author":2,"featured_media":0,"parent":0,"menu_order":0,"comment_status":"closed","ping_status":"closed","template":"","meta":{"_acf_changed":false,"footnotes":""},"class_list":["post-1816","page","type-page","status-publish","hentry"],"acf":[],"yoast_head":"<!-- This site is optimized with the Yoast SEO plugin v24.7 - https:\/\/yoast.com\/wordpress\/plugins\/seo\/ -->\n<title>TARJETAS REGALO - Massage Spa<\/title>\n<meta name=\"robots\" content=\"index, follow, max-snippet:-1, max-image-preview:large, max-video-preview:-1\" \/>\n<link rel=\"canonical\" href=\"https:\/\/massagespa.gr\/\u03b4\u03ce\u03c1\u03bf\/\" \/>\n<meta property=\"og:locale\" content=\"es_ES\" \/>\n<meta property=\"og:type\" content=\"article\" \/>\n<meta property=\"og:title\" content=\"30\" \/>\n<meta property=\"og:description\" content=\"false\" \/>\n<meta property=\"og:url\" content=\"https:\/\/massagespa.gr\/\u03b4\u03ce\u03c1\u03bf\/\" \/>\n<meta property=\"og:site_name\" content=\"Massage Spa\" \/>\n<meta property=\"article:modified_time\" content=\"2023-03-18T23:05:29+00:00\" \/>\n<meta property=\"og:image\" content=\"https:\/\/massagespa.gr\/wp-content\/uploads\/2023\/01\/gift-card.jpg\" \/>\n\t<meta property=\"og:image:width\" content=\"625\" \/>\n\t<meta property=\"og:image:height\" content=\"448\" \/>\n\t<meta property=\"og:image:type\" content=\"image\/jpeg\" \/>\n<meta name=\"twitter:card\" content=\"summary_large_image\" \/>\n<meta name=\"twitter:title\" content=\"Make a Gift\" \/>\n<meta name=\"twitter:description\" content=\"Make a wonderful surprise to your beloved ones. Fill in the form and leave the rest to us.\" \/>\n<meta name=\"twitter:image\" content=\"https:\/\/massagespa.gr\/wp-content\/uploads\/2023\/01\/gift-card.jpg\" \/>\n<meta name=\"twitter:label1\" content=\"Tiempo de lectura\" \/>\n\t<meta name=\"twitter:data1\" content=\"1 minuto\" \/>\n<script type=\"application\/ld+json\" class=\"yoast-schema-graph\">{\"@context\":\"https:\/\/schema.org\",\"@graph\":[{\"@type\":\"WebPage\",\"@id\":\"https:\/\/massagespa.gr\/%ce%b4%cf%8e%cf%81%ce%bf\/\",\"url\":\"https:\/\/massagespa.gr\/%ce%b4%cf%8e%cf%81%ce%bf\/\",\"name\":\"TARJETAS REGALO - Massage Spa\",\"isPartOf\":{\"@id\":\"https:\/\/massagespa.gr\/#website\"},\"primaryImageOfPage\":{\"@id\":\"https:\/\/massagespa.gr\/%ce%b4%cf%8e%cf%81%ce%bf\/#primaryimage\"},\"image\":{\"@id\":\"https:\/\/massagespa.gr\/%ce%b4%cf%8e%cf%81%ce%bf\/#primaryimage\"},\"thumbnailUrl\":\"https:\/\/massagespa.gr\/wp-content\/uploads\/2023\/01\/gift-card.jpg\",\"datePublished\":\"2022-04-19T12:37:40+00:00\",\"dateModified\":\"2023-03-18T23:05:29+00:00\",\"breadcrumb\":{\"@id\":\"https:\/\/massagespa.gr\/%ce%b4%cf%8e%cf%81%ce%bf\/#breadcrumb\"},\"inLanguage\":\"es\",\"potentialAction\":[{\"@type\":\"ReadAction\",\"target\":[\"https:\/\/massagespa.gr\/%ce%b4%cf%8e%cf%81%ce%bf\/\"]}]},{\"@type\":\"ImageObject\",\"inLanguage\":\"es\",\"@id\":\"https:\/\/massagespa.gr\/%ce%b4%cf%8e%cf%81%ce%bf\/#primaryimage\",\"url\":\"https:\/\/massagespa.gr\/wp-content\/uploads\/2023\/01\/gift-card.jpg\",\"contentUrl\":\"https:\/\/massagespa.gr\/wp-content\/uploads\/2023\/01\/gift-card.jpg\"},{\"@type\":\"BreadcrumbList\",\"@id\":\"https:\/\/massagespa.gr\/%ce%b4%cf%8e%cf%81%ce%bf\/#breadcrumb\",\"itemListElement\":[{\"@type\":\"ListItem\",\"position\":1,\"name\":\"Home\",\"item\":\"https:\/\/massagespa.gr\/es\/\"},{\"@type\":\"ListItem\",\"position\":2,\"name\":\"TARJETAS REGALO\"}]},{\"@type\":\"WebSite\",\"@id\":\"https:\/\/massagespa.gr\/#website\",\"url\":\"https:\/\/massagespa.gr\/\",\"name\":\"Massage Spa\",\"description\":\"\u039c\u03b1\u03c3\u03ac\u03b6 \u03c3\u03c4\u03bf \u03c3\u03c0\u03af\u03c4\u03b9 \u03c3\u03c4\u03b7\u03bd \u0391\u03b8\u03ae\u03bd\u03b1\",\"publisher\":{\"@id\":\"https:\/\/massagespa.gr\/#organization\"},\"potentialAction\":[{\"@type\":\"SearchAction\",\"target\":{\"@type\":\"EntryPoint\",\"urlTemplate\":\"https:\/\/massagespa.gr\/?s={search_term_string}\"},\"query-input\":{\"@type\":\"PropertyValueSpecification\",\"valueRequired\":true,\"valueName\":\"search_term_string\"}}],\"inLanguage\":\"es\"},{\"@type\":\"Organization\",\"@id\":\"https:\/\/massagespa.gr\/#organization\",\"name\":\"Massage Spa\",\"url\":\"https:\/\/massagespa.gr\/\",\"logo\":{\"@type\":\"ImageObject\",\"inLanguage\":\"es\",\"@id\":\"https:\/\/massagespa.gr\/#\/schema\/logo\/image\/\",\"url\":\"https:\/\/massagespa.gr\/wp-content\/uploads\/2023\/03\/massage-spa-official-logo.png\",\"contentUrl\":\"https:\/\/massagespa.gr\/wp-content\/uploads\/2023\/03\/massage-spa-official-logo.png\",\"width\":531,\"height\":129,\"caption\":\"Massage Spa\"},\"image\":{\"@id\":\"https:\/\/massagespa.gr\/#\/schema\/logo\/image\/\"}}]}<\/script>\n<!-- \/ Yoast SEO plugin. -->","yoast_head_json":{"title":"TARJETAS REGALO - Massage Spa","robots":{"index":"index","follow":"follow","max-snippet":"max-snippet:-1","max-image-preview":"max-image-preview:large","max-video-preview":"max-video-preview:-1"},"canonical":"https:\/\/massagespa.gr\/\u03b4\u03ce\u03c1\u03bf\/","og_locale":"es_ES","og_type":"article","og_title":"30","og_description":"false","og_url":"https:\/\/massagespa.gr\/\u03b4\u03ce\u03c1\u03bf\/","og_site_name":"Massage Spa","article_modified_time":"2023-03-18T23:05:29+00:00","og_image":[{"width":625,"height":448,"url":"https:\/\/massagespa.gr\/wp-content\/uploads\/2023\/01\/gift-card.jpg","type":"image\/jpeg"}],"twitter_card":"summary_large_image","twitter_title":"Make a Gift","twitter_description":"Make a wonderful surprise to your beloved ones. Fill in the form and leave the rest to us.","twitter_image":"https:\/\/massagespa.gr\/wp-content\/uploads\/2023\/01\/gift-card.jpg","twitter_misc":{"Tiempo de lectura":"1 minuto"},"schema":{"@context":"https:\/\/schema.org","@graph":[{"@type":"WebPage","@id":"https:\/\/massagespa.gr\/%ce%b4%cf%8e%cf%81%ce%bf\/","url":"https:\/\/massagespa.gr\/%ce%b4%cf%8e%cf%81%ce%bf\/","name":"TARJETAS REGALO - Massage Spa","isPartOf":{"@id":"https:\/\/massagespa.gr\/#website"},"primaryImageOfPage":{"@id":"https:\/\/massagespa.gr\/%ce%b4%cf%8e%cf%81%ce%bf\/#primaryimage"},"image":{"@id":"https:\/\/massagespa.gr\/%ce%b4%cf%8e%cf%81%ce%bf\/#primaryimage"},"thumbnailUrl":"https:\/\/massagespa.gr\/wp-content\/uploads\/2023\/01\/gift-card.jpg","datePublished":"2022-04-19T12:37:40+00:00","dateModified":"2023-03-18T23:05:29+00:00","breadcrumb":{"@id":"https:\/\/massagespa.gr\/%ce%b4%cf%8e%cf%81%ce%bf\/#breadcrumb"},"inLanguage":"es","potentialAction":[{"@type":"ReadAction","target":["https:\/\/massagespa.gr\/%ce%b4%cf%8e%cf%81%ce%bf\/"]}]},{"@type":"ImageObject","inLanguage":"es","@id":"https:\/\/massagespa.gr\/%ce%b4%cf%8e%cf%81%ce%bf\/#primaryimage","url":"https:\/\/massagespa.gr\/wp-content\/uploads\/2023\/01\/gift-card.jpg","contentUrl":"https:\/\/massagespa.gr\/wp-content\/uploads\/2023\/01\/gift-card.jpg"},{"@type":"BreadcrumbList","@id":"https:\/\/massagespa.gr\/%ce%b4%cf%8e%cf%81%ce%bf\/#breadcrumb","itemListElement":[{"@type":"ListItem","position":1,"name":"Home","item":"https:\/\/massagespa.gr\/es\/"},{"@type":"ListItem","position":2,"name":"TARJETAS REGALO"}]},{"@type":"WebSite","@id":"https:\/\/massagespa.gr\/#website","url":"https:\/\/massagespa.gr\/","name":"Massage Spa","description":"\u039c\u03b1\u03c3\u03ac\u03b6 \u03c3\u03c4\u03bf \u03c3\u03c0\u03af\u03c4\u03b9 \u03c3\u03c4\u03b7\u03bd \u0391\u03b8\u03ae\u03bd\u03b1","publisher":{"@id":"https:\/\/massagespa.gr\/#organization"},"potentialAction":[{"@type":"SearchAction","target":{"@type":"EntryPoint","urlTemplate":"https:\/\/massagespa.gr\/?s={search_term_string}"},"query-input":{"@type":"PropertyValueSpecification","valueRequired":true,"valueName":"search_term_string"}}],"inLanguage":"es"},{"@type":"Organization","@id":"https:\/\/massagespa.gr\/#organization","name":"Massage Spa","url":"https:\/\/massagespa.gr\/","logo":{"@type":"ImageObject","inLanguage":"es","@id":"https:\/\/massagespa.gr\/#\/schema\/logo\/image\/","url":"https:\/\/massagespa.gr\/wp-content\/uploads\/2023\/03\/massage-spa-official-logo.png","contentUrl":"https:\/\/massagespa.gr\/wp-content\/uploads\/2023\/03\/massage-spa-official-logo.png","width":531,"height":129,"caption":"Massage Spa"},"image":{"@id":"https:\/\/massagespa.gr\/#\/schema\/logo\/image\/"}}]}},"_links":{"self":[{"href":"https:\/\/massagespa.gr\/es\/wp-json\/wp\/v2\/pages\/1816","targetHints":{"allow":["GET"]}}],"collection":[{"href":"https:\/\/massagespa.gr\/es\/wp-json\/wp\/v2\/pages"}],"about":[{"href":"https:\/\/massagespa.gr\/es\/wp-json\/wp\/v2\/types\/page"}],"author":[{"embeddable":true,"href":"https:\/\/massagespa.gr\/es\/wp-json\/wp\/v2\/users\/2"}],"replies":[{"embeddable":true,"href":"https:\/\/massagespa.gr\/es\/wp-json\/wp\/v2\/comments?post=1816"}],"version-history":[{"count":7,"href":"https:\/\/massagespa.gr\/es\/wp-json\/wp\/v2\/pages\/1816\/revisions"}],"predecessor-version":[{"id":2453,"href":"https:\/\/massagespa.gr\/es\/wp-json\/wp\/v2\/pages\/1816\/revisions\/2453"}],"wp:attachment":[{"href":"https:\/\/massagespa.gr\/es\/wp-json\/wp\/v2\/media?parent=1816"}],"curies":[{"name":"wp","href":"https:\/\/api.w.org\/{rel}","templated":true}]}}