{"id":1819,"date":"2022-04-19T15:38:14","date_gmt":"2022-04-19T12:38:14","guid":{"rendered":"https:\/\/massagespa.gr\/?page_id=1819"},"modified":"2023-02-08T21:21:16","modified_gmt":"2023-02-08T18:21:16","slug":"faq","status":"publish","type":"page","link":"https:\/\/massagespa.gr\/es\/faq\/","title":{"rendered":"F.A.Q"},"content":{"rendered":"<p><strong>Preguntas frecuentes<\/strong><\/p>\n<p>\t\t<!-- CI Shortcodes Accordion Styles -->\n\t\t<style type=\"text\/css\">\n\t\t\t#cisc-accordion-1 .cisc-accordion-panel-title a { color: #000000; border-radius: 10px; }\n\t\t<\/style><div id=\"cisc-accordion-1\" class=\"cisc-accordion cisc-shortcode-scheme-red\">\n\t<div class=\"cisc-accordion-panel \"><div class=\"cisc-accordion-panel-title\"><a href=\"#\">\u00bfQu\u00e9 es el Masaje Atenas?<\/a><\/div><div class=\"cisc-accordion-panel-wrap\"><div class=\"cisc-accordion-panel-content\">\n\tMassage Spa es una empresa que ofrece servicios de masaje y terapias alternativas en el lugar del cliente.\n\t<\/div><\/div><\/div>\n\t<div class=\"cisc-accordion-panel cisc-open\"><div class=\"cisc-accordion-panel-title\"><a href=\"#\">\u00bfQu\u00e9 \u00e1reas sirve el masaje Atenas?<\/a><\/div><div class=\"cisc-accordion-panel-wrap\"><div class=\"cisc-accordion-panel-content\">\n\tServimos a todas las \u00e1reas de la isla de Atenas.\n\t<\/div><\/div><\/div>\n\t<div class=\"cisc-accordion-panel cisc-open\"><div class=\"cisc-accordion-panel-title\"><a href=\"#\">\u00bfC\u00f3mo puedo reservar un masaje?<\/a><\/div><div class=\"cisc-accordion-panel-wrap\"><div class=\"cisc-accordion-panel-content\"><\/p>\n<p>Es r\u00e1pido y sencillo:<\/p>\n<p>a) Elije el terapeuta de tu elecci\u00f3n de la secci\u00f3n <b><a href=\"https:\/\/massagespa.gr\/es\/therapists\/\" rel=\"noopener\" target=\"_blank\">Terapeutas<\/a><\/b>, conforme a su disponibilidad.<\/p>\n<p>b) Reserva una sesi\u00f3n de masaje por tel\u00e9fono al <b><a href=\"tel:+302118000310\">+30 2118000310<\/a><\/b> o completa nuestro formulario Online en Cont\u00e1ctanos => <b><a href=\"https:\/\/massagespa.gr\/es\/online-booking\/\" rel=\"noopener\" target=\"_blank\">Reserva Online<\/a><\/b>.<\/p>\n<p>Nota: Una cita se considera formalizada solo tras la confirmaci\u00f3n telef\u00f3nica (Nos llamas para reservar una sesi\u00f3n, o te llamamos para confirmar si decides reservar una sesi\u00f3n a trav\u00e9s de nuestro formulario Online).<\/p>\n<p>\t<\/div><\/div><\/div>\n\t<div class=\"cisc-accordion-panel cisc-open\"><div class=\"cisc-accordion-panel-title\"><a href=\"#\">\u00bfD\u00f3nde se puede realizar una sesi\u00f3n de masaje?<\/a><\/div><div class=\"cisc-accordion-panel-wrap\"><div class=\"cisc-accordion-panel-content\">\n\tDepende de ti: Una sesi\u00f3n de masaje se puede realizar en tu casa, incluso en un hotel o en un yate \/ jet privado. Debido al contacto personal que est\u00e1 involucrado en una sesi\u00f3n de masaje, enfatizamos que nuestra empresa ofrece exclusivamente servicios de masaje profesionales como se indica en la secci\u00f3n de <b><a href=\"https:\/\/massagespa.gr\/es\/services\/\" rel=\"noopener\" target=\"_blank\">Servicios<\/a><\/b>. Nuestros terapeutas son profesionales.\n\t<\/div><\/div><\/div>\n\t<div class=\"cisc-accordion-panel cisc-open\"><div class=\"cisc-accordion-panel-title\"><a href=\"#\">\u00bfCu\u00e1les son los d\u00edas y horarios de trabajo del Masaje Atenas?<\/a><\/div><div class=\"cisc-accordion-panel-wrap\"><div class=\"cisc-accordion-panel-content\"><\/p>\n<p>Nuestro centro de llamadas, as\u00ed como nuestros servicios est\u00e1n disponibles para nuestros clientes todos los d\u00edas de la semana (de lunes a domingo) en el horario de 09:00 a 23:00.<\/p>\n<p>Las primeras sesiones comienzan a las 09:00, mientras que las que comienzan antes de las 11:00 deben reservarse desde el d\u00eda anterior. Las \u00faltimas sesiones del d\u00eda terminan a las 23:00.<\/p>\n<p>\t<\/div><\/div><\/div>\n\t<div class=\"cisc-accordion-panel cisc-open\"><div class=\"cisc-accordion-panel-title\"><a href=\"#\">\u00bfCu\u00e1ndo vendr\u00e1 un terapeuta a mi casa?<\/a><\/div><div class=\"cisc-accordion-panel-wrap\"><div class=\"cisc-accordion-panel-content\"><\/p>\n<p>\tSiempre que nos lo pidas, y cuando el terapeuta de tu elecci\u00f3n est\u00e9 disponible en el per\u00edodo de tiempo deseado (consulta <b><a href=\"https:\/\/massagespa.gr\/es\/therapists-program\/\" rel=\"noopener\" target=\"_blank\">el Programa de Terapeutas<\/a><\/b>).<\/p>\n<p>Todas las sesiones deben reservarse con al menos 2 horas de antelaci\u00f3n por razones obvias.<\/p>\n<p>\t<\/div><\/div><\/div>\n\t<div class=\"cisc-accordion-panel cisc-open\"><div class=\"cisc-accordion-panel-title\"><a href=\"#\">\u00bfCu\u00e1les son los precios de los servicios que ofrec\u00e9is?<\/a><\/div><div class=\"cisc-accordion-panel-wrap\"><div class=\"cisc-accordion-panel-content\">\n\tPuedes verlos en la secci\u00f3n <b><a href=\"https:\/\/massagespa.gr\/es\/prices\/\">Lista de precios<\/a><\/b> de nuestra p\u00e1gina web.\n\t<\/div><\/div><\/div>\n\t<div class=\"cisc-accordion-panel cisc-open\"><div class=\"cisc-accordion-panel-title\"><a href=\"#\">\u00bfQu\u00e9 m\u00e9todos de pago se ofrecen?<\/a><\/div><div class=\"cisc-accordion-panel-wrap\"><div class=\"cisc-accordion-panel-content\"><\/p>\n<p>Hay 2 formas en las que puedes pagarnos:<\/p>\n<p>a) Al finalizar una sesi\u00f3n, el dinero se paga al terapeuta en efectivo, mientras que a ti se te entrega un recibo de pago.<\/p>\n<p>b) Se te da la opci\u00f3n de pagar Online con tarjeta de cr\u00e9dito, en la sesi\u00f3n de <b><a href=\"https:\/\/massagespa.gr\/es\/online-booking\/\" rel=\"noopener\" target=\"_blank\">Reserva de cita<\/a><\/b> de nuestro sitio web.<\/p>\n<p>\t<\/div><\/div><\/div>\n\t<div class=\"cisc-accordion-panel cisc-open\"><div class=\"cisc-accordion-panel-title\"><a href=\"#\">\u00bfC\u00f3mo puedo estar informado de ofertas especiales y descuentos?<\/a><\/div><div class=\"cisc-accordion-panel-wrap\"><div class=\"cisc-accordion-panel-content\"><\/p>\n<p>Puedes suscribirte a nuestro bolet\u00edn de noticias para recibir todas las actualizaciones y ofertas exclusivas de Massage Spa en cualquier momento.<\/p>\n<p>El proceso es muy simple, solo tienes que rellenar tu nombre, tu correo electr\u00f3nico y tu ciudad de residencia para recibir las actualizaciones espec\u00edficas de tu inter\u00e9s. Tu correo electr\u00f3nico, as\u00ed como cualquier otra informaci\u00f3n que puedas darnos, est\u00e1n absolutamente seguros. Mantenemos una estricta confidencialidad y protecci\u00f3n con los datos privados de nuestros clientes.<\/p>\n<p>\t<\/div><\/div><\/div>\n\t<div class=\"cisc-accordion-panel cisc-open\"><div class=\"cisc-accordion-panel-title\"><a href=\"#\">\u00bfPuedo hacer un regalo de masaje especial a un ser querido\/amigo\/familiar m\u00edo?<\/a><\/div><div class=\"cisc-accordion-panel-wrap\"><div class=\"cisc-accordion-panel-content\">\n\tPor supuesto! Puedes hacer esto de forma r\u00e1pida y sencilla en la secci\u00f3n <b><a href=\"https:\/\/massagespa.gr\/es\/gift\/\" rel=\"noopener\" target=\"_blank\">Hacer un regalo<\/a><\/b> de nuestro sitio web.\n\t<\/div><\/div><\/div>\n\t<div class=\"cisc-accordion-panel cisc-open\"><div class=\"cisc-accordion-panel-title\"><a href=\"#\">Al reservar una sesi\u00f3n, \u00bfcu\u00e1l es el procedimiento?<\/a><\/div><div class=\"cisc-accordion-panel-wrap\"><div class=\"cisc-accordion-panel-content\"><\/p>\n<p>Una gran cosa que puedes hacer es relajarte y entrar en el estado de \u00e1nimo de toda la filosof\u00eda detr\u00e1s de nuestros servicios. El masaje significa placer, por lo que lo mejor que se puedes hacer para disfrutarlo es entrar en el estado de \u00e1nimo adecuado: Relajado y feliz. Por otra parte, tanto para tu propio bienestar como por razones de \u00absavoir vivre\u00bb, se sugiere que tomes una ducha antes de la llegada del terapeuta a tu lugar.<\/p>\n<p>Eventualmente, la sesi\u00f3n deseada comienza con la llegada del terapeuta. Puedes informarles de cualquier posible problema de salud o lesiones recientes, as\u00ed como de cualquier alergia que puedas tener en los aceites corporales.<\/p>\n<p>A medida que avanza la sesi\u00f3n, puedes hablar con el terapeuta en cualquier momento sobre c\u00f3mo te sientes o si deseas que realice alg\u00fan cambio en tu tratamiento.<\/p>\n<p>\t<\/div><\/div><\/div>\n\t<div class=\"cisc-accordion-panel cisc-open\"><div class=\"cisc-accordion-panel-title\"><a href=\"#\">\u00bfPuedo enviar una rese\u00f1a para un terapeuta?<\/a><\/div><div class=\"cisc-accordion-panel-wrap\"><div class=\"cisc-accordion-panel-content\"><\/p>\n<p>Absolutamente, en el perfil del terapeuta, ubicado en la secci\u00f3n de <b><a href=\"https:\/\/massagespa.gr\/es\/therapists\/\" rel=\"noopener\" target=\"_blank\">Terapeutas<\/a><\/b> hay un formulario para enviar comentarios a cada terapeuta. Uno puede dejar un comentario solo si ha tenido una sesi\u00f3n de masaje con un terapeuta.<\/p>\n<p>\t<\/div><\/div><\/div>\n<\/div><\/p>\n","protected":false},"excerpt":{"rendered":"<p>Preguntas frecuentes<\/p>\n","protected":false},"author":2,"featured_media":0,"parent":0,"menu_order":0,"comment_status":"closed","ping_status":"closed","template":"","meta":{"_acf_changed":false,"footnotes":""},"class_list":["post-1819","page","type-page","status-publish","hentry"],"acf":[],"yoast_head":"<!-- This site is optimized with the Yoast SEO plugin v24.7 - https:\/\/yoast.com\/wordpress\/plugins\/seo\/ -->\n<title>F.A.Q - Massage Spa<\/title>\n<meta name=\"robots\" content=\"index, follow, max-snippet:-1, max-image-preview:large, max-video-preview:-1\" \/>\n<link rel=\"canonical\" href=\"https:\/\/massagespa.gr\/es\/faq\/\" \/>\n<meta property=\"og:locale\" content=\"es_ES\" \/>\n<meta property=\"og:type\" content=\"article\" \/>\n<meta property=\"og:title\" content=\"30\" \/>\n<meta property=\"og:description\" content=\"false\" \/>\n<meta property=\"og:url\" content=\"https:\/\/massagespa.gr\/es\/faq\/\" \/>\n<meta property=\"og:site_name\" content=\"Massage Spa\" \/>\n<meta property=\"article:modified_time\" content=\"2023-02-08T18:21:16+00:00\" \/>\n<meta name=\"twitter:card\" content=\"summary_large_image\" \/>\n<meta name=\"twitter:title\" content=\"F.A.Q\" \/>\n<meta name=\"twitter:description\" content=\"Frequently Asked Questions\" \/>\n<meta name=\"twitter:image\" content=\"https:\/\/massagespa.gr\/wp-content\/uploads\/2018\/07\/home-massage-athens.jpg\" \/>\n<meta name=\"twitter:label1\" content=\"Tiempo de lectura\" \/>\n\t<meta name=\"twitter:data1\" content=\"4 minutos\" \/>\n<script type=\"application\/ld+json\" class=\"yoast-schema-graph\">{\"@context\":\"https:\/\/schema.org\",\"@graph\":[{\"@type\":\"WebPage\",\"@id\":\"https:\/\/massagespa.gr\/es\/faq\/\",\"url\":\"https:\/\/massagespa.gr\/es\/faq\/\",\"name\":\"F.A.Q - Massage Spa\",\"isPartOf\":{\"@id\":\"https:\/\/massagespa.gr\/#website\"},\"datePublished\":\"2022-04-19T12:38:14+00:00\",\"dateModified\":\"2023-02-08T18:21:16+00:00\",\"breadcrumb\":{\"@id\":\"https:\/\/massagespa.gr\/es\/faq\/#breadcrumb\"},\"inLanguage\":\"es\",\"potentialAction\":[{\"@type\":\"ReadAction\",\"target\":[\"https:\/\/massagespa.gr\/es\/faq\/\"]}]},{\"@type\":\"BreadcrumbList\",\"@id\":\"https:\/\/massagespa.gr\/es\/faq\/#breadcrumb\",\"itemListElement\":[{\"@type\":\"ListItem\",\"position\":1,\"name\":\"Home\",\"item\":\"https:\/\/massagespa.gr\/es\/\"},{\"@type\":\"ListItem\",\"position\":2,\"name\":\"F.A.Q\"}]},{\"@type\":\"WebSite\",\"@id\":\"https:\/\/massagespa.gr\/#website\",\"url\":\"https:\/\/massagespa.gr\/\",\"name\":\"Massage Spa\",\"description\":\"\u039c\u03b1\u03c3\u03ac\u03b6 \u03c3\u03c4\u03bf \u03c3\u03c0\u03af\u03c4\u03b9 \u03c3\u03c4\u03b7\u03bd \u0391\u03b8\u03ae\u03bd\u03b1\",\"publisher\":{\"@id\":\"https:\/\/massagespa.gr\/#organization\"},\"potentialAction\":[{\"@type\":\"SearchAction\",\"target\":{\"@type\":\"EntryPoint\",\"urlTemplate\":\"https:\/\/massagespa.gr\/?s={search_term_string}\"},\"query-input\":{\"@type\":\"PropertyValueSpecification\",\"valueRequired\":true,\"valueName\":\"search_term_string\"}}],\"inLanguage\":\"es\"},{\"@type\":\"Organization\",\"@id\":\"https:\/\/massagespa.gr\/#organization\",\"name\":\"Massage Spa\",\"url\":\"https:\/\/massagespa.gr\/\",\"logo\":{\"@type\":\"ImageObject\",\"inLanguage\":\"es\",\"@id\":\"https:\/\/massagespa.gr\/#\/schema\/logo\/image\/\",\"url\":\"https:\/\/massagespa.gr\/wp-content\/uploads\/2023\/03\/massage-spa-official-logo.png\",\"contentUrl\":\"https:\/\/massagespa.gr\/wp-content\/uploads\/2023\/03\/massage-spa-official-logo.png\",\"width\":531,\"height\":129,\"caption\":\"Massage Spa\"},\"image\":{\"@id\":\"https:\/\/massagespa.gr\/#\/schema\/logo\/image\/\"}}]}<\/script>\n<!-- \/ Yoast SEO plugin. -->","yoast_head_json":{"title":"F.A.Q - Massage Spa","robots":{"index":"index","follow":"follow","max-snippet":"max-snippet:-1","max-image-preview":"max-image-preview:large","max-video-preview":"max-video-preview:-1"},"canonical":"https:\/\/massagespa.gr\/es\/faq\/","og_locale":"es_ES","og_type":"article","og_title":"30","og_description":"false","og_url":"https:\/\/massagespa.gr\/es\/faq\/","og_site_name":"Massage Spa","article_modified_time":"2023-02-08T18:21:16+00:00","twitter_card":"summary_large_image","twitter_title":"F.A.Q","twitter_description":"Frequently Asked Questions","twitter_image":"https:\/\/massagespa.gr\/wp-content\/uploads\/2018\/07\/home-massage-athens.jpg","twitter_misc":{"Tiempo de lectura":"4 minutos"},"schema":{"@context":"https:\/\/schema.org","@graph":[{"@type":"WebPage","@id":"https:\/\/massagespa.gr\/es\/faq\/","url":"https:\/\/massagespa.gr\/es\/faq\/","name":"F.A.Q - Massage Spa","isPartOf":{"@id":"https:\/\/massagespa.gr\/#website"},"datePublished":"2022-04-19T12:38:14+00:00","dateModified":"2023-02-08T18:21:16+00:00","breadcrumb":{"@id":"https:\/\/massagespa.gr\/es\/faq\/#breadcrumb"},"inLanguage":"es","potentialAction":[{"@type":"ReadAction","target":["https:\/\/massagespa.gr\/es\/faq\/"]}]},{"@type":"BreadcrumbList","@id":"https:\/\/massagespa.gr\/es\/faq\/#breadcrumb","itemListElement":[{"@type":"ListItem","position":1,"name":"Home","item":"https:\/\/massagespa.gr\/es\/"},{"@type":"ListItem","position":2,"name":"F.A.Q"}]},{"@type":"WebSite","@id":"https:\/\/massagespa.gr\/#website","url":"https:\/\/massagespa.gr\/","name":"Massage Spa","description":"\u039c\u03b1\u03c3\u03ac\u03b6 \u03c3\u03c4\u03bf \u03c3\u03c0\u03af\u03c4\u03b9 \u03c3\u03c4\u03b7\u03bd \u0391\u03b8\u03ae\u03bd\u03b1","publisher":{"@id":"https:\/\/massagespa.gr\/#organization"},"potentialAction":[{"@type":"SearchAction","target":{"@type":"EntryPoint","urlTemplate":"https:\/\/massagespa.gr\/?s={search_term_string}"},"query-input":{"@type":"PropertyValueSpecification","valueRequired":true,"valueName":"search_term_string"}}],"inLanguage":"es"},{"@type":"Organization","@id":"https:\/\/massagespa.gr\/#organization","name":"Massage Spa","url":"https:\/\/massagespa.gr\/","logo":{"@type":"ImageObject","inLanguage":"es","@id":"https:\/\/massagespa.gr\/#\/schema\/logo\/image\/","url":"https:\/\/massagespa.gr\/wp-content\/uploads\/2023\/03\/massage-spa-official-logo.png","contentUrl":"https:\/\/massagespa.gr\/wp-content\/uploads\/2023\/03\/massage-spa-official-logo.png","width":531,"height":129,"caption":"Massage Spa"},"image":{"@id":"https:\/\/massagespa.gr\/#\/schema\/logo\/image\/"}}]}},"_links":{"self":[{"href":"https:\/\/massagespa.gr\/es\/wp-json\/wp\/v2\/pages\/1819","targetHints":{"allow":["GET"]}}],"collection":[{"href":"https:\/\/massagespa.gr\/es\/wp-json\/wp\/v2\/pages"}],"about":[{"href":"https:\/\/massagespa.gr\/es\/wp-json\/wp\/v2\/types\/page"}],"author":[{"embeddable":true,"href":"https:\/\/massagespa.gr\/es\/wp-json\/wp\/v2\/users\/2"}],"replies":[{"embeddable":true,"href":"https:\/\/massagespa.gr\/es\/wp-json\/wp\/v2\/comments?post=1819"}],"version-history":[{"count":6,"href":"https:\/\/massagespa.gr\/es\/wp-json\/wp\/v2\/pages\/1819\/revisions"}],"predecessor-version":[{"id":10972,"href":"https:\/\/massagespa.gr\/es\/wp-json\/wp\/v2\/pages\/1819\/revisions\/10972"}],"wp:attachment":[{"href":"https:\/\/massagespa.gr\/es\/wp-json\/wp\/v2\/media?parent=1819"}],"curies":[{"name":"wp","href":"https:\/\/api.w.org\/{rel}","templated":true}]}}