{"id":1909,"date":"2022-04-20T14:04:52","date_gmt":"2022-04-20T11:04:52","guid":{"rendered":"https:\/\/massagespa.gr\/?page_id=1909"},"modified":"2023-03-19T01:07:30","modified_gmt":"2023-03-18T22:07:30","slug":"cv","status":"publish","type":"page","link":"https:\/\/massagespa.gr\/fr\/cv\/","title":{"rendered":"TRAVAILLE CHEZ NOUS"},"content":{"rendered":"<div class=\"row\">\n<blockquote><p>Nous recherchons des femmes et des hommes ayant des comp\u00e9tences en massage ou en th\u00e9rapies alternatives de toutes sortes, pour une coop\u00e9ration dans toute la Gr\u00e8ce ! Si vous \u00eates int\u00e9ress\u00e9 \u00e0 travailler pour Massage Spa, veuillez remplir le formulaire ci-dessous.<\/p><\/blockquote>\n<\/div>\n<p><div role=\"form\" class=\"wpcf7\" id=\"wpcf7-f1908-o1\" lang=\"en-US\" dir=\"ltr\">\n<div class=\"screen-reader-response\"><p role=\"status\" aria-live=\"polite\" aria-atomic=\"true\"><\/p> <ul><\/ul><\/div>\n<form action=\"\/fr\/wp-json\/wp\/v2\/pages\/1909#wpcf7-f1908-o1\" method=\"post\" class=\"wpcf7-form init\" novalidate=\"novalidate\" data-status=\"init\">\n<div style=\"display: none;\">\n<input type=\"hidden\" name=\"_wpcf7\" value=\"1908\" \/>\n<input type=\"hidden\" name=\"_wpcf7_version\" value=\"5.6.4\" \/>\n<input type=\"hidden\" name=\"_wpcf7_locale\" value=\"en_US\" \/>\n<input type=\"hidden\" name=\"_wpcf7_unit_tag\" value=\"wpcf7-f1908-o1\" \/>\n<input type=\"hidden\" name=\"_wpcf7_container_post\" value=\"0\" \/>\n<input type=\"hidden\" name=\"_wpcf7_posted_data_hash\" value=\"\" \/>\n<input type=\"hidden\" name=\"_wpcf7_recaptcha_response\" value=\"\" \/>\n<\/div>\n<div class=\"row\">\n\n<div class=\"col-md-6 col-12\">\n<p><label>Nom (*) <span class=\"wpcf7-form-control-wrap\" data-name=\"first-name\"><input type=\"text\" name=\"first-name\" value=\"\" size=\"40\" class=\"wpcf7-form-control wpcf7-text wpcf7-validates-as-required\" aria-required=\"true\" aria-invalid=\"false\" \/><\/span><\/label><\/p>\n<p><label>Pr\u00e9nom (*) <span class=\"wpcf7-form-control-wrap\" data-name=\"last-name\"><input type=\"text\" name=\"last-name\" value=\"\" size=\"40\" class=\"wpcf7-form-control wpcf7-text wpcf7-validates-as-required\" aria-required=\"true\" aria-invalid=\"false\" \/><\/span><\/label><\/p>\n<\/div>\n\n<div class=\"col-md-6 col-12\">\n<p><label>E-mail (*) <span class=\"wpcf7-form-control-wrap\" data-name=\"your-email\"><input type=\"email\" name=\"your-email\" value=\"\" size=\"40\" class=\"wpcf7-form-control wpcf7-text wpcf7-email wpcf7-validates-as-required wpcf7-validates-as-email\" aria-required=\"true\" aria-invalid=\"false\" \/><\/span><\/label><\/p>\n<p><label>Tel (*) <span class=\"wpcf7-form-control-wrap\" data-name=\"your-phone\"><input type=\"text\" name=\"your-phone\" value=\"\" size=\"40\" minlength=\"8\" class=\"wpcf7-form-control wpcf7-text wpcf7-phonetext wpcf7-validates-as-required wpcf7-validates-as-phonetext\" aria-required=\"true\" aria-invalid=\"false\" \/><input type=\"hidden\" name=\"your-phone-country-code\" class=\"wpcf7-phonetext-country-code\" \/><\/span><\/label><\/p>\n<\/div>\n\n<div class=\"col-md-6 col-12\">\n<p><label>R\u00e9gion (*) <span class=\"wpcf7-form-control-wrap\" data-name=\"text-perioxh\"><input type=\"text\" name=\"text-perioxh\" value=\"\" size=\"40\" class=\"wpcf7-form-control wpcf7-text wpcf7-validates-as-required\" aria-required=\"true\" aria-invalid=\"false\" \/><\/span><\/label><\/p>\n<p><label>T\u00e9l\u00e9chargez votre photo (*)<\/label> <span class=\"wpcf7-form-control-wrap\" data-name=\"file-photo\"><input type=\"file\" size=\"40\" class=\"wpcf7-form-control wpcf7-drag-n-drop-file d-none\" aria-required=\"true\" aria-invalid=\"false\" multiple=\"multiple\" data-name=\"file-photo\" data-type=\"pdf|doc|docx|jpg|jpeg|gif|png|tiff|bmp|svg\" data-min=\"1\" data-max=\"5\" data-id=\"1908\" data-version=\"free version 1.3.8.7\" accept=\".pdf, .doc, .docx, .jpg, .jpeg, .gif, .png, .tiff, .bmp, .svg\" \/><\/span><\/p>\n<\/div>\n\n<div class=\"col-md-6 col-12\">\n<p><label>Ville (*) <span class=\"wpcf7-form-control-wrap\" data-name=\"text-polh\"><input type=\"text\" name=\"text-polh\" value=\"\" size=\"40\" class=\"wpcf7-form-control wpcf7-text wpcf7-validates-as-required\" aria-required=\"true\" aria-invalid=\"false\" \/><\/span><\/label><\/p>\n<p><label>T\u00e9l\u00e9chargez votre CV <span class=\"wpcf7-form-control-wrap\" data-name=\"file-photo\"><input type=\"file\" size=\"40\" class=\"wpcf7-form-control wpcf7-drag-n-drop-file d-none\" aria-required=\"true\" aria-invalid=\"false\" multiple=\"multiple\" data-name=\"file-photo\" data-type=\"pdf|doc|docx|jpg|jpeg|gif|png|tiff|bmp|svg\" data-min=\"1\" data-max=\"5\" data-id=\"1908\" data-version=\"free version 1.3.8.7\" accept=\".pdf, .doc, .docx, .jpg, .jpeg, .gif, .png, .tiff, .bmp, .svg\" \/><\/span><\/label><\/p>\n<\/div>\n\n<div class=\"col-md-6 col-12\">\n<p><label>Avez-vous un V\u00e9hicule? (*) <span class=\"wpcf7-form-control-wrap\" data-name=\"menu-metaforiko\"><select name=\"menu-metaforiko\" class=\"wpcf7-form-control wpcf7-select wpcf7-validates-as-required\" aria-required=\"true\" aria-invalid=\"false\"><option value=\"Select\">Select<\/option><option value=\"Car\">Car<\/option><option value=\"Bike\">Bike<\/option><option value=\"No vehicle\">No vehicle<\/option><\/select><\/span><\/label><\/p>\n<p><label>Avez-vous du mat\u00e9riel de massage? (*) <span class=\"wpcf7-form-control-wrap\" data-name=\"menu-eksoplismos\"><select name=\"menu-eksoplismos\" class=\"wpcf7-form-control wpcf7-select wpcf7-validates-as-required\" aria-required=\"true\" aria-invalid=\"false\"><option value=\"Select\">Select<\/option><option value=\"Massage Table\">Massage Table<\/option><option value=\"Mattress\">Mattress<\/option><option value=\"Massage Chair\">Massage Chair<\/option><option value=\"No equipment\">No equipment<\/option><\/select><\/span><\/label><\/p>\n<\/div>\n\n<div class=\"col-md-6 col-12\">\n<p><label>Si vous n'avez pas de CV, \u00e9crivez-nous sur vous <span class=\"wpcf7-form-control-wrap\" data-name=\"your-message\"><textarea name=\"your-message\" cols=\"40\" rows=\"10\" class=\"wpcf7-form-control wpcf7-textarea\" aria-invalid=\"false\"><\/textarea><\/span><\/label><\/p>\n<\/div>\n\n<p><input type=\"submit\" value=\"SOUMETTRE\" class=\"wpcf7-form-control has-spinner wpcf7-submit\" \/><\/p>\n\n<\/div><p style=\"display: none !important;\" class=\"akismet-fields-container\" data-prefix=\"_wpcf7_ak_\"><label>&#916;<textarea name=\"_wpcf7_ak_hp_textarea\" cols=\"45\" rows=\"8\" maxlength=\"100\"><\/textarea><\/label><input type=\"hidden\" id=\"ak_js_1\" name=\"_wpcf7_ak_js\" value=\"109\"\/><script>document.getElementById( \"ak_js_1\" ).setAttribute( \"value\", ( new Date() ).getTime() );<\/script><\/p><div class=\"wpcf7-response-output\" aria-hidden=\"true\"><\/div><\/form><\/div><\/p>\n<style>\n\t#wpcf7-f302-p303-o1 > form > div.row > div:nth-child(4) > p:nth-child(1) > label > span > input {\n\t\tborder: none;\n\t}\n\t#wpcf7-f302-p303-o1 > form > div.row > div:nth-child(4) > p:nth-child(2) > label > span > input {\n\t\tborder: none;\n\t} \n<\/style>\n","protected":false},"excerpt":{"rendered":"<p>Nous recherchons des femmes et des hommes ayant des comp\u00e9tences en massage ou en th\u00e9rapies alternatives de toutes sortes, pour une coop\u00e9ration dans toute la Gr\u00e8ce ! Si vous \u00eates int\u00e9ress\u00e9 \u00e0 travailler pour Massage Spa, veuillez remplir le formulaire ci-dessous.<\/p>\n","protected":false},"author":2,"featured_media":0,"parent":0,"menu_order":0,"comment_status":"closed","ping_status":"closed","template":"","meta":{"_acf_changed":false,"footnotes":""},"class_list":["post-1909","page","type-page","status-publish","hentry"],"acf":[],"yoast_head":"<!-- This site is optimized with the Yoast SEO plugin v24.7 - https:\/\/yoast.com\/wordpress\/plugins\/seo\/ -->\n<title>TRAVAILLE CHEZ NOUS - Massage Spa<\/title>\n<meta name=\"robots\" content=\"index, follow, max-snippet:-1, max-image-preview:large, max-video-preview:-1\" \/>\n<link rel=\"canonical\" href=\"https:\/\/massagespa.gr\/\u03b5\u03c1\u03b3\u03b1\u03c3\u03af\u03b1-\u03bc\u03b1\u03c3\u03ac\u03b6\/\" \/>\n<meta property=\"og:locale\" content=\"fr_FR\" \/>\n<meta property=\"og:type\" content=\"article\" \/>\n<meta property=\"og:title\" content=\"-1220\" \/>\n<meta property=\"og:description\" content=\"90\" \/>\n<meta property=\"og:url\" content=\"https:\/\/massagespa.gr\/\u03b5\u03c1\u03b3\u03b1\u03c3\u03af\u03b1-\u03bc\u03b1\u03c3\u03ac\u03b6\/\" \/>\n<meta property=\"og:site_name\" content=\"Massage Spa\" \/>\n<meta property=\"article:modified_time\" content=\"2023-03-18T22:07:30+00:00\" \/>\n<meta name=\"twitter:card\" content=\"summary_large_image\" \/>\n<meta name=\"twitter:title\" content=\"Work for us\" \/>\n<meta name=\"twitter:description\" content=\"We are looking for women and men with skills in massage or in alternative therapies of all kinds, for cooperation all over Greece! If you are interested in working for Home Massage, please fill in the form below.\" \/>\n<script type=\"application\/ld+json\" class=\"yoast-schema-graph\">{\"@context\":\"https:\/\/schema.org\",\"@graph\":[{\"@type\":\"WebPage\",\"@id\":\"https:\/\/massagespa.gr\/%ce%b5%cf%81%ce%b3%ce%b1%cf%83%ce%af%ce%b1-%ce%bc%ce%b1%cf%83%ce%ac%ce%b6\/\",\"url\":\"https:\/\/massagespa.gr\/%ce%b5%cf%81%ce%b3%ce%b1%cf%83%ce%af%ce%b1-%ce%bc%ce%b1%cf%83%ce%ac%ce%b6\/\",\"name\":\"TRAVAILLE CHEZ NOUS - Massage Spa\",\"isPartOf\":{\"@id\":\"https:\/\/massagespa.gr\/#website\"},\"datePublished\":\"2022-04-20T11:04:52+00:00\",\"dateModified\":\"2023-03-18T22:07:30+00:00\",\"breadcrumb\":{\"@id\":\"https:\/\/massagespa.gr\/%ce%b5%cf%81%ce%b3%ce%b1%cf%83%ce%af%ce%b1-%ce%bc%ce%b1%cf%83%ce%ac%ce%b6\/#breadcrumb\"},\"inLanguage\":\"fr-FR\",\"potentialAction\":[{\"@type\":\"ReadAction\",\"target\":[\"https:\/\/massagespa.gr\/%ce%b5%cf%81%ce%b3%ce%b1%cf%83%ce%af%ce%b1-%ce%bc%ce%b1%cf%83%ce%ac%ce%b6\/\"]}]},{\"@type\":\"BreadcrumbList\",\"@id\":\"https:\/\/massagespa.gr\/%ce%b5%cf%81%ce%b3%ce%b1%cf%83%ce%af%ce%b1-%ce%bc%ce%b1%cf%83%ce%ac%ce%b6\/#breadcrumb\",\"itemListElement\":[{\"@type\":\"ListItem\",\"position\":1,\"name\":\"Home\",\"item\":\"https:\/\/massagespa.gr\/fr\/\"},{\"@type\":\"ListItem\",\"position\":2,\"name\":\"TRAVAILLE CHEZ NOUS\"}]},{\"@type\":\"WebSite\",\"@id\":\"https:\/\/massagespa.gr\/#website\",\"url\":\"https:\/\/massagespa.gr\/\",\"name\":\"Massage Spa\",\"description\":\"\u039c\u03b1\u03c3\u03ac\u03b6 \u03c3\u03c4\u03bf \u03c3\u03c0\u03af\u03c4\u03b9 \u03c3\u03c4\u03b7\u03bd \u0391\u03b8\u03ae\u03bd\u03b1\",\"publisher\":{\"@id\":\"https:\/\/massagespa.gr\/#organization\"},\"potentialAction\":[{\"@type\":\"SearchAction\",\"target\":{\"@type\":\"EntryPoint\",\"urlTemplate\":\"https:\/\/massagespa.gr\/?s={search_term_string}\"},\"query-input\":{\"@type\":\"PropertyValueSpecification\",\"valueRequired\":true,\"valueName\":\"search_term_string\"}}],\"inLanguage\":\"fr-FR\"},{\"@type\":\"Organization\",\"@id\":\"https:\/\/massagespa.gr\/#organization\",\"name\":\"Massage Spa\",\"url\":\"https:\/\/massagespa.gr\/\",\"logo\":{\"@type\":\"ImageObject\",\"inLanguage\":\"fr-FR\",\"@id\":\"https:\/\/massagespa.gr\/#\/schema\/logo\/image\/\",\"url\":\"https:\/\/massagespa.gr\/wp-content\/uploads\/2023\/03\/massage-spa-official-logo.png\",\"contentUrl\":\"https:\/\/massagespa.gr\/wp-content\/uploads\/2023\/03\/massage-spa-official-logo.png\",\"width\":531,\"height\":129,\"caption\":\"Massage Spa\"},\"image\":{\"@id\":\"https:\/\/massagespa.gr\/#\/schema\/logo\/image\/\"}}]}<\/script>\n<!-- \/ Yoast SEO plugin. -->","yoast_head_json":{"title":"TRAVAILLE CHEZ NOUS - Massage Spa","robots":{"index":"index","follow":"follow","max-snippet":"max-snippet:-1","max-image-preview":"max-image-preview:large","max-video-preview":"max-video-preview:-1"},"canonical":"https:\/\/massagespa.gr\/\u03b5\u03c1\u03b3\u03b1\u03c3\u03af\u03b1-\u03bc\u03b1\u03c3\u03ac\u03b6\/","og_locale":"fr_FR","og_type":"article","og_title":"-1220","og_description":"90","og_url":"https:\/\/massagespa.gr\/\u03b5\u03c1\u03b3\u03b1\u03c3\u03af\u03b1-\u03bc\u03b1\u03c3\u03ac\u03b6\/","og_site_name":"Massage Spa","article_modified_time":"2023-03-18T22:07:30+00:00","twitter_card":"summary_large_image","twitter_title":"Work for us","twitter_description":"We are looking for women and men with skills in massage or in alternative therapies of all kinds, for cooperation all over Greece! If you are interested in working for Home Massage, please fill in the form below.","schema":{"@context":"https:\/\/schema.org","@graph":[{"@type":"WebPage","@id":"https:\/\/massagespa.gr\/%ce%b5%cf%81%ce%b3%ce%b1%cf%83%ce%af%ce%b1-%ce%bc%ce%b1%cf%83%ce%ac%ce%b6\/","url":"https:\/\/massagespa.gr\/%ce%b5%cf%81%ce%b3%ce%b1%cf%83%ce%af%ce%b1-%ce%bc%ce%b1%cf%83%ce%ac%ce%b6\/","name":"TRAVAILLE CHEZ NOUS - Massage Spa","isPartOf":{"@id":"https:\/\/massagespa.gr\/#website"},"datePublished":"2022-04-20T11:04:52+00:00","dateModified":"2023-03-18T22:07:30+00:00","breadcrumb":{"@id":"https:\/\/massagespa.gr\/%ce%b5%cf%81%ce%b3%ce%b1%cf%83%ce%af%ce%b1-%ce%bc%ce%b1%cf%83%ce%ac%ce%b6\/#breadcrumb"},"inLanguage":"fr-FR","potentialAction":[{"@type":"ReadAction","target":["https:\/\/massagespa.gr\/%ce%b5%cf%81%ce%b3%ce%b1%cf%83%ce%af%ce%b1-%ce%bc%ce%b1%cf%83%ce%ac%ce%b6\/"]}]},{"@type":"BreadcrumbList","@id":"https:\/\/massagespa.gr\/%ce%b5%cf%81%ce%b3%ce%b1%cf%83%ce%af%ce%b1-%ce%bc%ce%b1%cf%83%ce%ac%ce%b6\/#breadcrumb","itemListElement":[{"@type":"ListItem","position":1,"name":"Home","item":"https:\/\/massagespa.gr\/fr\/"},{"@type":"ListItem","position":2,"name":"TRAVAILLE CHEZ NOUS"}]},{"@type":"WebSite","@id":"https:\/\/massagespa.gr\/#website","url":"https:\/\/massagespa.gr\/","name":"Massage Spa","description":"\u039c\u03b1\u03c3\u03ac\u03b6 \u03c3\u03c4\u03bf \u03c3\u03c0\u03af\u03c4\u03b9 \u03c3\u03c4\u03b7\u03bd \u0391\u03b8\u03ae\u03bd\u03b1","publisher":{"@id":"https:\/\/massagespa.gr\/#organization"},"potentialAction":[{"@type":"SearchAction","target":{"@type":"EntryPoint","urlTemplate":"https:\/\/massagespa.gr\/?s={search_term_string}"},"query-input":{"@type":"PropertyValueSpecification","valueRequired":true,"valueName":"search_term_string"}}],"inLanguage":"fr-FR"},{"@type":"Organization","@id":"https:\/\/massagespa.gr\/#organization","name":"Massage Spa","url":"https:\/\/massagespa.gr\/","logo":{"@type":"ImageObject","inLanguage":"fr-FR","@id":"https:\/\/massagespa.gr\/#\/schema\/logo\/image\/","url":"https:\/\/massagespa.gr\/wp-content\/uploads\/2023\/03\/massage-spa-official-logo.png","contentUrl":"https:\/\/massagespa.gr\/wp-content\/uploads\/2023\/03\/massage-spa-official-logo.png","width":531,"height":129,"caption":"Massage Spa"},"image":{"@id":"https:\/\/massagespa.gr\/#\/schema\/logo\/image\/"}}]}},"_links":{"self":[{"href":"https:\/\/massagespa.gr\/fr\/wp-json\/wp\/v2\/pages\/1909","targetHints":{"allow":["GET"]}}],"collection":[{"href":"https:\/\/massagespa.gr\/fr\/wp-json\/wp\/v2\/pages"}],"about":[{"href":"https:\/\/massagespa.gr\/fr\/wp-json\/wp\/v2\/types\/page"}],"author":[{"embeddable":true,"href":"https:\/\/massagespa.gr\/fr\/wp-json\/wp\/v2\/users\/2"}],"replies":[{"embeddable":true,"href":"https:\/\/massagespa.gr\/fr\/wp-json\/wp\/v2\/comments?post=1909"}],"version-history":[{"count":5,"href":"https:\/\/massagespa.gr\/fr\/wp-json\/wp\/v2\/pages\/1909\/revisions"}],"predecessor-version":[{"id":11335,"href":"https:\/\/massagespa.gr\/fr\/wp-json\/wp\/v2\/pages\/1909\/revisions\/11335"}],"wp:attachment":[{"href":"https:\/\/massagespa.gr\/fr\/wp-json\/wp\/v2\/media?parent=1909"}],"curies":[{"name":"wp","href":"https:\/\/api.w.org\/{rel}","templated":true}]}}