{"id":1915,"date":"2022-04-20T14:11:40","date_gmt":"2022-04-20T11:11:40","guid":{"rendered":"https:\/\/massagespa.gr\/?page_id=1915"},"modified":"2022-04-20T14:11:57","modified_gmt":"2022-04-20T11:11:57","slug":"terms-conditions","status":"publish","type":"page","link":"https:\/\/massagespa.gr\/fr\/terms-conditions\/","title":{"rendered":"CONDITIONS G\u00c9N\u00c9RALES"},"content":{"rendered":"<p> <img loading=\"lazy\" decoding=\"async\" src=\"https:\/\/massagespa.gr\/wp-content\/uploads\/2018\/07\/home-massage-athens-555x416.jpg\" alt=\"\" width=\"390\" height=\"320\" class=\"alignleft size-medium wp-image-476\" \/> <br\/> Tous les textes, informations, liens et mat\u00e9riel audio-visuel publi\u00e9es sur ce site sont exclusivement de nature informative. <\/p>\n<p>Le massage, les th\u00e9rapies et les pratiques alternatives, font partie de la m\u00e9decine compl\u00e9mentaire et ne sont surtout pas un substitut.<\/p>\n<p>R\u00e9publication du contenu de ce site n&rsquo;est pas autoris\u00e9e, seulement si elle est accompagn\u00e9e d&rsquo;un lien vers ce site.<\/p>\n","protected":false},"excerpt":{"rendered":"<p>Tous les textes, informations, liens et mat\u00e9riel audio-visuel publi\u00e9es sur ce site sont exclusivement de nature informative. Le massage, les th\u00e9rapies et les pratiques alternatives, font partie de la m\u00e9decine compl\u00e9mentaire et ne sont surtout pas un substitut. R\u00e9publication du contenu de ce site n&rsquo;est pas autoris\u00e9e, seulement si elle est accompagn\u00e9e d&rsquo;un lien vers [&hellip;]<\/p>\n","protected":false},"author":2,"featured_media":0,"parent":0,"menu_order":0,"comment_status":"closed","ping_status":"closed","template":"","meta":{"_acf_changed":false,"footnotes":""},"class_list":["post-1915","page","type-page","status-publish","hentry"],"acf":[],"yoast_head":"<!-- This site is optimized with the Yoast SEO plugin v24.7 - https:\/\/yoast.com\/wordpress\/plugins\/seo\/ -->\n<title>CONDITIONS G\u00c9N\u00c9RALES - Massage Spa<\/title>\n<meta name=\"robots\" content=\"index, follow, max-snippet:-1, max-image-preview:large, max-video-preview:-1\" \/>\n<link rel=\"canonical\" href=\"https:\/\/massagespa.gr\/oroi-proipotheseis\/\" \/>\n<meta property=\"og:locale\" content=\"fr_FR\" \/>\n<meta property=\"og:type\" content=\"article\" \/>\n<meta property=\"og:title\" content=\"-1220\" \/>\n<meta property=\"og:description\" content=\"60\" \/>\n<meta property=\"og:url\" content=\"https:\/\/massagespa.gr\/oroi-proipotheseis\/\" \/>\n<meta property=\"og:site_name\" content=\"Massage Spa\" \/>\n<meta property=\"article:modified_time\" content=\"2022-04-20T11:11:57+00:00\" \/>\n<meta name=\"twitter:card\" content=\"summary_large_image\" \/>\n<meta name=\"twitter:title\" content=\"Terms &amp; Conditions\" \/>\n<meta name=\"twitter:description\" content=\"All of the information, the links and the videos provided within this website are for informational purposes only.\" \/>\n<meta name=\"twitter:image\" content=\"https:\/\/massagespa.gr\/wp-content\/uploads\/2018\/07\/home-massage-athens-555x416.jpg\" \/>\n<script type=\"application\/ld+json\" class=\"yoast-schema-graph\">{\"@context\":\"https:\/\/schema.org\",\"@graph\":[{\"@type\":\"WebPage\",\"@id\":\"https:\/\/massagespa.gr\/oroi-proipotheseis\/\",\"url\":\"https:\/\/massagespa.gr\/oroi-proipotheseis\/\",\"name\":\"CONDITIONS G\u00c9N\u00c9RALES - Massage Spa\",\"isPartOf\":{\"@id\":\"https:\/\/massagespa.gr\/#website\"},\"primaryImageOfPage\":{\"@id\":\"https:\/\/massagespa.gr\/oroi-proipotheseis\/#primaryimage\"},\"image\":{\"@id\":\"https:\/\/massagespa.gr\/oroi-proipotheseis\/#primaryimage\"},\"thumbnailUrl\":\"https:\/\/massagespa.gr\/wp-content\/uploads\/2018\/07\/home-massage-athens-555x416.jpg\",\"datePublished\":\"2022-04-20T11:11:40+00:00\",\"dateModified\":\"2022-04-20T11:11:57+00:00\",\"breadcrumb\":{\"@id\":\"https:\/\/massagespa.gr\/oroi-proipotheseis\/#breadcrumb\"},\"inLanguage\":\"fr-FR\",\"potentialAction\":[{\"@type\":\"ReadAction\",\"target\":[\"https:\/\/massagespa.gr\/oroi-proipotheseis\/\"]}]},{\"@type\":\"ImageObject\",\"inLanguage\":\"fr-FR\",\"@id\":\"https:\/\/massagespa.gr\/oroi-proipotheseis\/#primaryimage\",\"url\":\"https:\/\/massagespa.gr\/wp-content\/uploads\/2018\/07\/home-massage-athens-555x416.jpg\",\"contentUrl\":\"https:\/\/massagespa.gr\/wp-content\/uploads\/2018\/07\/home-massage-athens-555x416.jpg\"},{\"@type\":\"BreadcrumbList\",\"@id\":\"https:\/\/massagespa.gr\/oroi-proipotheseis\/#breadcrumb\",\"itemListElement\":[{\"@type\":\"ListItem\",\"position\":1,\"name\":\"Home\",\"item\":\"https:\/\/massagespa.gr\/fr\/\"},{\"@type\":\"ListItem\",\"position\":2,\"name\":\"CONDITIONS G\u00c9N\u00c9RALES\"}]},{\"@type\":\"WebSite\",\"@id\":\"https:\/\/massagespa.gr\/#website\",\"url\":\"https:\/\/massagespa.gr\/\",\"name\":\"Massage Spa\",\"description\":\"\u039c\u03b1\u03c3\u03ac\u03b6 \u03c3\u03c4\u03bf \u03c3\u03c0\u03af\u03c4\u03b9 \u03c3\u03c4\u03b7\u03bd \u0391\u03b8\u03ae\u03bd\u03b1\",\"publisher\":{\"@id\":\"https:\/\/massagespa.gr\/#organization\"},\"potentialAction\":[{\"@type\":\"SearchAction\",\"target\":{\"@type\":\"EntryPoint\",\"urlTemplate\":\"https:\/\/massagespa.gr\/?s={search_term_string}\"},\"query-input\":{\"@type\":\"PropertyValueSpecification\",\"valueRequired\":true,\"valueName\":\"search_term_string\"}}],\"inLanguage\":\"fr-FR\"},{\"@type\":\"Organization\",\"@id\":\"https:\/\/massagespa.gr\/#organization\",\"name\":\"Massage Spa\",\"url\":\"https:\/\/massagespa.gr\/\",\"logo\":{\"@type\":\"ImageObject\",\"inLanguage\":\"fr-FR\",\"@id\":\"https:\/\/massagespa.gr\/#\/schema\/logo\/image\/\",\"url\":\"https:\/\/massagespa.gr\/wp-content\/uploads\/2023\/03\/massage-spa-official-logo.png\",\"contentUrl\":\"https:\/\/massagespa.gr\/wp-content\/uploads\/2023\/03\/massage-spa-official-logo.png\",\"width\":531,\"height\":129,\"caption\":\"Massage Spa\"},\"image\":{\"@id\":\"https:\/\/massagespa.gr\/#\/schema\/logo\/image\/\"}}]}<\/script>\n<!-- \/ Yoast SEO plugin. -->","yoast_head_json":{"title":"CONDITIONS G\u00c9N\u00c9RALES - Massage Spa","robots":{"index":"index","follow":"follow","max-snippet":"max-snippet:-1","max-image-preview":"max-image-preview:large","max-video-preview":"max-video-preview:-1"},"canonical":"https:\/\/massagespa.gr\/oroi-proipotheseis\/","og_locale":"fr_FR","og_type":"article","og_title":"-1220","og_description":"60","og_url":"https:\/\/massagespa.gr\/oroi-proipotheseis\/","og_site_name":"Massage Spa","article_modified_time":"2022-04-20T11:11:57+00:00","twitter_card":"summary_large_image","twitter_title":"Terms & Conditions","twitter_description":"All of the information, the links and the videos provided within this website are for informational purposes only.","twitter_image":"https:\/\/massagespa.gr\/wp-content\/uploads\/2018\/07\/home-massage-athens-555x416.jpg","schema":{"@context":"https:\/\/schema.org","@graph":[{"@type":"WebPage","@id":"https:\/\/massagespa.gr\/oroi-proipotheseis\/","url":"https:\/\/massagespa.gr\/oroi-proipotheseis\/","name":"CONDITIONS G\u00c9N\u00c9RALES - Massage Spa","isPartOf":{"@id":"https:\/\/massagespa.gr\/#website"},"primaryImageOfPage":{"@id":"https:\/\/massagespa.gr\/oroi-proipotheseis\/#primaryimage"},"image":{"@id":"https:\/\/massagespa.gr\/oroi-proipotheseis\/#primaryimage"},"thumbnailUrl":"https:\/\/massagespa.gr\/wp-content\/uploads\/2018\/07\/home-massage-athens-555x416.jpg","datePublished":"2022-04-20T11:11:40+00:00","dateModified":"2022-04-20T11:11:57+00:00","breadcrumb":{"@id":"https:\/\/massagespa.gr\/oroi-proipotheseis\/#breadcrumb"},"inLanguage":"fr-FR","potentialAction":[{"@type":"ReadAction","target":["https:\/\/massagespa.gr\/oroi-proipotheseis\/"]}]},{"@type":"ImageObject","inLanguage":"fr-FR","@id":"https:\/\/massagespa.gr\/oroi-proipotheseis\/#primaryimage","url":"https:\/\/massagespa.gr\/wp-content\/uploads\/2018\/07\/home-massage-athens-555x416.jpg","contentUrl":"https:\/\/massagespa.gr\/wp-content\/uploads\/2018\/07\/home-massage-athens-555x416.jpg"},{"@type":"BreadcrumbList","@id":"https:\/\/massagespa.gr\/oroi-proipotheseis\/#breadcrumb","itemListElement":[{"@type":"ListItem","position":1,"name":"Home","item":"https:\/\/massagespa.gr\/fr\/"},{"@type":"ListItem","position":2,"name":"CONDITIONS G\u00c9N\u00c9RALES"}]},{"@type":"WebSite","@id":"https:\/\/massagespa.gr\/#website","url":"https:\/\/massagespa.gr\/","name":"Massage Spa","description":"\u039c\u03b1\u03c3\u03ac\u03b6 \u03c3\u03c4\u03bf \u03c3\u03c0\u03af\u03c4\u03b9 \u03c3\u03c4\u03b7\u03bd \u0391\u03b8\u03ae\u03bd\u03b1","publisher":{"@id":"https:\/\/massagespa.gr\/#organization"},"potentialAction":[{"@type":"SearchAction","target":{"@type":"EntryPoint","urlTemplate":"https:\/\/massagespa.gr\/?s={search_term_string}"},"query-input":{"@type":"PropertyValueSpecification","valueRequired":true,"valueName":"search_term_string"}}],"inLanguage":"fr-FR"},{"@type":"Organization","@id":"https:\/\/massagespa.gr\/#organization","name":"Massage Spa","url":"https:\/\/massagespa.gr\/","logo":{"@type":"ImageObject","inLanguage":"fr-FR","@id":"https:\/\/massagespa.gr\/#\/schema\/logo\/image\/","url":"https:\/\/massagespa.gr\/wp-content\/uploads\/2023\/03\/massage-spa-official-logo.png","contentUrl":"https:\/\/massagespa.gr\/wp-content\/uploads\/2023\/03\/massage-spa-official-logo.png","width":531,"height":129,"caption":"Massage Spa"},"image":{"@id":"https:\/\/massagespa.gr\/#\/schema\/logo\/image\/"}}]}},"_links":{"self":[{"href":"https:\/\/massagespa.gr\/fr\/wp-json\/wp\/v2\/pages\/1915","targetHints":{"allow":["GET"]}}],"collection":[{"href":"https:\/\/massagespa.gr\/fr\/wp-json\/wp\/v2\/pages"}],"about":[{"href":"https:\/\/massagespa.gr\/fr\/wp-json\/wp\/v2\/types\/page"}],"author":[{"embeddable":true,"href":"https:\/\/massagespa.gr\/fr\/wp-json\/wp\/v2\/users\/2"}],"replies":[{"embeddable":true,"href":"https:\/\/massagespa.gr\/fr\/wp-json\/wp\/v2\/comments?post=1915"}],"version-history":[{"count":3,"href":"https:\/\/massagespa.gr\/fr\/wp-json\/wp\/v2\/pages\/1915\/revisions"}],"predecessor-version":[{"id":1918,"href":"https:\/\/massagespa.gr\/fr\/wp-json\/wp\/v2\/pages\/1915\/revisions\/1918"}],"wp:attachment":[{"href":"https:\/\/massagespa.gr\/fr\/wp-json\/wp\/v2\/media?parent=1915"}],"curies":[{"name":"wp","href":"https:\/\/api.w.org\/{rel}","templated":true}]}}