{"id":1926,"date":"2022-04-20T14:24:18","date_gmt":"2022-04-20T11:24:18","guid":{"rendered":"https:\/\/massagespa.gr\/?page_id=1926"},"modified":"2023-03-07T17:21:52","modified_gmt":"2023-03-07T14:21:52","slug":"massage-a-domicile-dans-tout-athenes","status":"publish","type":"page","link":"https:\/\/massagespa.gr\/fr\/","title":{"rendered":"Massage \u00e0 domicile dans tout Ath\u00e8nes"},"content":{"rendered":"","protected":false},"excerpt":{"rendered":"","protected":false},"author":2,"featured_media":0,"parent":0,"menu_order":0,"comment_status":"closed","ping_status":"closed","template":"templates\/front-page.php","meta":{"_acf_changed":false,"footnotes":""},"class_list":["post-1926","page","type-page","status-publish","hentry"],"acf":[],"yoast_head":"<!-- This site is optimized with the Yoast SEO plugin v24.7 - https:\/\/yoast.com\/wordpress\/plugins\/seo\/ -->\n<title>Massage \u00e0 domicile dans tout Ath\u00e8nes<\/title>\n<meta name=\"description\" content=\"Services de massage et de spa de haute qualit\u00e9 par des massoth\u00e9rapeutes professionnels bien form\u00e9s \u00e0 votre domicile, dans votre chambre\" \/>\n<meta name=\"robots\" content=\"index, follow, max-snippet:-1, max-image-preview:large, max-video-preview:-1\" \/>\n<link rel=\"canonical\" href=\"https:\/\/massagespa.gr\/fr\/\" \/>\n<meta property=\"og:locale\" content=\"fr_FR\" \/>\n<meta property=\"og:type\" content=\"article\" \/>\n<meta property=\"og:title\" content=\"Massage Spa\" \/>\n<meta property=\"og:description\" content=\"46\" \/>\n<meta property=\"og:url\" content=\"https:\/\/massagespa.gr\/fr\/\" \/>\n<meta property=\"og:site_name\" content=\"Massage Spa\" \/>\n<meta property=\"article:modified_time\" content=\"2023-03-07T14:21:52+00:00\" \/>\n<meta name=\"twitter:card\" content=\"summary_large_image\" \/>\n<meta name=\"twitter:title\" content=\"Massage Spa\" \/>\n<meta name=\"twitter:description\" content=\"Massage at home all over Athens. Massage at your place by professional therapists!\" \/>\n<meta name=\"twitter:image\" content=\"https:\/\/massagespa.gr\/wp-content\/uploads\/2018\/06\/\u03bc\u03b1\u03c3\u03b1\u03b6-\u03c3\u03c4\u03bf-\u03c3\u03c0\u03b9\u03c4\u03b9-1400x750.jpg\" \/>\n<script type=\"application\/ld+json\" class=\"yoast-schema-graph\">{\"@context\":\"https:\/\/schema.org\",\"@graph\":[{\"@type\":\"WebPage\",\"@id\":\"https:\/\/massagespa.gr\/fr\/\",\"url\":\"https:\/\/massagespa.gr\/fr\/\",\"name\":\"Massage \u00e0 domicile dans tout Ath\u00e8nes\",\"isPartOf\":{\"@id\":\"https:\/\/massagespa.gr\/#website\"},\"datePublished\":\"2022-04-20T11:24:18+00:00\",\"dateModified\":\"2023-03-07T14:21:52+00:00\",\"description\":\"Services de massage et de spa de haute qualit\u00e9 par des massoth\u00e9rapeutes professionnels bien form\u00e9s \u00e0 votre domicile, dans votre chambre\",\"breadcrumb\":{\"@id\":\"https:\/\/massagespa.gr\/fr\/#breadcrumb\"},\"inLanguage\":\"fr-FR\",\"potentialAction\":[{\"@type\":\"ReadAction\",\"target\":[\"https:\/\/massagespa.gr\/fr\/\"]}]},{\"@type\":\"BreadcrumbList\",\"@id\":\"https:\/\/massagespa.gr\/fr\/#breadcrumb\",\"itemListElement\":[{\"@type\":\"ListItem\",\"position\":1,\"name\":\"Home\",\"item\":\"https:\/\/massagespa.gr\/fr\/\"},{\"@type\":\"ListItem\",\"position\":2,\"name\":\"Massage \u00e0 domicile dans tout Ath\u00e8nes\"}]},{\"@type\":\"WebSite\",\"@id\":\"https:\/\/massagespa.gr\/#website\",\"url\":\"https:\/\/massagespa.gr\/\",\"name\":\"Massage Spa\",\"description\":\"\u039c\u03b1\u03c3\u03ac\u03b6 \u03c3\u03c4\u03bf \u03c3\u03c0\u03af\u03c4\u03b9 \u03c3\u03c4\u03b7\u03bd \u0391\u03b8\u03ae\u03bd\u03b1\",\"publisher\":{\"@id\":\"https:\/\/massagespa.gr\/#organization\"},\"potentialAction\":[{\"@type\":\"SearchAction\",\"target\":{\"@type\":\"EntryPoint\",\"urlTemplate\":\"https:\/\/massagespa.gr\/?s={search_term_string}\"},\"query-input\":{\"@type\":\"PropertyValueSpecification\",\"valueRequired\":true,\"valueName\":\"search_term_string\"}}],\"inLanguage\":\"fr-FR\"},{\"@type\":\"Organization\",\"@id\":\"https:\/\/massagespa.gr\/#organization\",\"name\":\"Massage Spa\",\"url\":\"https:\/\/massagespa.gr\/\",\"logo\":{\"@type\":\"ImageObject\",\"inLanguage\":\"fr-FR\",\"@id\":\"https:\/\/massagespa.gr\/#\/schema\/logo\/image\/\",\"url\":\"https:\/\/massagespa.gr\/wp-content\/uploads\/2023\/03\/massage-spa-official-logo.png\",\"contentUrl\":\"https:\/\/massagespa.gr\/wp-content\/uploads\/2023\/03\/massage-spa-official-logo.png\",\"width\":531,\"height\":129,\"caption\":\"Massage Spa\"},\"image\":{\"@id\":\"https:\/\/massagespa.gr\/#\/schema\/logo\/image\/\"}}]}<\/script>\n<!-- \/ Yoast SEO plugin. -->","yoast_head_json":{"title":"Massage \u00e0 domicile dans tout Ath\u00e8nes","description":"Services de massage et de spa de haute qualit\u00e9 par des massoth\u00e9rapeutes professionnels bien form\u00e9s \u00e0 votre domicile, dans votre chambre","robots":{"index":"index","follow":"follow","max-snippet":"max-snippet:-1","max-image-preview":"max-image-preview:large","max-video-preview":"max-video-preview:-1"},"canonical":"https:\/\/massagespa.gr\/fr\/","og_locale":"fr_FR","og_type":"article","og_title":"Massage Spa","og_description":"46","og_url":"https:\/\/massagespa.gr\/fr\/","og_site_name":"Massage Spa","article_modified_time":"2023-03-07T14:21:52+00:00","twitter_card":"summary_large_image","twitter_title":"Massage Spa","twitter_description":"Massage at home all over Athens. Massage at your place by professional therapists!","twitter_image":"https:\/\/massagespa.gr\/wp-content\/uploads\/2018\/06\/\u03bc\u03b1\u03c3\u03b1\u03b6-\u03c3\u03c4\u03bf-\u03c3\u03c0\u03b9\u03c4\u03b9-1400x750.jpg","schema":{"@context":"https:\/\/schema.org","@graph":[{"@type":"WebPage","@id":"https:\/\/massagespa.gr\/fr\/","url":"https:\/\/massagespa.gr\/fr\/","name":"Massage \u00e0 domicile dans tout Ath\u00e8nes","isPartOf":{"@id":"https:\/\/massagespa.gr\/#website"},"datePublished":"2022-04-20T11:24:18+00:00","dateModified":"2023-03-07T14:21:52+00:00","description":"Services de massage et de spa de haute qualit\u00e9 par des massoth\u00e9rapeutes professionnels bien form\u00e9s \u00e0 votre domicile, dans votre chambre","breadcrumb":{"@id":"https:\/\/massagespa.gr\/fr\/#breadcrumb"},"inLanguage":"fr-FR","potentialAction":[{"@type":"ReadAction","target":["https:\/\/massagespa.gr\/fr\/"]}]},{"@type":"BreadcrumbList","@id":"https:\/\/massagespa.gr\/fr\/#breadcrumb","itemListElement":[{"@type":"ListItem","position":1,"name":"Home","item":"https:\/\/massagespa.gr\/fr\/"},{"@type":"ListItem","position":2,"name":"Massage \u00e0 domicile dans tout Ath\u00e8nes"}]},{"@type":"WebSite","@id":"https:\/\/massagespa.gr\/#website","url":"https:\/\/massagespa.gr\/","name":"Massage Spa","description":"\u039c\u03b1\u03c3\u03ac\u03b6 \u03c3\u03c4\u03bf \u03c3\u03c0\u03af\u03c4\u03b9 \u03c3\u03c4\u03b7\u03bd \u0391\u03b8\u03ae\u03bd\u03b1","publisher":{"@id":"https:\/\/massagespa.gr\/#organization"},"potentialAction":[{"@type":"SearchAction","target":{"@type":"EntryPoint","urlTemplate":"https:\/\/massagespa.gr\/?s={search_term_string}"},"query-input":{"@type":"PropertyValueSpecification","valueRequired":true,"valueName":"search_term_string"}}],"inLanguage":"fr-FR"},{"@type":"Organization","@id":"https:\/\/massagespa.gr\/#organization","name":"Massage Spa","url":"https:\/\/massagespa.gr\/","logo":{"@type":"ImageObject","inLanguage":"fr-FR","@id":"https:\/\/massagespa.gr\/#\/schema\/logo\/image\/","url":"https:\/\/massagespa.gr\/wp-content\/uploads\/2023\/03\/massage-spa-official-logo.png","contentUrl":"https:\/\/massagespa.gr\/wp-content\/uploads\/2023\/03\/massage-spa-official-logo.png","width":531,"height":129,"caption":"Massage Spa"},"image":{"@id":"https:\/\/massagespa.gr\/#\/schema\/logo\/image\/"}}]}},"_links":{"self":[{"href":"https:\/\/massagespa.gr\/fr\/wp-json\/wp\/v2\/pages\/1926","targetHints":{"allow":["GET"]}}],"collection":[{"href":"https:\/\/massagespa.gr\/fr\/wp-json\/wp\/v2\/pages"}],"about":[{"href":"https:\/\/massagespa.gr\/fr\/wp-json\/wp\/v2\/types\/page"}],"author":[{"embeddable":true,"href":"https:\/\/massagespa.gr\/fr\/wp-json\/wp\/v2\/users\/2"}],"replies":[{"embeddable":true,"href":"https:\/\/massagespa.gr\/fr\/wp-json\/wp\/v2\/comments?post=1926"}],"version-history":[{"count":2,"href":"https:\/\/massagespa.gr\/fr\/wp-json\/wp\/v2\/pages\/1926\/revisions"}],"predecessor-version":[{"id":11167,"href":"https:\/\/massagespa.gr\/fr\/wp-json\/wp\/v2\/pages\/1926\/revisions\/11167"}],"wp:attachment":[{"href":"https:\/\/massagespa.gr\/fr\/wp-json\/wp\/v2\/media?parent=1926"}],"curies":[{"name":"wp","href":"https:\/\/api.w.org\/{rel}","templated":true}]}}