{"id":1930,"date":"2022-04-20T14:30:45","date_gmt":"2022-04-20T11:30:45","guid":{"rendered":"https:\/\/massagespa.gr\/?page_id=1930"},"modified":"2023-05-15T12:11:59","modified_gmt":"2023-05-15T09:11:59","slug":"online-booking","status":"publish","type":"page","link":"https:\/\/massagespa.gr\/fr\/online-booking\/","title":{"rendered":"R\u00c9SERVATION EN LIGNE"},"content":{"rendered":"<blockquote><p><small>Pour r\u00e9server une s\u00e9ance il faut simplement appeler au <strong><a href=\"tel:+302118000310\">+30 211 8000 310<\/a><\/strong> sinon vous pouvez aussi remplir le formulaire.\nVous pouvez \u00e9galement nous envoyer un message sur <strong><a href=\"https:\/\/wa.me\/302118000310\" target=\"_blank\" rel=\"noopener noreferrer\">WhatsApp<\/a><\/strong>.<\/small><\/p><\/blockquote>\n<p><div role=\"form\" class=\"wpcf7\" id=\"wpcf7-f1905-o1\" lang=\"en-US\" dir=\"ltr\">\n<div class=\"screen-reader-response\"><p role=\"status\" aria-live=\"polite\" aria-atomic=\"true\"><\/p> <ul><\/ul><\/div>\n<form action=\"\/fr\/wp-json\/wp\/v2\/pages\/1930#wpcf7-f1905-o1\" method=\"post\" class=\"wpcf7-form init\" novalidate=\"novalidate\" data-status=\"init\">\n<div style=\"display: none;\">\n<input type=\"hidden\" name=\"_wpcf7\" value=\"1905\" \/>\n<input type=\"hidden\" name=\"_wpcf7_version\" value=\"5.6.4\" \/>\n<input type=\"hidden\" name=\"_wpcf7_locale\" value=\"en_US\" \/>\n<input type=\"hidden\" name=\"_wpcf7_unit_tag\" value=\"wpcf7-f1905-o1\" \/>\n<input type=\"hidden\" name=\"_wpcf7_container_post\" value=\"0\" \/>\n<input type=\"hidden\" name=\"_wpcf7_posted_data_hash\" value=\"\" \/>\n<input type=\"hidden\" name=\"_wpcf7_recaptcha_response\" value=\"\" \/>\n<\/div>\n<div class=\"row\">\n\n\t<div class=\"col-md-6 col-12\">\n\t\t<p style=\"margin-bottom: 15px;\"><b><u>Donn\u00e9es Personnelles<\/u><\/b><\/p>\n\t\t<p><label> Nom & Pr\u00e9nom (*)<\/label>\n\t\t    <span class=\"wpcf7-form-control-wrap\" data-name=\"your-name\"><input type=\"text\" name=\"your-name\" value=\"\" size=\"40\" class=\"wpcf7-form-control wpcf7-text wpcf7-validates-as-required\" aria-required=\"true\" aria-invalid=\"false\" \/><\/span> <\/p>\n\t\t<p><label> Tel (*)<\/label>\n\t\t    <span class=\"wpcf7-form-control-wrap\" data-name=\"phonetext-782\"><input type=\"text\" name=\"phonetext-782\" value=\"\" size=\"40\" minlength=\"8\" class=\"wpcf7-form-control wpcf7-text wpcf7-phonetext wpcf7-validates-as-required wpcf7-validates-as-phonetext\" aria-required=\"true\" aria-invalid=\"false\" \/><input type=\"hidden\" name=\"phonetext-782-country-code\" class=\"wpcf7-phonetext-country-code\" \/><\/span> <\/p>\n\t\t<p><label> Votre e-mail (*)\n\t\t    <span class=\"wpcf7-form-control-wrap\" data-name=\"your-email\"><input type=\"email\" name=\"your-email\" value=\"\" size=\"40\" class=\"wpcf7-form-control wpcf7-text wpcf7-email wpcf7-validates-as-required wpcf7-validates-as-email\" aria-required=\"true\" aria-invalid=\"false\" \/><\/span> <\/label><\/p>\n\n\t<\/div>\n\n\t<div class=\"col-md-6 col-12\">\n\t\t<p style=\"margin-bottom: 15px;\"><b><u>D\u00e9tails de la s\u00e9ance<\/u><\/b><\/p>\n\t\t<p><label> Date (*) <\/label>\n\t\t\t<span class=\"wpcf7-form-control-wrap\" data-name=\"your-arrival\"><input type=\"date\" name=\"your-arrival\" value=\"\" class=\"wpcf7-form-control wpcf7-date wpcf7-validates-as-required wpcf7-validates-as-date\" aria-required=\"true\" aria-invalid=\"false\" \/><\/span> <\/p>\n\t\t<p><label> Heure (*)<\/label>\n\t\t\t<span class=\"wpcf7-form-control-wrap\" data-name=\"menu-219\"><select name=\"menu-219\" class=\"wpcf7-form-control wpcf7-select wpcf7-validates-as-required\" aria-required=\"true\" aria-invalid=\"false\"><option value=\"09:00\">09:00<\/option><option value=\"09:30\">09:30<\/option><option value=\"10:00\">10:00<\/option><option value=\"10:30\">10:30<\/option><option value=\"11:00\">11:00<\/option><option value=\"11:30\">11:30<\/option><option value=\"12:00\">12:00<\/option><option value=\"12:30\">12:30<\/option><option value=\"13:00\">13:00<\/option><option value=\"13:30\">13:30<\/option><option value=\"14:00\">14:00<\/option><option value=\"14:30\">14:30<\/option><option value=\"15:00\">15:00<\/option><option value=\"15:30\">15:30<\/option><option value=\"16:00\">16:00<\/option><option value=\"16:30\">16:30<\/option><option value=\"17:00\">17:00<\/option><option value=\"17:30\">17:30<\/option><option value=\"18:00\">18:00<\/option><option value=\"18:30\">18:30<\/option><option value=\"19:00\">19:00<\/option><option value=\"19:30\">19:30<\/option><option value=\"20:00\">20:00<\/option><option value=\"20:30\">20:30<\/option><option value=\"21:00\">21:00<\/option><option value=\"21:30\">21:30<\/option><option value=\"22:00\">22:00<\/option><\/select><\/span> <\/p>\n\t\t<p>\n\t\t\t<label> Dur\u00e9e (*)<\/label>\n\t\t\t\t<select name=\"mssgtime\" id=\"mssgtimeSelect\" onchange=\"meetsosFunctionenglish()\">\n\t\t\t\t<option value=\"1 heure\">1 heure<\/option>\n\t\t\t\t<option value=\"1,5 heure\">1,5 heure<\/option>\n\t\t\t\t<option value=\"2 heures\">2 heures<\/option>\n\t\t\t\t<\/select>\n\t\t<\/p>\n\t<\/div>\n\n<\/div>\n\n<div style=\"margin-bottom: 60px;\"><\/div>\t\t\t\t\t\t\t\t\t\t\n\n<div class=\"row\">\n\n\t<div class=\"col-md-6 col-12\">\n\t\t<p style=\"margin-bottom: 10px;\"><b><u>Lieu de la s\u00e9ance<\/u><\/b><\/p>\n\t\t<p><label> R\u00e9gion (*)\n\t\t    <span class=\"wpcf7-form-control-wrap\" data-name=\"perioxi\"><input type=\"text\" name=\"perioxi\" value=\"\" size=\"40\" class=\"wpcf7-form-control wpcf7-text wpcf7-validates-as-required\" aria-required=\"true\" aria-invalid=\"false\" \/><\/span> <\/label><\/p>\n\t\t<p><label> Adresse\n\t\t    <span class=\"wpcf7-form-control-wrap\" data-name=\"diefthinsi\"><input type=\"text\" name=\"diefthinsi\" value=\"\" size=\"40\" class=\"wpcf7-form-control wpcf7-text\" aria-invalid=\"false\" \/><\/span> <\/label><\/p>\n\t\t<p><label> Nom de l'h\u00f4tel\n\t\t    <span class=\"wpcf7-form-control-wrap\" data-name=\"hotel\"><input type=\"text\" name=\"hotel\" value=\"\" size=\"40\" class=\"wpcf7-form-control wpcf7-text\" aria-invalid=\"false\" \/><\/span> <\/label><\/p>\n\t\t<p><label> Num\u00e9ro de Chambre ou Sonnette (*)\n\t\t    <span class=\"wpcf7-form-control-wrap\" data-name=\"koudouni\"><input type=\"text\" name=\"koudouni\" value=\"\" size=\"40\" class=\"wpcf7-form-control wpcf7-text wpcf7-validates-as-required\" aria-required=\"true\" aria-invalid=\"false\" \/><\/span> <\/label><\/p>\n\t\t<p><label> Plancher (*)\n\t\t    <span class=\"wpcf7-form-control-wrap\" data-name=\"orofos\"><input type=\"text\" name=\"orofos\" value=\"\" size=\"40\" class=\"wpcf7-form-control wpcf7-text wpcf7-validates-as-required\" aria-required=\"true\" aria-invalid=\"false\" \/><\/span> <\/label><\/p>\n\t\t<p><label> Code Coupon \/ Commentaires\n\t\t\t<span class=\"wpcf7-form-control-wrap\" data-name=\"sxolia\"><textarea name=\"sxolia\" cols=\"20\" rows=\"5\" class=\"wpcf7-form-control wpcf7-textarea\" aria-invalid=\"false\"><\/textarea><\/span> <\/label><\/p>\n\t<\/div>\n\n\t<div class=\"col-md-6 col-12\">\n\t\t<p style=\"margin-bottom: 15px;\"><b><u>Type de Th\u00e9rapie<\/u><\/b><\/p>\n\t\t<p><label> Type de Th\u00e9rapie\n\t\t\t<select name='cursus2' id='cursus2' onchange='document.getElementById(\"cursus2\").value=this.value;'><option><\/option><option value='Lymphatique'> Lymphatique <\/option><option value='Reiki'> Reiki <\/option><option value='Aromath\u00e9rapie'> Aromath\u00e9rapie <\/option><option value='Grossesse\/Pr\u00e9natal'> Grossesse\/Pr\u00e9natal <\/option><option value='Ashiatsu-Pieds nus'> Ashiatsu-Pieds nus <\/option><option value='Shiatsu'> Shiatsu <\/option><option value='Cellulite'> Cellulite <\/option><option value='Tissu Profond'> Tissu Profond <\/option><option value='Ancient Greek Massage'> Ancient Greek Massage <\/option><option value='Sportif'> Sportif <\/option><option value='Par Ventouses'> Par Ventouses <\/option><option value='Thai'> Thai <\/option><option value='Chocotherapy'> Chocotherapy <\/option><option value='R\u00e9flexologie'> R\u00e9flexologie <\/option><option value='Rejuvance'> Rejuvance <\/option><option value='Ayurv\u00e9dique'> Ayurv\u00e9dique <\/option><option value='Holistique'> Holistique <\/option><option value='Hot Stones'> Hot Stones <\/option><option value='Su\u00e9doise'> Su\u00e9doise <\/option><\/select> <\/label><\/p>\n\t\t<p>\t<label> Type de massage <\/label>\n\t\t\t<select name=\"mssgplc\" id=\"mssgplcSelect\" onchange=\"meetsosFunction()\">\n\t\t\t\t<option value=\"Massage \u00e0 domicile\/h\u00f4tel\">Massage \u00e0 domicile\/h\u00f4tel<\/option>\n\t\t\t\t<option value=\"Massage sur un yacht\">Massage sur un yacht<\/option>\n\t\t\t\t<option value=\"Massage \u00e0 4 mains\">Massage \u00e0 4 mains<\/option>\n\t\t\t\t<option value=\"Massage en couple avec 1 th\u00e9rapeute\">Massage en couple avec 1 th\u00e9rapeute<\/option>\n\t\t\t\t<option value=\"Massage en couple avec 2 th\u00e9rapeutes\">Massage en couple avec 2 th\u00e9rapeutes<\/option>\n\t\t\t<\/select>\n\t\t<\/p>\n\t\t<p id=\"selectherapist\"><label> S\u00e9lectionnez un th\u00e9rapeute. Choisissez ceux qui vous int\u00e9ressent.\n\t\t\t<div class=\"therapist_selection row\"><div class=\"col-xl-3 col-lg-4 col-md-6 col-sm-6 col-6\"><div class=\"selectherap1\">\n<input type=\"checkbox\" id=\"Toute femme\" name=\"cursus[]\" value=\"Toute femme\"\/>\n\t\t\t\t<label for=\"Toute femme\">\n\t\t\t\t  <img decoding=\"async\" src=\"\/images\/any-woman.png\" title=\"Toute femme\">\n\t\t\t\t<p>Toute femme<\/p>\n\t\t\t\t<\/label>\n\t\t\t\t<\/div><\/div>\n\t\t\t\t<div class=\"col-xl-3 col-lg-4 col-md-6 col-sm-6 col-6\"><div class=\"selectherap2\">\n\t\t\t\t<input type=\"checkbox\" id=\"Tout homme\" name=\"cursus[]\" value=\"Tout homme\"\/>\n\t\t\t\t<label for=\"Tout homme\">\n\t\t\t\t  <img decoding=\"async\" src=\"\/images\/any-man.png\" title=\"Tout homme\">\n\t\t\t\t<p>Tout homme<\/p>\n\t\t\t\t<\/label>\n\t\t\t\t<\/div><\/div><div class=\"col-xl-3 col-lg-4 col-md-6 col-sm-6 col-6\">\n\t<div class=\"selectherap3\"><input type=\"checkbox\" id=\"Giouli\" name=\"cursus[]\" value=\"Giouli\"\/>\n\t\t\t\t<label for=\"Giouli\">\n\t\t\t\t  <img decoding=\"async\" src=\"https:\/\/massagespa.gr\/wp-content\/uploads\/2025\/03\/\u03bc\u03b1\u03c3\u03ac\u03b6-\u03c3\u03c4\u03bf-\u03c3\u03c0\u03af\u03c4\u03b9.png\" title=\"Giouli\">\n\t\t\t\t<p>Giouli<\/p>\n\t\t\t\t<\/label>\n\t\t\t\t<\/div><\/div><div class=\"col-xl-3 col-lg-4 col-md-6 col-sm-6 col-6\">\n\t<div class=\"selectherap3\"><input type=\"checkbox\" id=\"Georgia\" name=\"cursus[]\" value=\"Georgia\"\/>\n\t\t\t\t<label for=\"Georgia\">\n\t\t\t\t  <img decoding=\"async\" src=\"https:\/\/massagespa.gr\/wp-content\/uploads\/2025\/03\/masaz-kat-oikon-georgia.png\" title=\"Georgia\">\n\t\t\t\t<p>Georgia<\/p>\n\t\t\t\t<\/label>\n\t\t\t\t<\/div><\/div><div class=\"col-xl-3 col-lg-4 col-md-6 col-sm-6 col-6\">\n\t<div class=\"selectherap3\"><input type=\"checkbox\" id=\"Dimitris\" name=\"cursus[]\" value=\"Dimitris\"\/>\n\t\t\t\t<label for=\"Dimitris\">\n\t\t\t\t  <img decoding=\"async\" src=\"https:\/\/massagespa.gr\/wp-content\/uploads\/2023\/02\/massage_therapist_athens-dimitris.png\" title=\"Dimitris\">\n\t\t\t\t<p>Dimitris<\/p>\n\t\t\t\t<\/label>\n\t\t\t\t<\/div><\/div><div class=\"col-xl-3 col-lg-4 col-md-6 col-sm-6 col-6\">\n\t<div class=\"selectherap3\"><input type=\"checkbox\" id=\"Maria\" name=\"cursus[]\" value=\"Maria\"\/>\n\t\t\t\t<label for=\"Maria\">\n\t\t\t\t  <img decoding=\"async\" src=\"https:\/\/massagespa.gr\/wp-content\/uploads\/2023\/02\/personal-trainer-maria.png\" title=\"Maria\">\n\t\t\t\t<p>Maria<\/p>\n\t\t\t\t<\/label>\n\t\t\t\t<\/div><\/div><div class=\"col-xl-3 col-lg-4 col-md-6 col-sm-6 col-6\">\n\t<div class=\"selectherap3\"><input type=\"checkbox\" id=\"Anastasia\" name=\"cursus[]\" value=\"Anastasia\"\/>\n\t\t\t\t<label for=\"Anastasia\">\n\t\t\t\t  <img decoding=\"async\" src=\"https:\/\/massagespa.gr\/wp-content\/uploads\/2023\/02\/massage-athina-anastasia.png\" title=\"Anastasia\">\n\t\t\t\t<p>Anastasia<\/p>\n\t\t\t\t<\/label>\n\t\t\t\t<\/div><\/div><div class=\"col-xl-3 col-lg-4 col-md-6 col-sm-6 col-6\">\n\t<div class=\"selectherap3\"><input type=\"checkbox\" id=\"Tonia\" name=\"cursus[]\" value=\"Tonia\"\/>\n\t\t\t\t<label for=\"Tonia\">\n\t\t\t\t  <img decoding=\"async\" src=\"https:\/\/massagespa.gr\/wp-content\/uploads\/2023\/03\/massage-athina-tonia.png\" title=\"Tonia\">\n\t\t\t\t<p>Tonia<\/p>\n\t\t\t\t<\/label>\n\t\t\t\t<\/div><\/div><div class=\"col-xl-3 col-lg-4 col-md-6 col-sm-6 col-6\">\n\t<div class=\"selectherap3\"><input type=\"checkbox\" id=\"Philip\" name=\"cursus[]\" value=\"Philip\"\/>\n\t\t\t\t<label for=\"Philip\">\n\t\t\t\t  <img decoding=\"async\" src=\"https:\/\/massagespa.gr\/wp-content\/uploads\/2021\/06\/massage-sto-spiti-filippos.png\" title=\"Philip\">\n\t\t\t\t<p>Philip<\/p>\n\t\t\t\t<\/label>\n\t\t\t\t<\/div><\/div><div class=\"col-xl-3 col-lg-4 col-md-6 col-sm-6 col-6\">\n\t<div class=\"selectherap3\"><input type=\"checkbox\" id=\"Elena\" name=\"cursus[]\" value=\"Elena\"\/>\n\t\t\t\t<label for=\"Elena\">\n\t\t\t\t  <img decoding=\"async\" src=\"https:\/\/massagespa.gr\/wp-content\/uploads\/2023\/02\/masseuse-elena.png\" title=\"Elena\">\n\t\t\t\t<p>Elena<\/p>\n\t\t\t\t<\/label>\n\t\t\t\t<\/div><\/div><\/div> <\/label><\/p>\n\t<\/div>\n\n<p><input type=\"submit\" value=\"SOUMETTRE\" class=\"wpcf7-form-control has-spinner wpcf7-submit\" \/><\/p>\n\t\n<\/div>\n\n<p>* Champs obligatoires<\/p>\n\n<p>** Si la s\u00e9ance de th\u00e9rapie a lieu dans un h\u00f4tel, veuillez vous assurer que vous nous avez communiqu\u00e9 le m\u00eame nom de famille que celui que vous avez communiqu\u00e9 \u00e0 la r\u00e9ception de l'h\u00f4tel.<\/p><p style=\"display: none !important;\" class=\"akismet-fields-container\" data-prefix=\"_wpcf7_ak_\"><label>&#916;<textarea name=\"_wpcf7_ak_hp_textarea\" cols=\"45\" rows=\"8\" maxlength=\"100\"><\/textarea><\/label><input type=\"hidden\" id=\"ak_js_1\" name=\"_wpcf7_ak_js\" value=\"81\"\/><script>document.getElementById( \"ak_js_1\" ).setAttribute( \"value\", ( new Date() ).getTime() );<\/script><\/p><div class=\"wpcf7-response-output\" aria-hidden=\"true\"><\/div><\/form><\/div><\/p>\n<div id=\"PayPalMsg\" style=\"display: none;\">\n<blockquote><p>Merci, votre r\u00e9servation a \u00e9t\u00e9 soumise et nous vous contacterons dans les plus brefs d\u00e9lais afin de v\u00e9rifier votre rendez-vous. Ci-dessous, nous vous offrons la possibilit\u00e9 d&rsquo;effectuer votre paiement par carte ou via PayPal. Vous pouvez \u00e9galement le faire en esp\u00e8ces \u00e0 la fin de la s\u00e9ance de massage.<\/p><\/blockquote>\n<div id=\"meetsospal\" style=\"text-align: center;\">\n<form action=\"https:\/\/www.paypal.com\/cgi-bin\/webscr\" method=\"post\" target=\"_top\"><input name=\"cmd\" type=\"hidden\" value=\"_s-xclick\" \/>\n<input id=\"ThePayPalId\" name=\"hosted_button_id\" type=\"hidden\" value=\"KNAKH8GJDVMSA\" \/>\n<input style=\"width: 165px; height: 65px;\" alt=\"PayPal - The safer, easier way to pay online!\" name=\"submit\" src=\"https:\/\/massagespa.gr\/wp-content\/uploads\/2021\/05\/pay-now-button.png\" type=\"image\" \/>\n<img loading=\"lazy\" decoding=\"async\" src=\"https:\/\/www.paypalobjects.com\/el_GR\/i\/scr\/pixel.gif\" alt=\"\" width=\"1\" height=\"1\" border=\"0\" \/><\/form>\n<\/div>\n<\/div>\n<style> #comments { display: none; } <\/style>\n","protected":false},"excerpt":{"rendered":"<p>Pour r\u00e9server une s\u00e9ance il faut simplement appeler au +30 211 8000 310 sinon vous pouvez aussi remplir le formulaire. Vous pouvez \u00e9galement nous envoyer un message sur WhatsApp. Merci, votre r\u00e9servation a \u00e9t\u00e9 soumise et nous vous contacterons dans les plus brefs d\u00e9lais afin de v\u00e9rifier votre rendez-vous. Ci-dessous, nous vous offrons la possibilit\u00e9 [&hellip;]<\/p>\n","protected":false},"author":2,"featured_media":0,"parent":0,"menu_order":0,"comment_status":"closed","ping_status":"closed","template":"","meta":{"_acf_changed":false,"footnotes":""},"class_list":["post-1930","page","type-page","status-publish","hentry"],"acf":[],"yoast_head":"<!-- This site is optimized with the Yoast SEO plugin v24.7 - https:\/\/yoast.com\/wordpress\/plugins\/seo\/ -->\n<title>R\u00c9SERVATION EN LIGNE - Massage Spa<\/title>\n<meta name=\"robots\" content=\"index, follow, max-snippet:-1, max-image-preview:large, max-video-preview:-1\" \/>\n<link rel=\"canonical\" href=\"https:\/\/massagespa.gr\/online-booking\/\" \/>\n<meta property=\"og:locale\" content=\"fr_FR\" \/>\n<meta property=\"og:type\" content=\"article\" \/>\n<meta property=\"og:title\" content=\"R\u00e9servation en ligne\" \/>\n<meta property=\"og:description\" content=\"To book an appointment give us a call at +30 2118000310 or fill in the form below.\" \/>\n<meta property=\"og:url\" content=\"https:\/\/massagespa.gr\/online-booking\/\" \/>\n<meta property=\"og:site_name\" content=\"Massage Spa\" \/>\n<meta property=\"article:modified_time\" content=\"2023-05-15T09:11:59+00:00\" \/>\n<meta property=\"og:image\" content=\"https:\/\/massagespa.gr\/wp-content\/uploads\/2018\/06\/\u03bc\u03b1\u03c3\u03ac\u03b6_\u03c3\u03b5_\u03c3\u03ba\u03ac\u03c6\u03bf\u03c2.jpg\" \/>\n\t<meta property=\"og:image:width\" content=\"900\" \/>\n\t<meta property=\"og:image:height\" content=\"600\" \/>\n\t<meta property=\"og:image:type\" content=\"image\/jpeg\" \/>\n<meta name=\"twitter:card\" content=\"summary_large_image\" \/>\n<meta name=\"twitter:title\" content=\"R\u00e9servation en ligne\" \/>\n<meta name=\"twitter:description\" content=\"To book an appointment give us a call at +30 2118000310 or fill in the form below.\" \/>\n<meta name=\"twitter:image\" content=\"https:\/\/massagespa.gr\/wp-content\/uploads\/2018\/06\/\u03bc\u03b1\u03c3\u03ac\u03b6_\u03c3\u03b5_\u03c3\u03ba\u03ac\u03c6\u03bf\u03c2.jpg\" \/>\n<script type=\"application\/ld+json\" class=\"yoast-schema-graph\">{\"@context\":\"https:\/\/schema.org\",\"@graph\":[{\"@type\":\"WebPage\",\"@id\":\"https:\/\/massagespa.gr\/online-booking\/\",\"url\":\"https:\/\/massagespa.gr\/online-booking\/\",\"name\":\"R\u00c9SERVATION EN LIGNE - Massage Spa\",\"isPartOf\":{\"@id\":\"https:\/\/massagespa.gr\/#website\"},\"primaryImageOfPage\":{\"@id\":\"https:\/\/massagespa.gr\/online-booking\/#primaryimage\"},\"image\":{\"@id\":\"https:\/\/massagespa.gr\/online-booking\/#primaryimage\"},\"thumbnailUrl\":\"https:\/\/www.paypalobjects.com\/el_GR\/i\/scr\/pixel.gif\",\"datePublished\":\"2022-04-20T11:30:45+00:00\",\"dateModified\":\"2023-05-15T09:11:59+00:00\",\"breadcrumb\":{\"@id\":\"https:\/\/massagespa.gr\/online-booking\/#breadcrumb\"},\"inLanguage\":\"fr-FR\",\"potentialAction\":[{\"@type\":\"ReadAction\",\"target\":[\"https:\/\/massagespa.gr\/online-booking\/\"]}]},{\"@type\":\"ImageObject\",\"inLanguage\":\"fr-FR\",\"@id\":\"https:\/\/massagespa.gr\/online-booking\/#primaryimage\",\"url\":\"https:\/\/www.paypalobjects.com\/el_GR\/i\/scr\/pixel.gif\",\"contentUrl\":\"https:\/\/www.paypalobjects.com\/el_GR\/i\/scr\/pixel.gif\"},{\"@type\":\"BreadcrumbList\",\"@id\":\"https:\/\/massagespa.gr\/online-booking\/#breadcrumb\",\"itemListElement\":[{\"@type\":\"ListItem\",\"position\":1,\"name\":\"Home\",\"item\":\"https:\/\/massagespa.gr\/fr\/\"},{\"@type\":\"ListItem\",\"position\":2,\"name\":\"R\u00c9SERVATION EN LIGNE\"}]},{\"@type\":\"WebSite\",\"@id\":\"https:\/\/massagespa.gr\/#website\",\"url\":\"https:\/\/massagespa.gr\/\",\"name\":\"Massage Spa\",\"description\":\"\u039c\u03b1\u03c3\u03ac\u03b6 \u03c3\u03c4\u03bf \u03c3\u03c0\u03af\u03c4\u03b9 \u03c3\u03c4\u03b7\u03bd \u0391\u03b8\u03ae\u03bd\u03b1\",\"publisher\":{\"@id\":\"https:\/\/massagespa.gr\/#organization\"},\"potentialAction\":[{\"@type\":\"SearchAction\",\"target\":{\"@type\":\"EntryPoint\",\"urlTemplate\":\"https:\/\/massagespa.gr\/?s={search_term_string}\"},\"query-input\":{\"@type\":\"PropertyValueSpecification\",\"valueRequired\":true,\"valueName\":\"search_term_string\"}}],\"inLanguage\":\"fr-FR\"},{\"@type\":\"Organization\",\"@id\":\"https:\/\/massagespa.gr\/#organization\",\"name\":\"Massage Spa\",\"url\":\"https:\/\/massagespa.gr\/\",\"logo\":{\"@type\":\"ImageObject\",\"inLanguage\":\"fr-FR\",\"@id\":\"https:\/\/massagespa.gr\/#\/schema\/logo\/image\/\",\"url\":\"https:\/\/massagespa.gr\/wp-content\/uploads\/2023\/03\/massage-spa-official-logo.png\",\"contentUrl\":\"https:\/\/massagespa.gr\/wp-content\/uploads\/2023\/03\/massage-spa-official-logo.png\",\"width\":531,\"height\":129,\"caption\":\"Massage Spa\"},\"image\":{\"@id\":\"https:\/\/massagespa.gr\/#\/schema\/logo\/image\/\"}}]}<\/script>\n<!-- \/ Yoast SEO plugin. -->","yoast_head_json":{"title":"R\u00c9SERVATION EN LIGNE - Massage Spa","robots":{"index":"index","follow":"follow","max-snippet":"max-snippet:-1","max-image-preview":"max-image-preview:large","max-video-preview":"max-video-preview:-1"},"canonical":"https:\/\/massagespa.gr\/online-booking\/","og_locale":"fr_FR","og_type":"article","og_title":"R\u00e9servation en ligne","og_description":"To book an appointment give us a call at +30 2118000310 or fill in the form below.","og_url":"https:\/\/massagespa.gr\/online-booking\/","og_site_name":"Massage Spa","article_modified_time":"2023-05-15T09:11:59+00:00","og_image":[{"width":900,"height":600,"url":"https:\/\/massagespa.gr\/wp-content\/uploads\/2018\/06\/\u03bc\u03b1\u03c3\u03ac\u03b6_\u03c3\u03b5_\u03c3\u03ba\u03ac\u03c6\u03bf\u03c2.jpg","type":"image\/jpeg"}],"twitter_card":"summary_large_image","twitter_title":"R\u00e9servation en ligne","twitter_description":"To book an appointment give us a call at +30 2118000310 or fill in the form below.","twitter_image":"https:\/\/massagespa.gr\/wp-content\/uploads\/2018\/06\/\u03bc\u03b1\u03c3\u03ac\u03b6_\u03c3\u03b5_\u03c3\u03ba\u03ac\u03c6\u03bf\u03c2.jpg","schema":{"@context":"https:\/\/schema.org","@graph":[{"@type":"WebPage","@id":"https:\/\/massagespa.gr\/online-booking\/","url":"https:\/\/massagespa.gr\/online-booking\/","name":"R\u00c9SERVATION EN LIGNE - Massage Spa","isPartOf":{"@id":"https:\/\/massagespa.gr\/#website"},"primaryImageOfPage":{"@id":"https:\/\/massagespa.gr\/online-booking\/#primaryimage"},"image":{"@id":"https:\/\/massagespa.gr\/online-booking\/#primaryimage"},"thumbnailUrl":"https:\/\/www.paypalobjects.com\/el_GR\/i\/scr\/pixel.gif","datePublished":"2022-04-20T11:30:45+00:00","dateModified":"2023-05-15T09:11:59+00:00","breadcrumb":{"@id":"https:\/\/massagespa.gr\/online-booking\/#breadcrumb"},"inLanguage":"fr-FR","potentialAction":[{"@type":"ReadAction","target":["https:\/\/massagespa.gr\/online-booking\/"]}]},{"@type":"ImageObject","inLanguage":"fr-FR","@id":"https:\/\/massagespa.gr\/online-booking\/#primaryimage","url":"https:\/\/www.paypalobjects.com\/el_GR\/i\/scr\/pixel.gif","contentUrl":"https:\/\/www.paypalobjects.com\/el_GR\/i\/scr\/pixel.gif"},{"@type":"BreadcrumbList","@id":"https:\/\/massagespa.gr\/online-booking\/#breadcrumb","itemListElement":[{"@type":"ListItem","position":1,"name":"Home","item":"https:\/\/massagespa.gr\/fr\/"},{"@type":"ListItem","position":2,"name":"R\u00c9SERVATION EN LIGNE"}]},{"@type":"WebSite","@id":"https:\/\/massagespa.gr\/#website","url":"https:\/\/massagespa.gr\/","name":"Massage Spa","description":"\u039c\u03b1\u03c3\u03ac\u03b6 \u03c3\u03c4\u03bf \u03c3\u03c0\u03af\u03c4\u03b9 \u03c3\u03c4\u03b7\u03bd \u0391\u03b8\u03ae\u03bd\u03b1","publisher":{"@id":"https:\/\/massagespa.gr\/#organization"},"potentialAction":[{"@type":"SearchAction","target":{"@type":"EntryPoint","urlTemplate":"https:\/\/massagespa.gr\/?s={search_term_string}"},"query-input":{"@type":"PropertyValueSpecification","valueRequired":true,"valueName":"search_term_string"}}],"inLanguage":"fr-FR"},{"@type":"Organization","@id":"https:\/\/massagespa.gr\/#organization","name":"Massage Spa","url":"https:\/\/massagespa.gr\/","logo":{"@type":"ImageObject","inLanguage":"fr-FR","@id":"https:\/\/massagespa.gr\/#\/schema\/logo\/image\/","url":"https:\/\/massagespa.gr\/wp-content\/uploads\/2023\/03\/massage-spa-official-logo.png","contentUrl":"https:\/\/massagespa.gr\/wp-content\/uploads\/2023\/03\/massage-spa-official-logo.png","width":531,"height":129,"caption":"Massage Spa"},"image":{"@id":"https:\/\/massagespa.gr\/#\/schema\/logo\/image\/"}}]}},"_links":{"self":[{"href":"https:\/\/massagespa.gr\/fr\/wp-json\/wp\/v2\/pages\/1930","targetHints":{"allow":["GET"]}}],"collection":[{"href":"https:\/\/massagespa.gr\/fr\/wp-json\/wp\/v2\/pages"}],"about":[{"href":"https:\/\/massagespa.gr\/fr\/wp-json\/wp\/v2\/types\/page"}],"author":[{"embeddable":true,"href":"https:\/\/massagespa.gr\/fr\/wp-json\/wp\/v2\/users\/2"}],"replies":[{"embeddable":true,"href":"https:\/\/massagespa.gr\/fr\/wp-json\/wp\/v2\/comments?post=1930"}],"version-history":[{"count":6,"href":"https:\/\/massagespa.gr\/fr\/wp-json\/wp\/v2\/pages\/1930\/revisions"}],"predecessor-version":[{"id":11495,"href":"https:\/\/massagespa.gr\/fr\/wp-json\/wp\/v2\/pages\/1930\/revisions\/11495"}],"wp:attachment":[{"href":"https:\/\/massagespa.gr\/fr\/wp-json\/wp\/v2\/media?parent=1930"}],"curies":[{"name":"wp","href":"https:\/\/api.w.org\/{rel}","templated":true}]}}