{"id":1933,"date":"2022-04-20T14:32:28","date_gmt":"2022-04-20T11:32:28","guid":{"rendered":"https:\/\/massagespa.gr\/?page_id=1933"},"modified":"2023-03-19T02:04:51","modified_gmt":"2023-03-18T23:04:51","slug":"gift","status":"publish","type":"page","link":"https:\/\/massagespa.gr\/fr\/gift\/","title":{"rendered":"Gift"},"content":{"rendered":"<p><div class=\"cisc-row\"><div  class=\" cisc-col-md-6 cisc-col-xs-12\"><\/p>\n<p>Offrez une surprise \u00e0 quelqu&rsquo;un que vous aimez. Remplissez le formulaire et laissez-nous s&rsquo;en charger du reste.<\/p>\n<p><em>En remplissant le formulaire, vous aurez la possibilit\u00e9 de pr\u00e9payer votre don si vous le souhaitez.<\/em><\/p>\n<p><\/div><div  class=\" cisc-col-md-6 cisc-col-xs-12\"><img decoding=\"async\" src=\"https:\/\/massagespa.gr\/wp-content\/uploads\/2023\/01\/gift-card.jpg\" alt=\"\" width=\"300\" class=\"alignnone size-medium wp-image-451\" \/><\/div><\/div><\/p>\n<p style=\"padding-top: 40px;\">\n<p><div role=\"form\" class=\"wpcf7\" id=\"wpcf7-f1907-o1\" lang=\"en-US\" dir=\"ltr\">\n<div class=\"screen-reader-response\"><p role=\"status\" aria-live=\"polite\" aria-atomic=\"true\"><\/p> <ul><\/ul><\/div>\n<form action=\"\/fr\/wp-json\/wp\/v2\/pages\/1933#wpcf7-f1907-o1\" method=\"post\" class=\"wpcf7-form init\" novalidate=\"novalidate\" data-status=\"init\">\n<div style=\"display: none;\">\n<input type=\"hidden\" name=\"_wpcf7\" value=\"1907\" \/>\n<input type=\"hidden\" name=\"_wpcf7_version\" value=\"5.6.4\" \/>\n<input type=\"hidden\" name=\"_wpcf7_locale\" value=\"en_US\" \/>\n<input type=\"hidden\" name=\"_wpcf7_unit_tag\" value=\"wpcf7-f1907-o1\" \/>\n<input type=\"hidden\" name=\"_wpcf7_container_post\" value=\"0\" \/>\n<input type=\"hidden\" name=\"_wpcf7_posted_data_hash\" value=\"\" \/>\n<input type=\"hidden\" name=\"_wpcf7_recaptcha_response\" value=\"\" \/>\n<\/div>\n<div class=\"row\">\n\n\t<div class=\"col-md-6 col-12\">\n\t\t<p><b><u>Vos informations<\/u><\/b><\/p>\n\t\t<p><label>Nom & Pr\u00e9nom (*)<br \/>\n\t\t\t<span class=\"wpcf7-form-control-wrap\" data-name=\"your-name\"><input type=\"text\" name=\"your-name\" value=\"\" size=\"40\" class=\"wpcf7-form-control wpcf7-text wpcf7-validates-as-required\" aria-required=\"true\" aria-invalid=\"false\" \/><\/span><\/label><\/p>\n\t\t<p><label>Tel (*)<br \/>\n\t\t\t<span class=\"wpcf7-form-control-wrap\" data-name=\"phonetext-tel\"><input type=\"text\" name=\"phonetext-tel\" value=\"\" size=\"40\" minlength=\"8\" class=\"wpcf7-form-control wpcf7-text wpcf7-phonetext wpcf7-validates-as-required wpcf7-validates-as-phonetext\" aria-required=\"true\" aria-invalid=\"false\" \/><input type=\"hidden\" name=\"phonetext-tel-country-code\" class=\"wpcf7-phonetext-country-code\" \/><\/span><\/label><\/p>\n\t\t<p><label>Votre e-mail (*)<br \/>\n\t\t\t<span class=\"wpcf7-form-control-wrap\" data-name=\"your-email\"><input type=\"email\" name=\"your-email\" value=\"\" size=\"40\" class=\"wpcf7-form-control wpcf7-text wpcf7-email wpcf7-validates-as-required wpcf7-validates-as-email\" aria-required=\"true\" aria-invalid=\"false\" \/><\/span><\/label><\/p>\n\t<\/div>\n\t\n\t<div class=\"col-md-6 col-12\">\n\t\t<p style=\"height: 24px;\"> <\/p>\n\t\t<p>Comment pr\u00e9f\u00e9rez-vous qu'on prend contact avec lui?<\/p>\n\t\t<p> <\/p>\n\t\t<p><label><span class=\"wpcf7-form-control-wrap\" data-name=\"checkbox-tel\"><span class=\"wpcf7-form-control wpcf7-checkbox\"><span class=\"wpcf7-list-item first last\"><input type=\"checkbox\" name=\"checkbox-tel[]\" value=\"Par t\u00e9l\u00e9phone\" \/><span class=\"wpcf7-list-item-label\">Par t\u00e9l\u00e9phone<\/span><\/span><\/span><\/span><\/label><\/p>\n\t\t<p><label><span class=\"wpcf7-form-control-wrap\" data-name=\"checkbox-sms\"><span class=\"wpcf7-form-control wpcf7-checkbox\"><span class=\"wpcf7-list-item first last\"><input type=\"checkbox\" name=\"checkbox-sms[]\" value=\"Par sms\" \/><span class=\"wpcf7-list-item-label\">Par sms<\/span><\/span><\/span><\/span><\/label><\/p>\n\t\t<p><label><span class=\"wpcf7-form-control-wrap\" data-name=\"checkbox-mail\"><span class=\"wpcf7-form-control wpcf7-checkbox\"><span class=\"wpcf7-list-item first last\"><input type=\"checkbox\" name=\"checkbox-mail[]\" value=\"Par e-mail\" \/><span class=\"wpcf7-list-item-label\">Par e-mail<\/span><\/span><\/span><\/span><\/label><\/p>\n\t<\/div>\n\n<\/div>\t\t\t\t\n\n<div style=\"margin-bottom: 60px;\"><\/div>\n\n<div class=\"row\">\n\n\t<div class=\"col-md-6 col-12\">\n\t\t<p><b><u>Donn\u00e9es de la personne qui va recevoir le cadeau<\/u><\/b><\/p>\n\t\t<p><label>Nom & Pr\u00e9nom (*)<\/label> <span class=\"wpcf7-form-control-wrap\" data-name=\"onoma-apodekti\"><input type=\"text\" name=\"onoma-apodekti\" value=\"\" size=\"40\" class=\"wpcf7-form-control wpcf7-text wpcf7-validates-as-required\" aria-required=\"true\" aria-invalid=\"false\" \/><\/span><\/p>\n\t\t<p><label>Tel (*)<\/label> <span class=\"wpcf7-form-control-wrap\" data-name=\"phonetext-apodekti\"><input type=\"text\" name=\"phonetext-apodekti\" value=\"\" size=\"40\" minlength=\"8\" class=\"wpcf7-form-control wpcf7-text wpcf7-phonetext wpcf7-validates-as-required wpcf7-validates-as-phonetext\" aria-required=\"true\" aria-invalid=\"false\" \/><input type=\"hidden\" name=\"phonetext-apodekti-country-code\" class=\"wpcf7-phonetext-country-code\" \/><\/span><\/p>\n\t\t<p><label>E-mail<\/label> <span class=\"wpcf7-form-control-wrap\" data-name=\"email-apodekti\"><input type=\"text\" name=\"email-apodekti\" value=\"\" size=\"40\" class=\"wpcf7-form-control wpcf7-text\" aria-invalid=\"false\" \/><\/span><\/p>\n\t\t<p><label>Connaissez-vous leur adresse?<\/label> <span class=\"wpcf7-form-control-wrap\" data-name=\"diefthinsi\"><input type=\"text\" name=\"diefthinsi\" value=\"\" size=\"40\" class=\"wpcf7-form-control wpcf7-text\" aria-invalid=\"false\" \/><\/span><\/p>\n\t<\/div>\n\t\n\t<div class=\"col-md-6 col-12\">\n\t\t<p style=\"height: 24px;\"> <\/p>\n\t\t<p>\n\t\t\t<label>Dur\u00e9e<\/label>\n\t\t\t<select name=\"mssgtime\" id=\"mssgtimeSelect\" onchange=\"meetsosFunction()\">\n\t\t\t\t<option value=\"1 heure\">1 heure<\/option>\n\t\t\t\t<option value=\"1,5 heure\">1,5 heure<\/option>\n\t\t\t\t<option value=\"2 heures\">2 heures<\/option>\n\t\t\t<\/select>\n\t\t<\/p>\n\t\t<p><label>Connaissez-vous la date exacte?<\/label> <span class=\"wpcf7-form-control-wrap\" data-name=\"hmeromhnia\"><input type=\"date\" name=\"hmeromhnia\" value=\"\" class=\"wpcf7-form-control wpcf7-date wpcf7-validates-as-date\" aria-invalid=\"false\" \/><\/span><\/p>\n\t\t<p><label>Savez-vous l'heure exacte?<\/label> <span class=\"wpcf7-form-control-wrap\" data-name=\"menu-738\"><select name=\"menu-738\" class=\"wpcf7-form-control wpcf7-select\" aria-invalid=\"false\"><option value=\"\"><\/option><option value=\"09:00\">09:00<\/option><option value=\"09:30\">09:30<\/option><option value=\"10:00\">10:00<\/option><option value=\"10:30\">10:30<\/option><option value=\"11:00\">11:00<\/option><option value=\"11:30\">11:30<\/option><option value=\"12:00\">12:00<\/option><option value=\"12:30\">12:30<\/option><option value=\"13:00\">13:00<\/option><option value=\"13:30\">13:30<\/option><option value=\"14:00\">14:00<\/option><option value=\"14:30\">14:30<\/option><option value=\"15:00\">15:00<\/option><option value=\"15:30\">15:30<\/option><option value=\"16:00\">16:00<\/option><option value=\"16:30\">16:30<\/option><option value=\"17:00\">17:00<\/option><option value=\"17:30\">17:30<\/option><option value=\"18:00\">18:00<\/option><option value=\"18:30\">18:30<\/option><option value=\"19:00\">19:00<\/option><option value=\"19:30\">19:30<\/option><option value=\"20:00\">20:00<\/option><option value=\"20:30\">20:30<\/option><option value=\"21:00\">21:00<\/option><option value=\"21:30\">21:30<\/option><option value=\"22:00\">22:00<\/option><\/select><\/span><\/p>\n\t\t<p>\n\t\t\t<label>Type de Massage<\/label> \n\t\t\t<select name=\"mssgplc\" id=\"mssgplcSelect\" onchange=\"meetsosFunction()\">\n\t\t\t\t<option value=\"Massage \u00e0 domicile\/h\u00f4tel\">Massage \u00e0 domicile\/h\u00f4tel<\/option>\n\t\t\t\t<option value=\"Massage sur un yacht\">Massage sur un yacht<\/option>\n\t\t\t\t<option value=\"Massage en couple avec 1 th\u00e9rapeute\">Massage en couple avec 1 th\u00e9rapeute<\/option>\n\t\t\t\t<option value=\"Massage en couple avec 2 th\u00e9rapeute\">Massage en couple avec 2 th\u00e9rapeutes<\/option>\n\t\t\t<\/select>\n\t\t<\/p>\n\t<\/div>\n\n<\/div>\n\n<div class=\"col-md-12 col-12\" id=\"dorocomments\">\n\t<p><label>Commentaires<\/label> <span class=\"wpcf7-form-control-wrap\" data-name=\"your-message\"><textarea name=\"your-message\" cols=\"40\" rows=\"10\" class=\"wpcf7-form-control wpcf7-textarea\" aria-invalid=\"false\"><\/textarea><\/span><\/p>\n\t<p><input type=\"submit\" value=\"SOUMETTRE\" class=\"wpcf7-form-control has-spinner wpcf7-submit\" \/><\/p>\n<\/div>\t\n\n\n<script>\nfunction meetsosFunction() {\nvar matrix = [\n  [\"VX48W2U5233YG\",\"DEJM3Z6DL58S8\", \"Z86W8UU4WKDTE\", \"NAVQ3KNPCA58Y\"],\n  [\"C8LJTYPNB4HKL\",\"L2962XQ97GS4U\", \"Q7KSJRVKCVEUJ\", \"7CRVUSWBQQZB8\"],\n  [\"AUX8S6YVX39PY\",\"HJCDMFV9HXLMJ\", \"BMPP66HSEH82Q\", \"9GBFHKX5ERZKJ\"]\n]\nvar x1 = document.getElementById(\"mssgtimeSelect\").value;\nvar y1 = document.getElementById(\"mssgplcSelect\").value;\nif (x1===\"1 heure\"){\nx=0;\n} else if (x1 === \"1,5 heure\") {\n        x=1;\n    } else if (x1 === \"2 heures\") {\n        x=2;\n    }\nif (y1===\"Massage \u00e0 domicile\/h\u00f4tel\"){\ny=0;\n} else if (y1 === \"Massage sur un yacht\") {\n        y=1;\n    } else if (y1 === \"Massage en couple avec 1 th\u00e9rapeute\") {\n        y=2;\n    } else if (y1 === \"Massage en couple avec 2 th\u00e9rapeute\") {\n        y=3;\n    }\ndocument.getElementById(\"ThePayPalId\").value = matrix[x][y];\n}\n<\/script><p style=\"display: none !important;\" class=\"akismet-fields-container\" data-prefix=\"_wpcf7_ak_\"><label>&#916;<textarea name=\"_wpcf7_ak_hp_textarea\" cols=\"45\" rows=\"8\" maxlength=\"100\"><\/textarea><\/label><input type=\"hidden\" id=\"ak_js_1\" name=\"_wpcf7_ak_js\" value=\"16\"\/><script>document.getElementById( \"ak_js_1\" ).setAttribute( \"value\", ( new Date() ).getTime() );<\/script><\/p><div class=\"wpcf7-response-output\" aria-hidden=\"true\"><\/div><\/form><\/div><\/p>\n<div id=\"PayPalMsg\" style=\"display: none;\">\n<blockquote><p>Merci, votre r\u00e9servation a \u00e9t\u00e9 soumise et nous vous contacterons dans les plus brefs d\u00e9lais afin de v\u00e9rifier votre rendez-vous. Ci-dessous, nous vous offrons la possibilit\u00e9 d&rsquo;effectuer votre paiement par carte ou via PayPal. Vous pouvez \u00e9galement le faire en esp\u00e8ces \u00e0 la fin de la s\u00e9ance de massage.<\/p><\/blockquote>\n<div id=\"meetsospal\" style=\"text-align: center;\">\n<form action=\"https:\/\/www.paypal.com\/cgi-bin\/webscr\" method=\"post\" target=\"_top\">\n\t<input type=\"hidden\" name=\"cmd\" value=\"_s-xclick\">\n\t<input id=\"ThePayPalId\" type=\"hidden\" name=\"hosted_button_id\" value=\"VX48W2U5233YG\">\n\t<input type=\"image\" src=\"https:\/\/massagespa.gr\/wp-content\/uploads\/2021\/05\/pay-now-button.png\" border=\"0\" name=\"submit\" alt=\"PayPal - The safer, easier way to pay online!\" style=\"width: 165px; height: 65px;\">\n\t<img loading=\"lazy\" decoding=\"async\" alt=\"\" border=\"0\" src=\"https:\/\/www.paypalobjects.com\/el_GR\/i\/scr\/pixel.gif\" width=\"1\" height=\"1\">\n\t<\/form>\n<\/div>\n<\/div>\n","protected":false},"excerpt":{"rendered":"<p>Merci, votre r\u00e9servation a \u00e9t\u00e9 soumise et nous vous contacterons dans les plus brefs d\u00e9lais afin de v\u00e9rifier votre rendez-vous. Ci-dessous, nous vous offrons la possibilit\u00e9 d&rsquo;effectuer votre paiement par carte ou via PayPal. Vous pouvez \u00e9galement le faire en esp\u00e8ces \u00e0 la fin de la s\u00e9ance de massage.<\/p>\n","protected":false},"author":2,"featured_media":0,"parent":0,"menu_order":0,"comment_status":"closed","ping_status":"closed","template":"","meta":{"_acf_changed":false,"footnotes":""},"class_list":["post-1933","page","type-page","status-publish","hentry"],"acf":[],"yoast_head":"<!-- This site is optimized with the Yoast SEO plugin v24.7 - https:\/\/yoast.com\/wordpress\/plugins\/seo\/ -->\n<title>Gift - Massage Spa<\/title>\n<meta name=\"robots\" content=\"index, follow, max-snippet:-1, max-image-preview:large, max-video-preview:-1\" \/>\n<link rel=\"canonical\" href=\"https:\/\/massagespa.gr\/\u03b4\u03ce\u03c1\u03bf\/\" \/>\n<meta property=\"og:locale\" content=\"fr_FR\" \/>\n<meta property=\"og:type\" content=\"article\" \/>\n<meta property=\"og:title\" content=\"-1191\" \/>\n<meta property=\"og:description\" content=\"30\" \/>\n<meta property=\"og:url\" content=\"https:\/\/massagespa.gr\/\u03b4\u03ce\u03c1\u03bf\/\" \/>\n<meta property=\"og:site_name\" content=\"Massage Spa\" \/>\n<meta property=\"article:modified_time\" content=\"2023-03-18T23:04:51+00:00\" \/>\n<meta property=\"og:image\" content=\"https:\/\/massagespa.gr\/wp-content\/uploads\/2023\/01\/gift-card.jpg\" \/>\n\t<meta property=\"og:image:width\" content=\"625\" \/>\n\t<meta property=\"og:image:height\" content=\"448\" \/>\n\t<meta property=\"og:image:type\" content=\"image\/jpeg\" \/>\n<meta name=\"twitter:card\" content=\"summary_large_image\" \/>\n<meta name=\"twitter:title\" content=\"Make a Gift\" \/>\n<meta name=\"twitter:description\" content=\"Make a wonderful surprise to your beloved ones. Fill in the form and leave the rest to us.\" \/>\n<meta name=\"twitter:image\" content=\"https:\/\/massagespa.gr\/wp-content\/uploads\/2023\/01\/gift-card.jpg\" \/>\n<script type=\"application\/ld+json\" class=\"yoast-schema-graph\">{\"@context\":\"https:\/\/schema.org\",\"@graph\":[{\"@type\":\"WebPage\",\"@id\":\"https:\/\/massagespa.gr\/%ce%b4%cf%8e%cf%81%ce%bf\/\",\"url\":\"https:\/\/massagespa.gr\/%ce%b4%cf%8e%cf%81%ce%bf\/\",\"name\":\"Gift - Massage Spa\",\"isPartOf\":{\"@id\":\"https:\/\/massagespa.gr\/#website\"},\"primaryImageOfPage\":{\"@id\":\"https:\/\/massagespa.gr\/%ce%b4%cf%8e%cf%81%ce%bf\/#primaryimage\"},\"image\":{\"@id\":\"https:\/\/massagespa.gr\/%ce%b4%cf%8e%cf%81%ce%bf\/#primaryimage\"},\"thumbnailUrl\":\"https:\/\/massagespa.gr\/wp-content\/uploads\/2023\/01\/gift-card.jpg\",\"datePublished\":\"2022-04-20T11:32:28+00:00\",\"dateModified\":\"2023-03-18T23:04:51+00:00\",\"breadcrumb\":{\"@id\":\"https:\/\/massagespa.gr\/%ce%b4%cf%8e%cf%81%ce%bf\/#breadcrumb\"},\"inLanguage\":\"fr-FR\",\"potentialAction\":[{\"@type\":\"ReadAction\",\"target\":[\"https:\/\/massagespa.gr\/%ce%b4%cf%8e%cf%81%ce%bf\/\"]}]},{\"@type\":\"ImageObject\",\"inLanguage\":\"fr-FR\",\"@id\":\"https:\/\/massagespa.gr\/%ce%b4%cf%8e%cf%81%ce%bf\/#primaryimage\",\"url\":\"https:\/\/massagespa.gr\/wp-content\/uploads\/2023\/01\/gift-card.jpg\",\"contentUrl\":\"https:\/\/massagespa.gr\/wp-content\/uploads\/2023\/01\/gift-card.jpg\"},{\"@type\":\"BreadcrumbList\",\"@id\":\"https:\/\/massagespa.gr\/%ce%b4%cf%8e%cf%81%ce%bf\/#breadcrumb\",\"itemListElement\":[{\"@type\":\"ListItem\",\"position\":1,\"name\":\"Home\",\"item\":\"https:\/\/massagespa.gr\/fr\/\"},{\"@type\":\"ListItem\",\"position\":2,\"name\":\"Gift\"}]},{\"@type\":\"WebSite\",\"@id\":\"https:\/\/massagespa.gr\/#website\",\"url\":\"https:\/\/massagespa.gr\/\",\"name\":\"Massage Spa\",\"description\":\"\u039c\u03b1\u03c3\u03ac\u03b6 \u03c3\u03c4\u03bf \u03c3\u03c0\u03af\u03c4\u03b9 \u03c3\u03c4\u03b7\u03bd \u0391\u03b8\u03ae\u03bd\u03b1\",\"publisher\":{\"@id\":\"https:\/\/massagespa.gr\/#organization\"},\"potentialAction\":[{\"@type\":\"SearchAction\",\"target\":{\"@type\":\"EntryPoint\",\"urlTemplate\":\"https:\/\/massagespa.gr\/?s={search_term_string}\"},\"query-input\":{\"@type\":\"PropertyValueSpecification\",\"valueRequired\":true,\"valueName\":\"search_term_string\"}}],\"inLanguage\":\"fr-FR\"},{\"@type\":\"Organization\",\"@id\":\"https:\/\/massagespa.gr\/#organization\",\"name\":\"Massage Spa\",\"url\":\"https:\/\/massagespa.gr\/\",\"logo\":{\"@type\":\"ImageObject\",\"inLanguage\":\"fr-FR\",\"@id\":\"https:\/\/massagespa.gr\/#\/schema\/logo\/image\/\",\"url\":\"https:\/\/massagespa.gr\/wp-content\/uploads\/2023\/03\/massage-spa-official-logo.png\",\"contentUrl\":\"https:\/\/massagespa.gr\/wp-content\/uploads\/2023\/03\/massage-spa-official-logo.png\",\"width\":531,\"height\":129,\"caption\":\"Massage Spa\"},\"image\":{\"@id\":\"https:\/\/massagespa.gr\/#\/schema\/logo\/image\/\"}}]}<\/script>\n<!-- \/ Yoast SEO plugin. -->","yoast_head_json":{"title":"Gift - Massage Spa","robots":{"index":"index","follow":"follow","max-snippet":"max-snippet:-1","max-image-preview":"max-image-preview:large","max-video-preview":"max-video-preview:-1"},"canonical":"https:\/\/massagespa.gr\/\u03b4\u03ce\u03c1\u03bf\/","og_locale":"fr_FR","og_type":"article","og_title":"-1191","og_description":"30","og_url":"https:\/\/massagespa.gr\/\u03b4\u03ce\u03c1\u03bf\/","og_site_name":"Massage Spa","article_modified_time":"2023-03-18T23:04:51+00:00","og_image":[{"width":625,"height":448,"url":"https:\/\/massagespa.gr\/wp-content\/uploads\/2023\/01\/gift-card.jpg","type":"image\/jpeg"}],"twitter_card":"summary_large_image","twitter_title":"Make a Gift","twitter_description":"Make a wonderful surprise to your beloved ones. Fill in the form and leave the rest to us.","twitter_image":"https:\/\/massagespa.gr\/wp-content\/uploads\/2023\/01\/gift-card.jpg","schema":{"@context":"https:\/\/schema.org","@graph":[{"@type":"WebPage","@id":"https:\/\/massagespa.gr\/%ce%b4%cf%8e%cf%81%ce%bf\/","url":"https:\/\/massagespa.gr\/%ce%b4%cf%8e%cf%81%ce%bf\/","name":"Gift - Massage Spa","isPartOf":{"@id":"https:\/\/massagespa.gr\/#website"},"primaryImageOfPage":{"@id":"https:\/\/massagespa.gr\/%ce%b4%cf%8e%cf%81%ce%bf\/#primaryimage"},"image":{"@id":"https:\/\/massagespa.gr\/%ce%b4%cf%8e%cf%81%ce%bf\/#primaryimage"},"thumbnailUrl":"https:\/\/massagespa.gr\/wp-content\/uploads\/2023\/01\/gift-card.jpg","datePublished":"2022-04-20T11:32:28+00:00","dateModified":"2023-03-18T23:04:51+00:00","breadcrumb":{"@id":"https:\/\/massagespa.gr\/%ce%b4%cf%8e%cf%81%ce%bf\/#breadcrumb"},"inLanguage":"fr-FR","potentialAction":[{"@type":"ReadAction","target":["https:\/\/massagespa.gr\/%ce%b4%cf%8e%cf%81%ce%bf\/"]}]},{"@type":"ImageObject","inLanguage":"fr-FR","@id":"https:\/\/massagespa.gr\/%ce%b4%cf%8e%cf%81%ce%bf\/#primaryimage","url":"https:\/\/massagespa.gr\/wp-content\/uploads\/2023\/01\/gift-card.jpg","contentUrl":"https:\/\/massagespa.gr\/wp-content\/uploads\/2023\/01\/gift-card.jpg"},{"@type":"BreadcrumbList","@id":"https:\/\/massagespa.gr\/%ce%b4%cf%8e%cf%81%ce%bf\/#breadcrumb","itemListElement":[{"@type":"ListItem","position":1,"name":"Home","item":"https:\/\/massagespa.gr\/fr\/"},{"@type":"ListItem","position":2,"name":"Gift"}]},{"@type":"WebSite","@id":"https:\/\/massagespa.gr\/#website","url":"https:\/\/massagespa.gr\/","name":"Massage Spa","description":"\u039c\u03b1\u03c3\u03ac\u03b6 \u03c3\u03c4\u03bf \u03c3\u03c0\u03af\u03c4\u03b9 \u03c3\u03c4\u03b7\u03bd \u0391\u03b8\u03ae\u03bd\u03b1","publisher":{"@id":"https:\/\/massagespa.gr\/#organization"},"potentialAction":[{"@type":"SearchAction","target":{"@type":"EntryPoint","urlTemplate":"https:\/\/massagespa.gr\/?s={search_term_string}"},"query-input":{"@type":"PropertyValueSpecification","valueRequired":true,"valueName":"search_term_string"}}],"inLanguage":"fr-FR"},{"@type":"Organization","@id":"https:\/\/massagespa.gr\/#organization","name":"Massage Spa","url":"https:\/\/massagespa.gr\/","logo":{"@type":"ImageObject","inLanguage":"fr-FR","@id":"https:\/\/massagespa.gr\/#\/schema\/logo\/image\/","url":"https:\/\/massagespa.gr\/wp-content\/uploads\/2023\/03\/massage-spa-official-logo.png","contentUrl":"https:\/\/massagespa.gr\/wp-content\/uploads\/2023\/03\/massage-spa-official-logo.png","width":531,"height":129,"caption":"Massage Spa"},"image":{"@id":"https:\/\/massagespa.gr\/#\/schema\/logo\/image\/"}}]}},"_links":{"self":[{"href":"https:\/\/massagespa.gr\/fr\/wp-json\/wp\/v2\/pages\/1933","targetHints":{"allow":["GET"]}}],"collection":[{"href":"https:\/\/massagespa.gr\/fr\/wp-json\/wp\/v2\/pages"}],"about":[{"href":"https:\/\/massagespa.gr\/fr\/wp-json\/wp\/v2\/types\/page"}],"author":[{"embeddable":true,"href":"https:\/\/massagespa.gr\/fr\/wp-json\/wp\/v2\/users\/2"}],"replies":[{"embeddable":true,"href":"https:\/\/massagespa.gr\/fr\/wp-json\/wp\/v2\/comments?post=1933"}],"version-history":[{"count":4,"href":"https:\/\/massagespa.gr\/fr\/wp-json\/wp\/v2\/pages\/1933\/revisions"}],"predecessor-version":[{"id":2451,"href":"https:\/\/massagespa.gr\/fr\/wp-json\/wp\/v2\/pages\/1933\/revisions\/2451"}],"wp:attachment":[{"href":"https:\/\/massagespa.gr\/fr\/wp-json\/wp\/v2\/media?parent=1933"}],"curies":[{"name":"wp","href":"https:\/\/api.w.org\/{rel}","templated":true}]}}