{"id":1935,"date":"2022-04-20T14:50:53","date_gmt":"2022-04-20T11:50:53","guid":{"rendered":"https:\/\/massagespa.gr\/?page_id=1935"},"modified":"2023-02-08T21:24:02","modified_gmt":"2023-02-08T18:24:02","slug":"faq","status":"publish","type":"page","link":"https:\/\/massagespa.gr\/fr\/faq\/","title":{"rendered":"F.A.Q"},"content":{"rendered":"<p><strong>Questions<\/strong><\/p>\n<p>\t\t<!-- CI Shortcodes Accordion Styles -->\n\t\t<style type=\"text\/css\">\n\t\t\t#cisc-accordion-1 .cisc-accordion-panel-title a { color: #000000; border-radius: 10px; }\n\t\t<\/style><div id=\"cisc-accordion-1\" class=\"cisc-accordion cisc-shortcode-scheme-red\">\n\t<div class=\"cisc-accordion-panel \"><div class=\"cisc-accordion-panel-title\"><a href=\"#\">Massage Spa de quoi s\u2019agit-il?<\/a><\/div><div class=\"cisc-accordion-panel-wrap\"><div class=\"cisc-accordion-panel-content\">\n\tMassage Spa est un fournisseur de services professionnels de massage et de th\u00e9rapies alternatives sur place.\n\t<\/div><\/div><\/div>\n\t<div class=\"cisc-accordion-panel cisc-open\"><div class=\"cisc-accordion-panel-title\"><a href=\"#\">Quelles sont les zones desservies par Massage Spa?<\/a><\/div><div class=\"cisc-accordion-panel-wrap\"><div class=\"cisc-accordion-panel-content\">\n\tNous desservons toutes les r\u00e9gions de Ath\u00e8nes.\n\t<\/div><\/div><\/div>\n\t<div class=\"cisc-accordion-panel cisc-open\"><div class=\"cisc-accordion-panel-title\"><a href=\"#\">Quelle est la proc\u00e9dure pour prendre rendez-vous pour un massage?<\/a><\/div><div class=\"cisc-accordion-panel-wrap\"><div class=\"cisc-accordion-panel-content\"><\/p>\n<p>IRapide et simple soit:<\/p>\n<p>Vous choisissez votre th\u00e9rapeute, trouv\u00e9 au section de <b><a href=\"https:\/\/massagespa.gr\/fr\/therapists\/\" rel=\"noopener\" target=\"_blank\">Th\u00e9rapeutes<\/a><\/b>, bas\u00e9 sur les cr\u00e9neaux horaires du programme.<\/p>\n<p>b) Par t\u00e9l\u00e9phone, au <b><a href=\"tel:+302118000310\">+30 2118000310<\/a><\/b> o\u00f9 en remplissant le formulaire en ligne sur la rubrique Contact => <b><a href=\"https:\/\/massagespa.gr\/fr\/online-booking\/\" rel=\"noopener\" target=\"_blank\">Book Online<\/a><\/b>.<\/p>\n<p>Remarque: Un rendez-vous est consid\u00e9r\u00e9 comme finalis\u00e9 seulement apr\u00e8s contact t\u00e9l\u00e9phonique pr\u00e9alable entre nous (Vous nous appelez pour prendre rendez-vous directement, sinon nous vous rappelons pour confirmer votre rdv. ( Si vous avez choisi de remplir le formulaire en ligne).<\/p>\n<p>\t<\/div><\/div><\/div>\n\t<div class=\"cisc-accordion-panel cisc-open\"><div class=\"cisc-accordion-panel-title\"><a href=\"#\">Quelles sont les endroits ou je peux avoir un massage?<\/a><\/div><div class=\"cisc-accordion-panel-wrap\"><div class=\"cisc-accordion-panel-content\">\n\tCela d\u00e9pend de vous. Une s\u00e9ance de massage peut \u00eatre fait dans votre maison, m\u00eame \u00e0 l&rsquo;h\u00f4tel ou en bateau priv\u00e9. En raison du contact personnel et nature de service, nous soulignons que notre entreprise fournit des services de massage exclusivement professionnels, comme indiqu\u00e9 dans la section <b><a href=\"https:\/\/massagespa.gr\/fr\/services\/\" rel=\"noopener\" target=\"_blank\">Services<\/a><\/b>. Nos th\u00e9rapeutes sont des professionnels, chacun dans son domaine.\n\t<\/div><\/div><\/div>\n\t<div class=\"cisc-accordion-panel cisc-open\"><div class=\"cisc-accordion-panel-title\"><a href=\"#\">Quelles sont les horaires et les jours d\u2019ouverture de Massage Spa?<\/a><\/div><div class=\"cisc-accordion-panel-wrap\"><div class=\"cisc-accordion-panel-content\"><\/p>\n<p>Notre centre d&rsquo;appels et nos services sont disponibles \u00e0 nos clients tous les jours de la semaine (lundi &#8211; dimanche) et \u00e0 partir de 09:00 jusqu&rsquo;\u00e0 23:00.<\/p>\n<p>Les s\u00e9ances commencent \u00e0 09:00 du matin,tandis que celles qui d\u00e9butent avant 11:00 aurait \u00e9t\u00e9 r\u00e9server et confirmer depuis la veille. La fin de la derni\u00e8re s\u00e9ance sera \u00e0 23:00 le soir.<\/p>\n<p>\t<\/div><\/div><\/div>\n\t<div class=\"cisc-accordion-panel cisc-open\"><div class=\"cisc-accordion-panel-title\"><a href=\"#\">Quand est-ce que arrivera le th\u00e9rapeute sur place?<\/a><\/div><div class=\"cisc-accordion-panel-wrap\"><div class=\"cisc-accordion-panel-content\"><\/p>\n<p>\tA l&rsquo;heure que vous nous dites. La seule condition: Que le th\u00e9rapeute choisi sera  disponible \u00e0 l&rsquo;heure et au jour que vous voulez r\u00e9server le massage. ( Voir le <b><a href=\"https:\/\/massagespa.gr\/fr\/therapists-program\/\" rel=\"noopener\" target=\"_blank\">Programme de th\u00e9rapeutes<\/a><\/b>).<\/p>\n<p>Les r\u00e9servations doivent \u00eatre confirm\u00e9s au moins deux heures avant l&rsquo;heure souhait\u00e9e, pour des raisons \u00e9videntes.<\/p>\n<p>\t<\/div><\/div><\/div>\n\t<div class=\"cisc-accordion-panel cisc-open\"><div class=\"cisc-accordion-panel-title\"><a href=\"#\">Quelles sont les prix des s\u00e9ances massage et des th\u00e9rapies alternatives?<\/a><\/div><div class=\"cisc-accordion-panel-wrap\"><div class=\"cisc-accordion-panel-content\">\n\tLes prix sont distribu\u00e9s au rubrique <b><a href=\"https:\/\/massagespa.gr\/fr\/prices\/\">Offres<\/a><\/b> trouver sur notre site.\n\t<\/div><\/div><\/div>\n\t<div class=\"cisc-accordion-panel cisc-open\"><div class=\"cisc-accordion-panel-title\"><a href=\"#\">Quelle est la m\u00e9thode de paiement?<\/a><\/div><div class=\"cisc-accordion-panel-wrap\"><div class=\"cisc-accordion-panel-content\"><\/p>\n<p>Il ya 2 fa\u00e7ons:<\/p>\n<p>a) Apr\u00e8s le service le montant est vers\u00e9 au th\u00e9rapeute en esp\u00e8ces, ils recevront respectivement la preuve pertinente de paiement.<\/p>\n<p>b) Il est \u00e9galement possible de payer par carte de cr\u00e9dit via notre site Web, sous la rubrique <b><a href=\"https:\/\/massagespa.gr\/fr\/online-booking\/\" rel=\"noopener\" target=\"_blank\">Rendez-vous<\/a><\/b>.<\/p>\n<p>\t<\/div><\/div><\/div>\n\t<div class=\"cisc-accordion-panel cisc-open\"><div class=\"cisc-accordion-panel-title\"><a href=\"#\">Comment puis-je savoir s\u2019il y a unde offre sp\u00e9ciale?<\/a><\/div><div class=\"cisc-accordion-panel-wrap\"><div class=\"cisc-accordion-panel-content\"><\/p>\n<p>Vous pouvez vous abonner \u00e0 notre newsletter, pour recevoir les nouvelles et les offres sp\u00e9ciales qui peuvent exister de temps \u00e0 autre.<\/p>\n<p>Le procedure est tr\u00e8s simple, il suffit de remplir votre nom, votre adresse email et votre ville pour recevoir uniquement, les mises \u00e0 jour, qui vous int\u00e9ressent. Ce message \u00e9lectronique et les informations que vous nous donnez sont compl\u00e8tement s\u00e9curis\u00e9e. Nous maintennons une stricte politique de confidentialit\u00e9 et de protection sur le th\u00e8me des donn\u00e9es personnelles de nos clients.<\/p>\n<p>\t<\/div><\/div><\/div>\n\t<div class=\"cisc-accordion-panel cisc-open\"><div class=\"cisc-accordion-panel-title\"><a href=\"#\">Puis-je offrir vos services comme un cadeau, \u00e0 quelqu\u2019un proche?<\/a><\/div><div class=\"cisc-accordion-panel-wrap\"><div class=\"cisc-accordion-panel-content\">\n\tBien-s\u00fbr! C&rsquo;est rapide et simple sur le rubrique <b><a href=\"https:\/\/massagespa.gr\/fr\/gift\/\" rel=\"noopener\" target=\"_blank\">Offrir un cadeau. <\/a><\/b>\n\t<\/div><\/div><\/div>\n\t<div class=\"cisc-accordion-panel cisc-open\"><div class=\"cisc-accordion-panel-title\"><a href=\"#\">Apr\u00e8s la confirmation d\u2019une s\u00e9ance massage, qu\u2019elle est la proc\u00e9dure?<\/a><\/div><div class=\"cisc-accordion-panel-wrap\"><div class=\"cisc-accordion-panel-content\"><\/p>\n<p>Ce que vous pouviez faire, c&rsquo;est tout simplement se d\u00e9tendre et accepter le \u00abesprit\u00bb de toute la philosophie derri\u00e8re nos services. Le massage est une source de s\u00e9r\u00e9nit\u00e9 et de paix int\u00e9rieure, donc le meilleur chose \u00e0 faire pour en profiter c&rsquo;est d&rsquo;\u00eatre de la bonne humeur!<\/p>\n<p>En outre, pour votre propre bien-\u00eatre et pour des raisons de \u00ab\u00a0savoir vivre\u00a0\u00bb, c&rsquo;est a propos\u00e9 une douche avant l&rsquo;av\u00e8nement du th\u00e9rapeute chez vous.<\/p>\n<p>En plus, \u00e0 l&rsquo;arriv\u00e9e du th\u00e9rapeute vous pouvez parler de probl\u00e8mes potentiels de sant\u00e9 ou blessures r\u00e9centes, ainsi que les allergies aux huiles pour le corps.<\/p>\n<p>Pendant la session, vous pouvez vous adresser \u00e0 tout moment vers le th\u00e9rapeute pour changer de technique\/pression, comment vous vous sentez ou si vous voulez un changement dans la manipulation.<\/p>\n<p>\t<\/div><\/div><\/div>\n\t<div class=\"cisc-accordion-panel cisc-open\"><div class=\"cisc-accordion-panel-title\"><a href=\"#\">Puis-je laisser des commentaires a un th\u00e9rapeute?<\/a><\/div><div class=\"cisc-accordion-panel-wrap\"><div class=\"cisc-accordion-panel-content\"><\/p>\n<p>Avec plaisir, nous vous invitons de laisser vos commentaires, sur la section <b><a href=\"https:\/\/massagespa.gr\/fr\/therapists\/\" rel=\"noopener\" target=\"_blank\">Th\u00e9rapeutes<\/a><\/b> et sur l&rsquo;information de page de votre th\u00e9rapeute. L\u00e0 vous trouverez une forme \u00e0 remplir. Les annotations sont possibles seulement si vous avez d\u00e9j\u00e0 eu une s\u00e9ance avec un de nos th\u00e9rapeutes.<\/p>\n<p>\t<\/div><\/div><\/div>\n<\/div><\/p>\n","protected":false},"excerpt":{"rendered":"<p>Questions<\/p>\n","protected":false},"author":2,"featured_media":0,"parent":0,"menu_order":0,"comment_status":"closed","ping_status":"closed","template":"","meta":{"_acf_changed":false,"footnotes":""},"class_list":["post-1935","page","type-page","status-publish","hentry"],"acf":[],"yoast_head":"<!-- This site is optimized with the Yoast SEO plugin v24.7 - https:\/\/yoast.com\/wordpress\/plugins\/seo\/ -->\n<title>F.A.Q - Massage Spa<\/title>\n<meta name=\"robots\" content=\"index, follow, max-snippet:-1, max-image-preview:large, max-video-preview:-1\" \/>\n<link rel=\"canonical\" href=\"https:\/\/massagespa.gr\/faq\/\" \/>\n<meta property=\"og:locale\" content=\"fr_FR\" \/>\n<meta property=\"og:type\" content=\"article\" \/>\n<meta property=\"og:title\" content=\"-1340\" \/>\n<meta property=\"og:description\" content=\"30\" \/>\n<meta property=\"og:url\" content=\"https:\/\/massagespa.gr\/faq\/\" \/>\n<meta property=\"og:site_name\" content=\"Massage Spa\" \/>\n<meta property=\"article:modified_time\" content=\"2023-02-08T18:24:02+00:00\" \/>\n<meta name=\"twitter:card\" content=\"summary_large_image\" \/>\n<meta name=\"twitter:title\" content=\"F.A.Q\" \/>\n<meta name=\"twitter:description\" content=\"Frequently Asked Questions\" \/>\n<meta name=\"twitter:image\" content=\"https:\/\/massagespa.gr\/wp-content\/uploads\/2018\/07\/home-massage-athens.jpg\" \/>\n<meta name=\"twitter:label1\" content=\"Dur\u00e9e de lecture estim\u00e9e\" \/>\n\t<meta name=\"twitter:data1\" content=\"4 minutes\" \/>\n<script type=\"application\/ld+json\" class=\"yoast-schema-graph\">{\"@context\":\"https:\/\/schema.org\",\"@graph\":[{\"@type\":\"WebPage\",\"@id\":\"https:\/\/massagespa.gr\/faq\/\",\"url\":\"https:\/\/massagespa.gr\/faq\/\",\"name\":\"F.A.Q - Massage Spa\",\"isPartOf\":{\"@id\":\"https:\/\/massagespa.gr\/#website\"},\"datePublished\":\"2022-04-20T11:50:53+00:00\",\"dateModified\":\"2023-02-08T18:24:02+00:00\",\"breadcrumb\":{\"@id\":\"https:\/\/massagespa.gr\/faq\/#breadcrumb\"},\"inLanguage\":\"fr-FR\",\"potentialAction\":[{\"@type\":\"ReadAction\",\"target\":[\"https:\/\/massagespa.gr\/faq\/\"]}]},{\"@type\":\"BreadcrumbList\",\"@id\":\"https:\/\/massagespa.gr\/faq\/#breadcrumb\",\"itemListElement\":[{\"@type\":\"ListItem\",\"position\":1,\"name\":\"Home\",\"item\":\"https:\/\/massagespa.gr\/fr\/\"},{\"@type\":\"ListItem\",\"position\":2,\"name\":\"F.A.Q\"}]},{\"@type\":\"WebSite\",\"@id\":\"https:\/\/massagespa.gr\/#website\",\"url\":\"https:\/\/massagespa.gr\/\",\"name\":\"Massage Spa\",\"description\":\"\u039c\u03b1\u03c3\u03ac\u03b6 \u03c3\u03c4\u03bf \u03c3\u03c0\u03af\u03c4\u03b9 \u03c3\u03c4\u03b7\u03bd \u0391\u03b8\u03ae\u03bd\u03b1\",\"publisher\":{\"@id\":\"https:\/\/massagespa.gr\/#organization\"},\"potentialAction\":[{\"@type\":\"SearchAction\",\"target\":{\"@type\":\"EntryPoint\",\"urlTemplate\":\"https:\/\/massagespa.gr\/?s={search_term_string}\"},\"query-input\":{\"@type\":\"PropertyValueSpecification\",\"valueRequired\":true,\"valueName\":\"search_term_string\"}}],\"inLanguage\":\"fr-FR\"},{\"@type\":\"Organization\",\"@id\":\"https:\/\/massagespa.gr\/#organization\",\"name\":\"Massage Spa\",\"url\":\"https:\/\/massagespa.gr\/\",\"logo\":{\"@type\":\"ImageObject\",\"inLanguage\":\"fr-FR\",\"@id\":\"https:\/\/massagespa.gr\/#\/schema\/logo\/image\/\",\"url\":\"https:\/\/massagespa.gr\/wp-content\/uploads\/2023\/03\/massage-spa-official-logo.png\",\"contentUrl\":\"https:\/\/massagespa.gr\/wp-content\/uploads\/2023\/03\/massage-spa-official-logo.png\",\"width\":531,\"height\":129,\"caption\":\"Massage Spa\"},\"image\":{\"@id\":\"https:\/\/massagespa.gr\/#\/schema\/logo\/image\/\"}}]}<\/script>\n<!-- \/ Yoast SEO plugin. -->","yoast_head_json":{"title":"F.A.Q - Massage Spa","robots":{"index":"index","follow":"follow","max-snippet":"max-snippet:-1","max-image-preview":"max-image-preview:large","max-video-preview":"max-video-preview:-1"},"canonical":"https:\/\/massagespa.gr\/faq\/","og_locale":"fr_FR","og_type":"article","og_title":"-1340","og_description":"30","og_url":"https:\/\/massagespa.gr\/faq\/","og_site_name":"Massage Spa","article_modified_time":"2023-02-08T18:24:02+00:00","twitter_card":"summary_large_image","twitter_title":"F.A.Q","twitter_description":"Frequently Asked Questions","twitter_image":"https:\/\/massagespa.gr\/wp-content\/uploads\/2018\/07\/home-massage-athens.jpg","twitter_misc":{"Dur\u00e9e de lecture estim\u00e9e":"4 minutes"},"schema":{"@context":"https:\/\/schema.org","@graph":[{"@type":"WebPage","@id":"https:\/\/massagespa.gr\/faq\/","url":"https:\/\/massagespa.gr\/faq\/","name":"F.A.Q - Massage Spa","isPartOf":{"@id":"https:\/\/massagespa.gr\/#website"},"datePublished":"2022-04-20T11:50:53+00:00","dateModified":"2023-02-08T18:24:02+00:00","breadcrumb":{"@id":"https:\/\/massagespa.gr\/faq\/#breadcrumb"},"inLanguage":"fr-FR","potentialAction":[{"@type":"ReadAction","target":["https:\/\/massagespa.gr\/faq\/"]}]},{"@type":"BreadcrumbList","@id":"https:\/\/massagespa.gr\/faq\/#breadcrumb","itemListElement":[{"@type":"ListItem","position":1,"name":"Home","item":"https:\/\/massagespa.gr\/fr\/"},{"@type":"ListItem","position":2,"name":"F.A.Q"}]},{"@type":"WebSite","@id":"https:\/\/massagespa.gr\/#website","url":"https:\/\/massagespa.gr\/","name":"Massage Spa","description":"\u039c\u03b1\u03c3\u03ac\u03b6 \u03c3\u03c4\u03bf \u03c3\u03c0\u03af\u03c4\u03b9 \u03c3\u03c4\u03b7\u03bd \u0391\u03b8\u03ae\u03bd\u03b1","publisher":{"@id":"https:\/\/massagespa.gr\/#organization"},"potentialAction":[{"@type":"SearchAction","target":{"@type":"EntryPoint","urlTemplate":"https:\/\/massagespa.gr\/?s={search_term_string}"},"query-input":{"@type":"PropertyValueSpecification","valueRequired":true,"valueName":"search_term_string"}}],"inLanguage":"fr-FR"},{"@type":"Organization","@id":"https:\/\/massagespa.gr\/#organization","name":"Massage Spa","url":"https:\/\/massagespa.gr\/","logo":{"@type":"ImageObject","inLanguage":"fr-FR","@id":"https:\/\/massagespa.gr\/#\/schema\/logo\/image\/","url":"https:\/\/massagespa.gr\/wp-content\/uploads\/2023\/03\/massage-spa-official-logo.png","contentUrl":"https:\/\/massagespa.gr\/wp-content\/uploads\/2023\/03\/massage-spa-official-logo.png","width":531,"height":129,"caption":"Massage Spa"},"image":{"@id":"https:\/\/massagespa.gr\/#\/schema\/logo\/image\/"}}]}},"_links":{"self":[{"href":"https:\/\/massagespa.gr\/fr\/wp-json\/wp\/v2\/pages\/1935","targetHints":{"allow":["GET"]}}],"collection":[{"href":"https:\/\/massagespa.gr\/fr\/wp-json\/wp\/v2\/pages"}],"about":[{"href":"https:\/\/massagespa.gr\/fr\/wp-json\/wp\/v2\/types\/page"}],"author":[{"embeddable":true,"href":"https:\/\/massagespa.gr\/fr\/wp-json\/wp\/v2\/users\/2"}],"replies":[{"embeddable":true,"href":"https:\/\/massagespa.gr\/fr\/wp-json\/wp\/v2\/comments?post=1935"}],"version-history":[{"count":4,"href":"https:\/\/massagespa.gr\/fr\/wp-json\/wp\/v2\/pages\/1935\/revisions"}],"predecessor-version":[{"id":10975,"href":"https:\/\/massagespa.gr\/fr\/wp-json\/wp\/v2\/pages\/1935\/revisions\/10975"}],"wp:attachment":[{"href":"https:\/\/massagespa.gr\/fr\/wp-json\/wp\/v2\/media?parent=1935"}],"curies":[{"name":"wp","href":"https:\/\/api.w.org\/{rel}","templated":true}]}}